{"id":6591,"date":"2008-03-07T11:27:56","date_gmt":"2008-03-07T10:27:56","guid":{"rendered":"https:\/\/albertmora.com\/sobre\/"},"modified":"2022-01-30T18:57:08","modified_gmt":"2022-01-30T17:57:08","slug":"sobre","status":"publish","type":"page","link":"https:\/\/albertmora.com\/ca\/sobre\/","title":{"rendered":"Sobre"},"content":{"rendered":"\t\t<div data-elementor-type=\"wp-page\" data-elementor-id=\"6591\" class=\"elementor elementor-6591 elementor-17\" data-elementor-post-type=\"page\">\n\t\t\t\t\t\t<section class=\"elementor-section elementor-top-section elementor-element elementor-element-315c8fba elementor-section-boxed elementor-section-height-default elementor-section-height-default\" data-id=\"315c8fba\" data-element_type=\"section\" data-e-type=\"section\">\n\t\t\t\t\t\t<div class=\"elementor-container elementor-column-gap-default\">\n\t\t\t\t\t<div class=\"elementor-column elementor-col-100 elementor-top-column elementor-element elementor-element-5edc1720\" data-id=\"5edc1720\" data-element_type=\"column\" data-e-type=\"column\">\n\t\t\t<div class=\"elementor-widget-wrap elementor-element-populated\">\n\t\t\t\t\t\t<section class=\"elementor-section elementor-inner-section elementor-element elementor-element-728529f elementor-section-boxed elementor-section-height-default elementor-section-height-default\" data-id=\"728529f\" data-element_type=\"section\" data-e-type=\"section\">\n\t\t\t\t\t\t<div class=\"elementor-container elementor-column-gap-default\">\n\t\t\t\t\t<div class=\"elementor-column elementor-col-50 elementor-inner-column elementor-element elementor-element-ab9d7a9\" data-id=\"ab9d7a9\" data-element_type=\"column\" data-e-type=\"column\">\n\t\t\t<div class=\"elementor-widget-wrap elementor-element-populated\">\n\t\t\t\t\t\t<div class=\"elementor-element elementor-element-fe0b950 elementor-widget elementor-widget-image\" data-id=\"fe0b950\" data-element_type=\"widget\" data-e-type=\"widget\" data-widget_type=\"image.default\">\n\t\t\t\t<div class=\"elementor-widget-container\">\n\t\t\t\t\t\t\t\t\t\t\t\t\t\t\t<img fetchpriority=\"high\" decoding=\"async\" width=\"1024\" height=\"960\" src=\"https:\/\/albertmora.com\/wp-content\/uploads\/albert-mora-1024x960.jpg\" class=\"attachment-large size-large wp-image-6494\" alt=\"\" srcset=\"https:\/\/albertmora.com\/wp-content\/uploads\/albert-mora-1024x960.jpg 1024w, https:\/\/albertmora.com\/wp-content\/uploads\/albert-mora-600x562.jpg 600w, https:\/\/albertmora.com\/wp-content\/uploads\/albert-mora-300x281.jpg 300w, https:\/\/albertmora.com\/wp-content\/uploads\/albert-mora-768x720.jpg 768w, https:\/\/albertmora.com\/wp-content\/uploads\/albert-mora.jpg 1406w\" sizes=\"(max-width: 1024px) 100vw, 1024px\" \/>\t\t\t\t\t\t\t\t\t\t\t\t\t\t\t<\/div>\n\t\t\t\t<\/div>\n\t\t\t\t\t<\/div>\n\t\t<\/div>\n\t\t\t\t<div class=\"elementor-column elementor-col-50 elementor-inner-column elementor-element elementor-element-258a686\" data-id=\"258a686\" data-element_type=\"column\" data-e-type=\"column\">\n\t\t\t<div class=\"elementor-widget-wrap elementor-element-populated\">\n\t\t\t\t\t\t<div class=\"elementor-element elementor-element-38c4e45 elementor-widget elementor-widget-text-editor\" data-id=\"38c4e45\" data-element_type=\"widget\" data-e-type=\"widget\" data-widget_type=\"text-editor.default\">\n\t\t\t\t<div class=\"elementor-widget-container\">\n\t\t\t\t\t\t\t\t\t<h3>Albert Mora<br>(Barcelona, 1966)<\/h3>\t\t\t\t\t\t\t\t<\/div>\n\t\t\t\t<\/div>\n\t\t\t\t<div class=\"elementor-element elementor-element-a76f30c elementor-widget elementor-widget-text-editor\" data-id=\"a76f30c\" data-element_type=\"widget\" data-e-type=\"widget\" data-widget_type=\"text-editor.default\">\n\t\t\t\t<div class=\"elementor-widget-container\">\n\t\t\t\t\t\t\t\t\t<p>Albert Mora \u00e9s un economista i advocat que ha aturat una prol\u00edfica carrera professional en \u00e0mbits tan diversos com la banca corporativa, els derivats financers, el m\u00e0rqueting online o el comer\u00e7 electr\u00f2nic internacional; per centrar els seus esfor\u00e7os en diversos camps multim\u00e8dia. La seva activitat art\u00edstica es basa en la fotografia creativa, per\u00f2 inclou altres camps que van des de la creaci\u00f3 de canals de YouTube amb milions de visualitzacions fins a incursions en la pintura i el collage.<br>El seu treball fotogr\u00e0fic destaca pel tractament dels colors, el seu enfocament a la pictografia i el reflex de la seva passi\u00f3 pels viatges, que l&#8217;ha portat a visitar m\u00e9s de 50 pa\u00efsos d&#8217;arreu del m\u00f3n.<\/p><p><a href=\"https:\/\/albertmora.com\/contact\/\">P\u00e0gina de contacte<\/a><\/p>\t\t\t\t\t\t\t\t<\/div>\n\t\t\t\t<\/div>\n\t\t\t\t\t<\/div>\n\t\t<\/div>\n\t\t\t\t\t<\/div>\n\t\t<\/section>\n\t\t\t\t\t<\/div>\n\t\t<\/div>\n\t\t\t\t\t<\/div>\n\t\t<\/section>\n\t\t\t\t<section class=\"elementor-section elementor-top-section elementor-element elementor-element-688d95c elementor-section-boxed elementor-section-height-default elementor-section-height-default\" data-id=\"688d95c\" data-element_type=\"section\" data-e-type=\"section\">\n\t\t\t\t\t\t<div class=\"elementor-container elementor-column-gap-default\">\n\t\t\t\t\t<div class=\"elementor-column elementor-col-100 elementor-top-column elementor-element elementor-element-7d79c9f\" data-id=\"7d79c9f\" data-element_type=\"column\" data-e-type=\"column\">\n\t\t\t<div class=\"elementor-widget-wrap elementor-element-populated\">\n\t\t\t\t\t\t<div class=\"elementor-element elementor-element-2dd57ea elementor-widget elementor-widget-text-editor\" data-id=\"2dd57ea\" data-element_type=\"widget\" data-e-type=\"widget\" data-widget_type=\"text-editor.default\">\n\t\t\t\t<div class=\"elementor-widget-container\">\n\t\t\t\t\t\t\t\t\t<h3>Canal IP Network<\/h3><p>Tota l&#8217;obra gr\u00e0fica i fotogr\u00e0fica d&#8217;Albert Mora est\u00e0 distribu\u00efda i comercialitzada en exclusiva per Canal IP Network, una empresa fundada l&#8217;any 1994 i amb operacions a diversos pa\u00efsos, principalment Alemanya, Regne Unit, Fran\u00e7a, Espanya, It\u00e0lia i els Estats Units.<\/p><p><img decoding=\"async\" class=\"alignnone size-full wp-image-4152\" src=\"https:\/\/albertmora.com\/wp-content\/Untitled-4.jpg\" alt=\"\" width=\"1882\" height=\"752\" srcset=\"https:\/\/albertmora.com\/wp-content\/uploads\/Untitled-4.jpg 1882w, https:\/\/albertmora.com\/wp-content\/uploads\/Untitled-4-600x240.jpg 600w, https:\/\/albertmora.com\/wp-content\/uploads\/Untitled-4-300x120.jpg 300w, https:\/\/albertmora.com\/wp-content\/uploads\/Untitled-4-1024x409.jpg 1024w, https:\/\/albertmora.com\/wp-content\/uploads\/Untitled-4-768x307.jpg 768w, https:\/\/albertmora.com\/wp-content\/uploads\/Untitled-4-1536x614.jpg 1536w\" sizes=\"(max-width: 1882px) 100vw, 1882px\" \/><\/p><h3>Tal com es veu a<\/h3><p><img decoding=\"async\" class=\"alignnone size-full wp-image-4571\" src=\"https:\/\/albertmora.com\/wp-content\/asseen-1024x212-1.gif\" alt=\"\" width=\"1024\" height=\"212\"><\/p>\t\t\t\t\t\t\t\t<\/div>\n\t\t\t\t<\/div>\n\t\t\t\t\t<\/div>\n\t\t<\/div>\n\t\t\t\t\t<\/div>\n\t\t<\/section>\n\t\t\t\t<\/div>\n\t\t","protected":false},"excerpt":{"rendered":"<p>Albert Mora(Barcelona, 1966) Albert Mora \u00e9s un economista i advocat que ha aturat una prol\u00edfica carrera professional en \u00e0mbits tan diversos com la banca corporativa, els derivats financers, el m\u00e0rqueting online o el comer\u00e7 electr\u00f2nic internacional; per centrar els seus esfor\u00e7os en diversos camps multim\u00e8dia. La seva activitat art\u00edstica es basa en la fotografia creativa, &#8230; <a title=\"Sobre\" class=\"read-more\" href=\"https:\/\/albertmora.com\/ca\/sobre\/\" aria-label=\"M\u00e9s informaci\u00f3 sobre Sobre\">Llegiu m\u00e9s<\/a><\/p>\n","protected":false},"author":1,"featured_media":0,"parent":0,"menu_order":0,"comment_status":"open","ping_status":"open","template":"","meta":{"footnotes":""},"class_list":["post-6591","page","type-page","status-publish"],"yoast_head":"<!-- This site is optimized with the Yoast SEO plugin v27.5 - https:\/\/yoast.com\/product\/yoast-seo-wordpress\/ -->\n<title>Sobre - Albert Mora. Official Website<\/title>\n<meta name=\"robots\" content=\"index, follow, max-snippet:-1, max-image-preview:large, max-video-preview:-1\" \/>\n<link rel=\"canonical\" href=\"https:\/\/albertmora.com\/ca\/sobre\/\" \/>\n<meta property=\"og:locale\" content=\"ca_ES\" \/>\n<meta property=\"og:type\" content=\"article\" \/>\n<meta property=\"og:title\" content=\"Sobre - Albert Mora. Official Website\" \/>\n<meta property=\"og:description\" content=\"Albert Mora(Barcelona, 1966) Albert Mora \u00e9s un economista i advocat que ha aturat una prol\u00edfica carrera professional en \u00e0mbits tan diversos com la banca corporativa, els derivats financers, el m\u00e0rqueting online o el comer\u00e7 electr\u00f2nic internacional; per centrar els seus esfor\u00e7os en diversos camps multim\u00e8dia. La seva activitat art\u00edstica es basa en la fotografia creativa, ... Llegiu m\u00e9s\" \/>\n<meta property=\"og:url\" content=\"https:\/\/albertmora.com\/ca\/sobre\/\" \/>\n<meta property=\"og:site_name\" content=\"Albert Mora. Official Website\" \/>\n<meta property=\"article:modified_time\" content=\"2022-01-30T17:57:08+00:00\" \/>\n<meta property=\"og:image\" content=\"https:\/\/albertmora.com\/wp-content\/albert-mora-1024x960.jpg\" \/>\n<meta name=\"twitter:card\" content=\"summary_large_image\" \/>\n<meta name=\"twitter:label1\" content=\"Temps estimat de lectura\" \/>\n\t<meta name=\"twitter:data1\" content=\"1 minut\" \/>\n<script type=\"application\/ld+json\" class=\"yoast-schema-graph\">{\"@context\":\"https:\\\/\\\/schema.org\",\"@graph\":[{\"@type\":\"WebPage\",\"@id\":\"https:\\\/\\\/albertmora.com\\\/ca\\\/sobre\\\/\",\"url\":\"https:\\\/\\\/albertmora.com\\\/ca\\\/sobre\\\/\",\"name\":\"Sobre - Albert Mora. Official Website\",\"isPartOf\":{\"@id\":\"https:\\\/\\\/albertmora.com\\\/ca\\\/#website\"},\"primaryImageOfPage\":{\"@id\":\"https:\\\/\\\/albertmora.com\\\/ca\\\/sobre\\\/#primaryimage\"},\"image\":{\"@id\":\"https:\\\/\\\/albertmora.com\\\/ca\\\/sobre\\\/#primaryimage\"},\"thumbnailUrl\":\"https:\\\/\\\/albertmora.com\\\/wp-content\\\/albert-mora-1024x960.jpg\",\"datePublished\":\"2008-03-07T10:27:56+00:00\",\"dateModified\":\"2022-01-30T17:57:08+00:00\",\"breadcrumb\":{\"@id\":\"https:\\\/\\\/albertmora.com\\\/ca\\\/sobre\\\/#breadcrumb\"},\"inLanguage\":\"ca\",\"potentialAction\":[{\"@type\":\"ReadAction\",\"target\":[\"https:\\\/\\\/albertmora.com\\\/ca\\\/sobre\\\/\"]}]},{\"@type\":\"ImageObject\",\"inLanguage\":\"ca\",\"@id\":\"https:\\\/\\\/albertmora.com\\\/ca\\\/sobre\\\/#primaryimage\",\"url\":\"https:\\\/\\\/albertmora.com\\\/wp-content\\\/albert-mora-1024x960.jpg\",\"contentUrl\":\"https:\\\/\\\/albertmora.com\\\/wp-content\\\/albert-mora-1024x960.jpg\"},{\"@type\":\"BreadcrumbList\",\"@id\":\"https:\\\/\\\/albertmora.com\\\/ca\\\/sobre\\\/#breadcrumb\",\"itemListElement\":[{\"@type\":\"ListItem\",\"position\":1,\"name\":\"Home\",\"item\":\"https:\\\/\\\/albertmora.com\\\/ca\\\/\"},{\"@type\":\"ListItem\",\"position\":2,\"name\":\"Sobre\"}]},{\"@type\":\"WebSite\",\"@id\":\"https:\\\/\\\/albertmora.com\\\/ca\\\/#website\",\"url\":\"https:\\\/\\\/albertmora.com\\\/ca\\\/\",\"name\":\"Albert Mora. Official Website\",\"description\":\"\",\"potentialAction\":[{\"@type\":\"SearchAction\",\"target\":{\"@type\":\"EntryPoint\",\"urlTemplate\":\"https:\\\/\\\/albertmora.com\\\/ca\\\/?s={search_term_string}\"},\"query-input\":{\"@type\":\"PropertyValueSpecification\",\"valueRequired\":true,\"valueName\":\"search_term_string\"}}],\"inLanguage\":\"ca\"}]}<\/script>\n<!-- \/ Yoast SEO plugin. -->","yoast_head_json":{"title":"Sobre - Albert Mora. Official Website","robots":{"index":"index","follow":"follow","max-snippet":"max-snippet:-1","max-image-preview":"max-image-preview:large","max-video-preview":"max-video-preview:-1"},"canonical":"https:\/\/albertmora.com\/ca\/sobre\/","og_locale":"ca_ES","og_type":"article","og_title":"Sobre - Albert Mora. Official Website","og_description":"Albert Mora(Barcelona, 1966) Albert Mora \u00e9s un economista i advocat que ha aturat una prol\u00edfica carrera professional en \u00e0mbits tan diversos com la banca corporativa, els derivats financers, el m\u00e0rqueting online o el comer\u00e7 electr\u00f2nic internacional; per centrar els seus esfor\u00e7os en diversos camps multim\u00e8dia. La seva activitat art\u00edstica es basa en la fotografia creativa, ... Llegiu m\u00e9s","og_url":"https:\/\/albertmora.com\/ca\/sobre\/","og_site_name":"Albert Mora. Official Website","article_modified_time":"2022-01-30T17:57:08+00:00","og_image":[{"url":"https:\/\/albertmora.com\/wp-content\/albert-mora-1024x960.jpg","type":"","width":"","height":""}],"twitter_card":"summary_large_image","twitter_misc":{"Temps estimat de lectura":"1 minut"},"schema":{"@context":"https:\/\/schema.org","@graph":[{"@type":"WebPage","@id":"https:\/\/albertmora.com\/ca\/sobre\/","url":"https:\/\/albertmora.com\/ca\/sobre\/","name":"Sobre - Albert Mora. Official Website","isPartOf":{"@id":"https:\/\/albertmora.com\/ca\/#website"},"primaryImageOfPage":{"@id":"https:\/\/albertmora.com\/ca\/sobre\/#primaryimage"},"image":{"@id":"https:\/\/albertmora.com\/ca\/sobre\/#primaryimage"},"thumbnailUrl":"https:\/\/albertmora.com\/wp-content\/albert-mora-1024x960.jpg","datePublished":"2008-03-07T10:27:56+00:00","dateModified":"2022-01-30T17:57:08+00:00","breadcrumb":{"@id":"https:\/\/albertmora.com\/ca\/sobre\/#breadcrumb"},"inLanguage":"ca","potentialAction":[{"@type":"ReadAction","target":["https:\/\/albertmora.com\/ca\/sobre\/"]}]},{"@type":"ImageObject","inLanguage":"ca","@id":"https:\/\/albertmora.com\/ca\/sobre\/#primaryimage","url":"https:\/\/albertmora.com\/wp-content\/albert-mora-1024x960.jpg","contentUrl":"https:\/\/albertmora.com\/wp-content\/albert-mora-1024x960.jpg"},{"@type":"BreadcrumbList","@id":"https:\/\/albertmora.com\/ca\/sobre\/#breadcrumb","itemListElement":[{"@type":"ListItem","position":1,"name":"Home","item":"https:\/\/albertmora.com\/ca\/"},{"@type":"ListItem","position":2,"name":"Sobre"}]},{"@type":"WebSite","@id":"https:\/\/albertmora.com\/ca\/#website","url":"https:\/\/albertmora.com\/ca\/","name":"Albert Mora. Official Website","description":"","potentialAction":[{"@type":"SearchAction","target":{"@type":"EntryPoint","urlTemplate":"https:\/\/albertmora.com\/ca\/?s={search_term_string}"},"query-input":{"@type":"PropertyValueSpecification","valueRequired":true,"valueName":"search_term_string"}}],"inLanguage":"ca"}]}},"_links":{"self":[{"href":"https:\/\/albertmora.com\/ca\/wp-json\/wp\/v2\/pages\/6591","targetHints":{"allow":["GET"]}}],"collection":[{"href":"https:\/\/albertmora.com\/ca\/wp-json\/wp\/v2\/pages"}],"about":[{"href":"https:\/\/albertmora.com\/ca\/wp-json\/wp\/v2\/types\/page"}],"author":[{"embeddable":true,"href":"https:\/\/albertmora.com\/ca\/wp-json\/wp\/v2\/users\/1"}],"replies":[{"embeddable":true,"href":"https:\/\/albertmora.com\/ca\/wp-json\/wp\/v2\/comments?post=6591"}],"version-history":[{"count":0,"href":"https:\/\/albertmora.com\/ca\/wp-json\/wp\/v2\/pages\/6591\/revisions"}],"wp:attachment":[{"href":"https:\/\/albertmora.com\/ca\/wp-json\/wp\/v2\/media?parent=6591"}],"curies":[{"name":"wp","href":"https:\/\/api.w.org\/{rel}","templated":true}]}}