{"id":6644,"date":"2022-01-22T19:10:40","date_gmt":"2022-01-22T18:10:40","guid":{"rendered":"https:\/\/albertmora.com\/politica-de-privacitat\/"},"modified":"2022-01-30T19:37:36","modified_gmt":"2022-01-30T18:37:36","slug":"politica-de-privacitat","status":"publish","type":"page","link":"https:\/\/albertmora.com\/ca\/politica-de-privacitat\/","title":{"rendered":"Pol\u00edtica de privacitat"},"content":{"rendered":"\n<p>D&#8217;acord amb el que disposa la Llei espanyola de Protecci\u00f3 de Dades de Car\u00e0cter Personal, manifestem que:<\/p>\n\n<p>Totes les dades personals que els Usuaris facilitin a trav\u00e9s d&#8217;aquest lloc web (d&#8217;ara endavant \u201cel Lloc Web\u201d) seran emmagatzemades i tractades en els fitxers titularitat de CANAL IP NETWORK, S.L. (propietari de la marca Albert Mora&#x2122;), en endavant \u201cCANAL IP\u201d, amb la finalitat de mantenir i gestionar el Lloc Web i prestar els serveis i productes oferts al Lloc Web, aix\u00ed com per a la comunicaci\u00f3 amb els Usuaris a trav\u00e9s de correu electr\u00f2nic, fax, SMS, MMS, xarxes socials o qualsevol altre mitj\u00e0 electr\u00f2nic o f\u00edsic; pel que fa a ofertes, productes, serveis, continguts i descomptes relacionats amb productes o serveis per a festes, celebracions, activitats de lleure i temes relacionats amb l&#8217;educaci\u00f3 i el lleure infantil.. Si no desitja rebre aquests missatges, pot indicar-ho enviant un correu electr\u00f2nic. a la informaci\u00f3 [@] canalip.com.<\/p>\n\n<p>L&#8217;emplenament de totes les dades sol\u00b7licitades a trav\u00e9s del Lloc Web \u00e9s necessari per oferir una presentaci\u00f3 \u00f2ptima dels serveis i productes oferts a disposici\u00f3 de l&#8217;Usuari. Llevat que es faciliti tota la informaci\u00f3, CANAL IP no garanteix que la informaci\u00f3 i els serveis es puguin prestar, es prestin correctament o responguin a les necessitats de l&#8217;Usuari.<\/p>\n\n<p>Els Usuaris podran exercir els seus drets d&#8217;acc\u00e9s, rectificaci\u00f3, cancel\u00b7laci\u00f3 i oposici\u00f3, mitjan\u00e7ant comunicaci\u00f3 escrita i amb av\u00eds de recepci\u00f3, dirigida a CANAL IP NETWORK, S.L. Portal de Valldeix 23, 08301 Matar\u00f3, Catalunya, Espanya, o per correu electr\u00f2nic. a la informaci\u00f3 [@] canalip.com. En ambd\u00f3s casos, l&#8217;Usuari interessat haur\u00e0 d&#8217;adjuntar una c\u00f2pia del seu document nacional d&#8217;identitat, passaport o un altre document identificatiu en vigor.<\/p>\n\n<h2 class=\"wp-block-heading\">Obligacions de l&#8217;usuari<\/h2>\n\n<p>L&#8217;Usuari accepta la veracitat i exactitud de les dades facilitades i \u00e9s responsable d&#8217;informar a CANAL IP de qualsevol modificaci\u00f3 en les mateixes. L&#8217;Usuari es compromet a indemnitzar CANAL IP de qualsevol possible reclamaci\u00f3, multa o sanci\u00f3 que pugui haver de suportar com a conseq\u00fc\u00e8ncia de la violaci\u00f3 de l&#8217;Usuari d&#8217;aquesta Pol\u00edtica de privadesa.<\/p>\n\n<p>En registrar-se, comprar productes o serveis o utilitzar aquest Lloc Web, l&#8217;Usuari consent expressament al tractament autom\u00e0tic de les seves dades personals per part de CANAL IP.<\/p>\n\n<p>CANAL IP mant\u00e9 els nivells de seguretat de protecci\u00f3 de dades personals establerts en la legislaci\u00f3 espanyola vigent de protecci\u00f3 de dades personals.<\/p>\n\n<h2 class=\"wp-block-heading\">Galetes<\/h2>\n\n<p>Les cookies s\u00f3n fitxers enviats al navegador a trav\u00e9s d&#8217;un servidor web amb la finalitat de registrar les activitats de l&#8217;Usuari durant el seu temps de navegaci\u00f3. CANAL IP, per compte propi o del tercer, pot utilitzar diferents tipus de cookies en aquest Lloc Web:<\/p>\n\n<p>Cookies d&#8217;usabilitat: S&#8217;utilitzen per millorar l&#8217;experi\u00e8ncia de navegaci\u00f3 dels Usuaris.<\/p>\n\n<p>Cookies anal\u00edtiques web: S&#8217;utilitzen per mesurar diferents par\u00e0metres estad\u00edstics d&#8217;\u00fas del nostre lloc web (p\u00e0gines visualitzades, origen geogr\u00e0fic, durada de la visita&#8230;)<\/p>\n\n<p>Cookies publicit\u00e0ries: Permeten oferir publicitat segmentada tenint en compte les p\u00e0gines que un usuari ha visitat al nostre lloc web.<\/p>\n\n<p>La vida \u00fatil de les cookies dependr\u00e0 del tipus i ser\u00e0 sempre la m\u00ednima necess\u00e0ria per complir la seva finalitat.<\/p>\n\n<p>L&#8217;Usuari t\u00e9 la possibilitat de configurar el navegador per ser notificat de l&#8217;\u00fas de cookies i impedir la seva instal\u00b7laci\u00f3 a l&#8217;ordinador. Consulteu les instruccions i els manuals del vostre navegador per obtenir m\u00e9s informaci\u00f3.<\/p>\n\n<p>Per desactivar l&#8217;\u00fas de cookies al Firefox <a href=\"http:\/\/support.mozilla.org\/es\/kb\/habilitar-y-deshabilitar-cookies-que-los-sitios-we\">feu clic aqu\u00ed<\/a><\/p>\n\n<p>Per desactivar l&#8217;\u00fas de cookies a Chrome <a href=\"https:\/\/support.google.com\/chrome\/answer\/95647?hl=es\">, feu clic aqu\u00ed<\/a><\/p>\n\n<p>Per desactivar l&#8217;\u00fas de cookies a Safari <a href=\"http:\/\/support.apple.com\/kb\/ph5042\">feu clic aqu\u00ed<\/a><\/p>\n\n<p>Per desactivar l&#8217;\u00fas de cookies a Opera, <a href=\"http:\/\/help.opera.com\/Windows\/11.50\/es-ES\/cookies.html\">feu clic aqu\u00ed<\/a><\/p>\n\n<p>Per desactivar l&#8217;\u00fas de cookies a l&#8217;Explorador <a href=\"http:\/\/windows.microsoft.com\/es-es\/windows-vista\/block-or-allow-cookies\">, feu clic aqu\u00ed<\/a><\/p>\n\n<p>Per utilitzar el Lloc Web no \u00e9s necessari que l&#8217;Usuari permeti la instal\u00b7laci\u00f3 de les cookies enviades pel Lloc Web, o de tercers.<\/p>\n\n<h2 class=\"wp-block-heading\">Modificaci\u00f3 d&#8217;aquesta pol\u00edtica de privadesa<\/h2>\n\n<p>CANAL IP es reserva el dret de modificar aquesta pol\u00edtica de privadesa per a qualsevol adaptaci\u00f3 legal a futures legislacions o lleis, aix\u00ed com a pr\u00e0ctiques del sector.<\/p>\n\n<h2 class=\"wp-block-heading\">Autoritzaci\u00f3 per publicar el teu nom a la nostra llista de clients<\/h2>\n\n<p>Els contractistes de qualsevol dels serveis o productes oferts per CANAL IP Network SL autoritzen l&#8217;empresa a publicar el seu nom a la llista de clients, aix\u00ed com a descriure breument els resultats obtinguts.<\/p>\n\n<h2 class=\"wp-block-heading\">Com i quan revelem les dades personals<\/h2>\n\n<p>Canal IP no ven ni lloga dades personals a tercers. Compartim les vostres dades personals amb entitats de confian\u00e7a, tal com es descriu a continuaci\u00f3:<\/p>\n\n<p>&#8211; Per processar els pagaments en l\u00ednia, la nostra botiga utilitza la plataforma de pagament en l\u00ednia Stripe. Consulta aquest enlla\u00e7 per a m\u00e9s informaci\u00f3 <a href=\"https:\/\/stripe.com\/en-es\/privacy\" target=\"_blank\" rel=\"noreferrer noopener\">https:\/\/stripe.com\/en-es\/privacy<\/a><br\/>&#8211; Compartim dades personals amb un nombre limitat dels nostres prove\u00efdors de missatgeria, per lliurar els productes que heu comprat<br\/>&#8211; Compartim dades personals: (i) complir amb la legislaci\u00f3 aplicable, (ii) per fer complir els nostres drets contractuals; (iii) per respondre a sol\u00b7licituds de tribunals, ag\u00e8ncies d&#8217;aplicaci\u00f3 de la llei, ag\u00e8ncies reguladores i altres autoritats p\u00fabliques i governamentals, que poden incloure autoritats fora del vostre pa\u00eds de resid\u00e8ncia.<br\/>&#8211; Compartim dades personals amb un nombre limitat de tercers prove\u00efdors (empreses de missatgeria, empreses de comunicaci\u00f3, advocats i comptables, etc.) que ajuden al desenvolupament regular de l&#8217;activitat de l&#8217;empresa.<\/p>\n","protected":false},"excerpt":{"rendered":"<p>D&#8217;acord amb el que disposa la Llei espanyola de Protecci\u00f3 de Dades de Car\u00e0cter Personal, manifestem que: Totes les dades personals que els Usuaris facilitin a trav\u00e9s d&#8217;aquest lloc web (d&#8217;ara endavant \u201cel Lloc Web\u201d) seran emmagatzemades i tractades en els fitxers titularitat de CANAL IP NETWORK, S.L. (propietari de la marca Albert Mora&#x2122;), en &#8230; <a title=\"Pol\u00edtica de privacitat\" class=\"read-more\" href=\"https:\/\/albertmora.com\/ca\/politica-de-privacitat\/\" aria-label=\"M\u00e9s informaci\u00f3 sobre Pol\u00edtica de privacitat\">Llegiu m\u00e9s<\/a><\/p>\n","protected":false},"author":1,"featured_media":0,"parent":0,"menu_order":0,"comment_status":"closed","ping_status":"closed","template":"","meta":{"footnotes":""},"class_list":["post-6644","page","type-page","status-publish"],"yoast_head":"<!-- This site is optimized with the Yoast SEO plugin v27.4 - https:\/\/yoast.com\/product\/yoast-seo-wordpress\/ -->\n<title>Pol\u00edtica de privacitat - Albert Mora. Official Website<\/title>\n<meta name=\"robots\" content=\"index, follow, max-snippet:-1, max-image-preview:large, max-video-preview:-1\" \/>\n<link rel=\"canonical\" href=\"https:\/\/albertmora.com\/ca\/politica-de-privacitat\/\" \/>\n<meta property=\"og:locale\" content=\"ca_ES\" \/>\n<meta property=\"og:type\" content=\"article\" \/>\n<meta property=\"og:title\" content=\"Pol\u00edtica de privacitat - Albert Mora. Official Website\" \/>\n<meta property=\"og:description\" content=\"D&#8217;acord amb el que disposa la Llei espanyola de Protecci\u00f3 de Dades de Car\u00e0cter Personal, manifestem que: Totes les dades personals que els Usuaris facilitin a trav\u00e9s d&#8217;aquest lloc web (d&#8217;ara endavant \u201cel Lloc Web\u201d) seran emmagatzemades i tractades en els fitxers titularitat de CANAL IP NETWORK, S.L. (propietari de la marca Albert Mora&#x2122;), en ... Llegiu m\u00e9s\" \/>\n<meta property=\"og:url\" content=\"https:\/\/albertmora.com\/ca\/politica-de-privacitat\/\" \/>\n<meta property=\"og:site_name\" content=\"Albert Mora. Official Website\" \/>\n<meta property=\"article:modified_time\" content=\"2022-01-30T18:37:36+00:00\" \/>\n<meta name=\"twitter:card\" content=\"summary_large_image\" \/>\n<meta name=\"twitter:label1\" content=\"Temps estimat de lectura\" \/>\n\t<meta name=\"twitter:data1\" content=\"5 minuts\" \/>\n<script type=\"application\/ld+json\" class=\"yoast-schema-graph\">{\"@context\":\"https:\\\/\\\/schema.org\",\"@graph\":[{\"@type\":\"WebPage\",\"@id\":\"https:\\\/\\\/albertmora.com\\\/ca\\\/politica-de-privacitat\\\/\",\"url\":\"https:\\\/\\\/albertmora.com\\\/ca\\\/politica-de-privacitat\\\/\",\"name\":\"Pol\u00edtica de privacitat - Albert Mora. Official Website\",\"isPartOf\":{\"@id\":\"https:\\\/\\\/albertmora.com\\\/ca\\\/#website\"},\"datePublished\":\"2022-01-22T18:10:40+00:00\",\"dateModified\":\"2022-01-30T18:37:36+00:00\",\"breadcrumb\":{\"@id\":\"https:\\\/\\\/albertmora.com\\\/ca\\\/politica-de-privacitat\\\/#breadcrumb\"},\"inLanguage\":\"ca\",\"potentialAction\":[{\"@type\":\"ReadAction\",\"target\":[\"https:\\\/\\\/albertmora.com\\\/ca\\\/politica-de-privacitat\\\/\"]}]},{\"@type\":\"BreadcrumbList\",\"@id\":\"https:\\\/\\\/albertmora.com\\\/ca\\\/politica-de-privacitat\\\/#breadcrumb\",\"itemListElement\":[{\"@type\":\"ListItem\",\"position\":1,\"name\":\"Home\",\"item\":\"https:\\\/\\\/albertmora.com\\\/ca\\\/\"},{\"@type\":\"ListItem\",\"position\":2,\"name\":\"Pol\u00edtica de privacitat\"}]},{\"@type\":\"WebSite\",\"@id\":\"https:\\\/\\\/albertmora.com\\\/ca\\\/#website\",\"url\":\"https:\\\/\\\/albertmora.com\\\/ca\\\/\",\"name\":\"Albert Mora. Official Website\",\"description\":\"\",\"potentialAction\":[{\"@type\":\"SearchAction\",\"target\":{\"@type\":\"EntryPoint\",\"urlTemplate\":\"https:\\\/\\\/albertmora.com\\\/ca\\\/?s={search_term_string}\"},\"query-input\":{\"@type\":\"PropertyValueSpecification\",\"valueRequired\":true,\"valueName\":\"search_term_string\"}}],\"inLanguage\":\"ca\"}]}<\/script>\n<!-- \/ Yoast SEO plugin. -->","yoast_head_json":{"title":"Pol\u00edtica de privacitat - Albert Mora. Official Website","robots":{"index":"index","follow":"follow","max-snippet":"max-snippet:-1","max-image-preview":"max-image-preview:large","max-video-preview":"max-video-preview:-1"},"canonical":"https:\/\/albertmora.com\/ca\/politica-de-privacitat\/","og_locale":"ca_ES","og_type":"article","og_title":"Pol\u00edtica de privacitat - Albert Mora. Official Website","og_description":"D&#8217;acord amb el que disposa la Llei espanyola de Protecci\u00f3 de Dades de Car\u00e0cter Personal, manifestem que: Totes les dades personals que els Usuaris facilitin a trav\u00e9s d&#8217;aquest lloc web (d&#8217;ara endavant \u201cel Lloc Web\u201d) seran emmagatzemades i tractades en els fitxers titularitat de CANAL IP NETWORK, S.L. (propietari de la marca Albert Mora&#x2122;), en ... Llegiu m\u00e9s","og_url":"https:\/\/albertmora.com\/ca\/politica-de-privacitat\/","og_site_name":"Albert Mora. Official Website","article_modified_time":"2022-01-30T18:37:36+00:00","twitter_card":"summary_large_image","twitter_misc":{"Temps estimat de lectura":"5 minuts"},"schema":{"@context":"https:\/\/schema.org","@graph":[{"@type":"WebPage","@id":"https:\/\/albertmora.com\/ca\/politica-de-privacitat\/","url":"https:\/\/albertmora.com\/ca\/politica-de-privacitat\/","name":"Pol\u00edtica de privacitat - Albert Mora. Official Website","isPartOf":{"@id":"https:\/\/albertmora.com\/ca\/#website"},"datePublished":"2022-01-22T18:10:40+00:00","dateModified":"2022-01-30T18:37:36+00:00","breadcrumb":{"@id":"https:\/\/albertmora.com\/ca\/politica-de-privacitat\/#breadcrumb"},"inLanguage":"ca","potentialAction":[{"@type":"ReadAction","target":["https:\/\/albertmora.com\/ca\/politica-de-privacitat\/"]}]},{"@type":"BreadcrumbList","@id":"https:\/\/albertmora.com\/ca\/politica-de-privacitat\/#breadcrumb","itemListElement":[{"@type":"ListItem","position":1,"name":"Home","item":"https:\/\/albertmora.com\/ca\/"},{"@type":"ListItem","position":2,"name":"Pol\u00edtica de privacitat"}]},{"@type":"WebSite","@id":"https:\/\/albertmora.com\/ca\/#website","url":"https:\/\/albertmora.com\/ca\/","name":"Albert Mora. Official Website","description":"","potentialAction":[{"@type":"SearchAction","target":{"@type":"EntryPoint","urlTemplate":"https:\/\/albertmora.com\/ca\/?s={search_term_string}"},"query-input":{"@type":"PropertyValueSpecification","valueRequired":true,"valueName":"search_term_string"}}],"inLanguage":"ca"}]}},"_links":{"self":[{"href":"https:\/\/albertmora.com\/ca\/wp-json\/wp\/v2\/pages\/6644","targetHints":{"allow":["GET"]}}],"collection":[{"href":"https:\/\/albertmora.com\/ca\/wp-json\/wp\/v2\/pages"}],"about":[{"href":"https:\/\/albertmora.com\/ca\/wp-json\/wp\/v2\/types\/page"}],"author":[{"embeddable":true,"href":"https:\/\/albertmora.com\/ca\/wp-json\/wp\/v2\/users\/1"}],"replies":[{"embeddable":true,"href":"https:\/\/albertmora.com\/ca\/wp-json\/wp\/v2\/comments?post=6644"}],"version-history":[{"count":0,"href":"https:\/\/albertmora.com\/ca\/wp-json\/wp\/v2\/pages\/6644\/revisions"}],"wp:attachment":[{"href":"https:\/\/albertmora.com\/ca\/wp-json\/wp\/v2\/media?parent=6644"}],"curies":[{"name":"wp","href":"https:\/\/api.w.org\/{rel}","templated":true}]}}