{"id":7607,"date":"2022-02-03T20:04:33","date_gmt":"2022-02-03T19:04:33","guid":{"rendered":"https:\/\/albertmora.com\/promocio-per-a-interioristes-i-decoradors\/"},"modified":"2022-02-04T13:04:02","modified_gmt":"2022-02-04T12:04:02","slug":"promocio-per-a-interioristes-i-decoradors","status":"publish","type":"page","link":"https:\/\/albertmora.com\/ca\/promocio-per-a-interioristes-i-decoradors\/","title":{"rendered":"Promoci\u00f3 per a Interioristes i Decoradors"},"content":{"rendered":"\t\t<div data-elementor-type=\"wp-page\" data-elementor-id=\"7607\" class=\"elementor elementor-7607 elementor-7582\" data-elementor-post-type=\"page\">\n\t\t\t\t\t\t<section class=\"elementor-section elementor-top-section elementor-element elementor-element-f014d53 elementor-section-boxed elementor-section-height-default elementor-section-height-default\" data-id=\"f014d53\" data-element_type=\"section\" data-e-type=\"section\">\n\t\t\t\t\t\t<div class=\"elementor-container elementor-column-gap-default\">\n\t\t\t\t\t<div class=\"elementor-column elementor-col-100 elementor-top-column elementor-element elementor-element-70dc5f4\" data-id=\"70dc5f4\" data-element_type=\"column\" data-e-type=\"column\">\n\t\t\t<div class=\"elementor-widget-wrap elementor-element-populated\">\n\t\t\t\t\t\t<section class=\"elementor-section elementor-inner-section elementor-element elementor-element-9f6214e elementor-section-boxed elementor-section-height-default elementor-section-height-default\" data-id=\"9f6214e\" data-element_type=\"section\" data-e-type=\"section\">\n\t\t\t\t\t\t<div class=\"elementor-container elementor-column-gap-default\">\n\t\t\t\t\t<div class=\"elementor-column elementor-col-50 elementor-inner-column elementor-element elementor-element-2787057\" data-id=\"2787057\" data-element_type=\"column\" data-e-type=\"column\">\n\t\t\t<div class=\"elementor-widget-wrap elementor-element-populated\">\n\t\t\t\t\t\t<div class=\"elementor-element elementor-element-12022be elementor-widget elementor-widget-gallery\" data-id=\"12022be\" data-element_type=\"widget\" data-e-type=\"widget\" data-settings=\"{&quot;gallery_layout&quot;:&quot;justified&quot;,&quot;gap&quot;:{&quot;unit&quot;:&quot;px&quot;,&quot;size&quot;:1,&quot;sizes&quot;:[]},&quot;lazyload&quot;:&quot;yes&quot;,&quot;ideal_row_height&quot;:{&quot;unit&quot;:&quot;px&quot;,&quot;size&quot;:200,&quot;sizes&quot;:[]},&quot;ideal_row_height_tablet&quot;:{&quot;unit&quot;:&quot;px&quot;,&quot;size&quot;:150,&quot;sizes&quot;:[]},&quot;ideal_row_height_mobile&quot;:{&quot;unit&quot;:&quot;px&quot;,&quot;size&quot;:150,&quot;sizes&quot;:[]},&quot;gap_tablet&quot;:{&quot;unit&quot;:&quot;px&quot;,&quot;size&quot;:10,&quot;sizes&quot;:[]},&quot;gap_mobile&quot;:{&quot;unit&quot;:&quot;px&quot;,&quot;size&quot;:10,&quot;sizes&quot;:[]},&quot;link_to&quot;:&quot;file&quot;,&quot;overlay_background&quot;:&quot;yes&quot;,&quot;content_hover_animation&quot;:&quot;fade-in&quot;}\" data-widget_type=\"gallery.default\">\n\t\t\t\t<div class=\"elementor-widget-container\">\n\t\t\t\t\t\t\t<div class=\"elementor-gallery__container\">\n\t\t\t\t\t\t\t<a class=\"e-gallery-item elementor-gallery-item elementor-animated-content\" href=\"https:\/\/albertmora.com\/wp-content\/uploads\/st2.jpg\" data-elementor-open-lightbox=\"yes\" data-elementor-lightbox-slideshow=\"12022be\" data-elementor-lightbox-title=\"st2\" data-e-action-hash=\"#elementor-action%3Aaction%3Dlightbox%26settings%3DeyJpZCI6NjU2MiwidXJsIjoiaHR0cHM6XC9cL2FsYmVydG1vcmEuY29tXC93cC1jb250ZW50XC91cGxvYWRzXC9zdDIuanBnIiwic2xpZGVzaG93IjoiMTIwMjJiZSJ9\">\n\t\t\t\t\t<div class=\"e-gallery-image elementor-gallery-item__image\" data-thumbnail=\"https:\/\/albertmora.com\/wp-content\/uploads\/elementor\/thumbs\/st2-qerqi69jry4t6wd0epjvz73ahhddd0nf3pj3jvp8rk.jpg\" data-width=\"400\" data-height=\"400\" aria-label=\"\" role=\"img\" ><\/div>\n\t\t\t\t\t\t\t\t\t\t\t<div class=\"elementor-gallery-item__overlay\"><\/div>\n\t\t\t\t\t\t\t\t\t\t\t\t\t\t<\/a>\n\t\t\t\t\t\t\t<a class=\"e-gallery-item elementor-gallery-item elementor-animated-content\" href=\"https:\/\/albertmora.com\/wp-content\/uploads\/st.jpg\" data-elementor-open-lightbox=\"yes\" data-elementor-lightbox-slideshow=\"12022be\" data-elementor-lightbox-title=\"st\" data-e-action-hash=\"#elementor-action%3Aaction%3Dlightbox%26settings%3DeyJpZCI6NjU2MCwidXJsIjoiaHR0cHM6XC9cL2FsYmVydG1vcmEuY29tXC93cC1jb250ZW50XC91cGxvYWRzXC9zdC5qcGciLCJzbGlkZXNob3ciOiIxMjAyMmJlIn0%3D\">\n\t\t\t\t\t<div class=\"e-gallery-image elementor-gallery-item__image\" data-thumbnail=\"https:\/\/albertmora.com\/wp-content\/uploads\/elementor\/thumbs\/st-qerqi69jry4t6wd0epjvz73ahhddd0nf3pj3jvp8rk.jpg\" data-width=\"400\" data-height=\"400\" aria-label=\"\" role=\"img\" ><\/div>\n\t\t\t\t\t\t\t\t\t\t\t<div class=\"elementor-gallery-item__overlay\"><\/div>\n\t\t\t\t\t\t\t\t\t\t\t\t\t\t<\/a>\n\t\t\t\t\t\t\t<a class=\"e-gallery-item elementor-gallery-item elementor-animated-content\" href=\"https:\/\/albertmora.com\/wp-content\/uploads\/stockholm-2009-80x60-1.jpg\" data-elementor-open-lightbox=\"yes\" data-elementor-lightbox-slideshow=\"12022be\" data-elementor-lightbox-title=\"Estocolm-2009-80x60\" data-e-action-hash=\"#elementor-action%3Aaction%3Dlightbox%26settings%3DeyJpZCI6NjU1OCwidXJsIjoiaHR0cHM6XC9cL2FsYmVydG1vcmEuY29tXC93cC1jb250ZW50XC91cGxvYWRzXC9zdG9ja2hvbG0tMjAwOS04MHg2MC0xLmpwZyIsInNsaWRlc2hvdyI6IjEyMDIyYmUifQ%3D%3D\">\n\t\t\t\t\t<div class=\"e-gallery-image elementor-gallery-item__image\" data-thumbnail=\"https:\/\/albertmora.com\/wp-content\/uploads\/elementor\/thumbs\/stockholm-2009-80x60-1-qerqi69jry4t6wd0epjvz73ahhddd0nf3pj3jvp8rk.jpg\" data-width=\"400\" data-height=\"400\" aria-label=\"\" role=\"img\" ><\/div>\n\t\t\t\t\t\t\t\t\t\t\t<div class=\"elementor-gallery-item__overlay\"><\/div>\n\t\t\t\t\t\t\t\t\t\t\t\t\t\t<\/a>\n\t\t\t\t\t\t\t<a class=\"e-gallery-item elementor-gallery-item elementor-animated-content\" href=\"https:\/\/albertmora.com\/wp-content\/uploads\/albert-mora.jpg\" data-elementor-open-lightbox=\"yes\" data-elementor-lightbox-slideshow=\"12022be\" data-elementor-lightbox-title=\"albert mora\" data-e-action-hash=\"#elementor-action%3Aaction%3Dlightbox%26settings%3DeyJpZCI6NjQ5NCwidXJsIjoiaHR0cHM6XC9cL2FsYmVydG1vcmEuY29tXC93cC1jb250ZW50XC91cGxvYWRzXC9hbGJlcnQtbW9yYS5qcGciLCJzbGlkZXNob3ciOiIxMjAyMmJlIn0%3D\">\n\t\t\t\t\t<div class=\"e-gallery-image elementor-gallery-item__image\" data-thumbnail=\"https:\/\/albertmora.com\/wp-content\/uploads\/elementor\/thumbs\/albert-mora-qerqibwkwycj4k4thrzne5o21slkn79t4hg0fjgvq8.jpg\" data-width=\"400\" data-height=\"400\" aria-label=\"\" role=\"img\" ><\/div>\n\t\t\t\t\t\t\t\t\t\t\t<div class=\"elementor-gallery-item__overlay\"><\/div>\n\t\t\t\t\t\t\t\t\t\t\t\t\t\t<\/a>\n\t\t\t\t\t<\/div>\n\t\t\t\t\t<\/div>\n\t\t\t\t<\/div>\n\t\t\t\t\t<\/div>\n\t\t<\/div>\n\t\t\t\t<div class=\"elementor-column elementor-col-50 elementor-inner-column elementor-element elementor-element-16233ed\" data-id=\"16233ed\" data-element_type=\"column\" data-e-type=\"column\">\n\t\t\t<div class=\"elementor-widget-wrap elementor-element-populated\">\n\t\t\t\t\t\t<div class=\"elementor-element elementor-element-2436ed7 elementor-widget elementor-widget-text-editor\" data-id=\"2436ed7\" data-element_type=\"widget\" data-e-type=\"widget\" data-widget_type=\"text-editor.default\">\n\t\t\t\t<div class=\"elementor-widget-container\">\n\t\t\t\t\t\t\t\t\t<p><span style=\"font-size: 36pt;\">Promoci\u00f3 20% de descompte<\/span><\/p><p><span style=\"font-size: 18pt; color: #ff0000;\">(acaba en uns dies)<\/span><\/p><p>Oferta especial per a interioristes i decoradors Utilitzeu el seg\u00fcent cup\u00f3 per obtenir un <span style=\"font-size: 24pt;\"><strong>20%<\/strong><\/span> de descompte en <a href=\"https:\/\/albertmora.com\/ca\/totes-les-fotos\/\" target=\"_blank\" rel=\"noopener\"><span style=\"font-size: 24pt;\">totes les obres.<\/span><\/a><\/p><p>Utilitzeu aquest cup\u00f3 a la caixa: <span style=\"font-size: 24pt;\"><strong>decoplus<\/strong><\/span><\/p><p><a href=\"https:\/\/albertmora.com\/ca\/sobre\/\" target=\"_blank\" rel=\"noopener\">Sobre l&#8217;autor<\/a><\/p><p><a href=\"https:\/\/albertmora.com\/ca\/contacte\/\" target=\"_blank\" rel=\"noopener\">Contacta amb nosaltres<\/a><\/p>\t\t\t\t\t\t\t\t<\/div>\n\t\t\t\t<\/div>\n\t\t\t\t\t<\/div>\n\t\t<\/div>\n\t\t\t\t\t<\/div>\n\t\t<\/section>\n\t\t\t\t\t<\/div>\n\t\t<\/div>\n\t\t\t\t\t<\/div>\n\t\t<\/section>\n\t\t\t\t<\/div>\n\t\t","protected":false},"excerpt":{"rendered":"<p>Promoci\u00f3 20% de descompte (acaba en uns dies) Oferta especial per a interioristes i decoradors Utilitzeu el seg\u00fcent cup\u00f3 per obtenir un 20% de descompte en totes les obres. Utilitzeu aquest cup\u00f3 a la caixa: decoplus Sobre l&#8217;autor Contacta amb nosaltres<\/p>\n","protected":false},"author":1,"featured_media":0,"parent":0,"menu_order":0,"comment_status":"closed","ping_status":"closed","template":"","meta":{"footnotes":""},"class_list":["post-7607","page","type-page","status-publish"],"yoast_head":"<!-- This site is optimized with the Yoast SEO plugin v27.4 - https:\/\/yoast.com\/product\/yoast-seo-wordpress\/ -->\n<title>Promoci\u00f3 per a Interioristes i Decoradors - Albert Mora. Official Website<\/title>\n<meta name=\"robots\" content=\"index, follow, max-snippet:-1, max-image-preview:large, max-video-preview:-1\" \/>\n<link rel=\"canonical\" href=\"https:\/\/albertmora.com\/ca\/promocio-per-a-interioristes-i-decoradors\/\" \/>\n<meta property=\"og:locale\" content=\"ca_ES\" \/>\n<meta property=\"og:type\" content=\"article\" \/>\n<meta property=\"og:title\" content=\"Promoci\u00f3 per a Interioristes i Decoradors - Albert Mora. Official Website\" \/>\n<meta property=\"og:description\" content=\"Promoci\u00f3 20% de descompte (acaba en uns dies) Oferta especial per a interioristes i decoradors Utilitzeu el seg\u00fcent cup\u00f3 per obtenir un 20% de descompte en totes les obres. Utilitzeu aquest cup\u00f3 a la caixa: decoplus Sobre l&#8217;autor Contacta amb nosaltres\" \/>\n<meta property=\"og:url\" content=\"https:\/\/albertmora.com\/ca\/promocio-per-a-interioristes-i-decoradors\/\" \/>\n<meta property=\"og:site_name\" content=\"Albert Mora. Official Website\" \/>\n<meta property=\"article:modified_time\" content=\"2022-02-04T12:04:02+00:00\" \/>\n<meta name=\"twitter:card\" content=\"summary_large_image\" \/>\n<script type=\"application\/ld+json\" class=\"yoast-schema-graph\">{\"@context\":\"https:\\\/\\\/schema.org\",\"@graph\":[{\"@type\":\"WebPage\",\"@id\":\"https:\\\/\\\/albertmora.com\\\/ca\\\/promocio-per-a-interioristes-i-decoradors\\\/\",\"url\":\"https:\\\/\\\/albertmora.com\\\/ca\\\/promocio-per-a-interioristes-i-decoradors\\\/\",\"name\":\"Promoci\u00f3 per a Interioristes i Decoradors - Albert Mora. Official Website\",\"isPartOf\":{\"@id\":\"https:\\\/\\\/albertmora.com\\\/ca\\\/#website\"},\"datePublished\":\"2022-02-03T19:04:33+00:00\",\"dateModified\":\"2022-02-04T12:04:02+00:00\",\"breadcrumb\":{\"@id\":\"https:\\\/\\\/albertmora.com\\\/ca\\\/promocio-per-a-interioristes-i-decoradors\\\/#breadcrumb\"},\"inLanguage\":\"ca\",\"potentialAction\":[{\"@type\":\"ReadAction\",\"target\":[\"https:\\\/\\\/albertmora.com\\\/ca\\\/promocio-per-a-interioristes-i-decoradors\\\/\"]}]},{\"@type\":\"BreadcrumbList\",\"@id\":\"https:\\\/\\\/albertmora.com\\\/ca\\\/promocio-per-a-interioristes-i-decoradors\\\/#breadcrumb\",\"itemListElement\":[{\"@type\":\"ListItem\",\"position\":1,\"name\":\"Home\",\"item\":\"https:\\\/\\\/albertmora.com\\\/ca\\\/\"},{\"@type\":\"ListItem\",\"position\":2,\"name\":\"Promoci\u00f3 per a Interioristes i Decoradors\"}]},{\"@type\":\"WebSite\",\"@id\":\"https:\\\/\\\/albertmora.com\\\/ca\\\/#website\",\"url\":\"https:\\\/\\\/albertmora.com\\\/ca\\\/\",\"name\":\"Albert Mora. Official Website\",\"description\":\"\",\"potentialAction\":[{\"@type\":\"SearchAction\",\"target\":{\"@type\":\"EntryPoint\",\"urlTemplate\":\"https:\\\/\\\/albertmora.com\\\/ca\\\/?s={search_term_string}\"},\"query-input\":{\"@type\":\"PropertyValueSpecification\",\"valueRequired\":true,\"valueName\":\"search_term_string\"}}],\"inLanguage\":\"ca\"}]}<\/script>\n<!-- \/ Yoast SEO plugin. -->","yoast_head_json":{"title":"Promoci\u00f3 per a Interioristes i Decoradors - Albert Mora. Official Website","robots":{"index":"index","follow":"follow","max-snippet":"max-snippet:-1","max-image-preview":"max-image-preview:large","max-video-preview":"max-video-preview:-1"},"canonical":"https:\/\/albertmora.com\/ca\/promocio-per-a-interioristes-i-decoradors\/","og_locale":"ca_ES","og_type":"article","og_title":"Promoci\u00f3 per a Interioristes i Decoradors - Albert Mora. Official Website","og_description":"Promoci\u00f3 20% de descompte (acaba en uns dies) Oferta especial per a interioristes i decoradors Utilitzeu el seg\u00fcent cup\u00f3 per obtenir un 20% de descompte en totes les obres. Utilitzeu aquest cup\u00f3 a la caixa: decoplus Sobre l&#8217;autor Contacta amb nosaltres","og_url":"https:\/\/albertmora.com\/ca\/promocio-per-a-interioristes-i-decoradors\/","og_site_name":"Albert Mora. Official Website","article_modified_time":"2022-02-04T12:04:02+00:00","twitter_card":"summary_large_image","schema":{"@context":"https:\/\/schema.org","@graph":[{"@type":"WebPage","@id":"https:\/\/albertmora.com\/ca\/promocio-per-a-interioristes-i-decoradors\/","url":"https:\/\/albertmora.com\/ca\/promocio-per-a-interioristes-i-decoradors\/","name":"Promoci\u00f3 per a Interioristes i Decoradors - Albert Mora. Official Website","isPartOf":{"@id":"https:\/\/albertmora.com\/ca\/#website"},"datePublished":"2022-02-03T19:04:33+00:00","dateModified":"2022-02-04T12:04:02+00:00","breadcrumb":{"@id":"https:\/\/albertmora.com\/ca\/promocio-per-a-interioristes-i-decoradors\/#breadcrumb"},"inLanguage":"ca","potentialAction":[{"@type":"ReadAction","target":["https:\/\/albertmora.com\/ca\/promocio-per-a-interioristes-i-decoradors\/"]}]},{"@type":"BreadcrumbList","@id":"https:\/\/albertmora.com\/ca\/promocio-per-a-interioristes-i-decoradors\/#breadcrumb","itemListElement":[{"@type":"ListItem","position":1,"name":"Home","item":"https:\/\/albertmora.com\/ca\/"},{"@type":"ListItem","position":2,"name":"Promoci\u00f3 per a Interioristes i Decoradors"}]},{"@type":"WebSite","@id":"https:\/\/albertmora.com\/ca\/#website","url":"https:\/\/albertmora.com\/ca\/","name":"Albert Mora. Official Website","description":"","potentialAction":[{"@type":"SearchAction","target":{"@type":"EntryPoint","urlTemplate":"https:\/\/albertmora.com\/ca\/?s={search_term_string}"},"query-input":{"@type":"PropertyValueSpecification","valueRequired":true,"valueName":"search_term_string"}}],"inLanguage":"ca"}]}},"_links":{"self":[{"href":"https:\/\/albertmora.com\/ca\/wp-json\/wp\/v2\/pages\/7607","targetHints":{"allow":["GET"]}}],"collection":[{"href":"https:\/\/albertmora.com\/ca\/wp-json\/wp\/v2\/pages"}],"about":[{"href":"https:\/\/albertmora.com\/ca\/wp-json\/wp\/v2\/types\/page"}],"author":[{"embeddable":true,"href":"https:\/\/albertmora.com\/ca\/wp-json\/wp\/v2\/users\/1"}],"replies":[{"embeddable":true,"href":"https:\/\/albertmora.com\/ca\/wp-json\/wp\/v2\/comments?post=7607"}],"version-history":[{"count":0,"href":"https:\/\/albertmora.com\/ca\/wp-json\/wp\/v2\/pages\/7607\/revisions"}],"wp:attachment":[{"href":"https:\/\/albertmora.com\/ca\/wp-json\/wp\/v2\/media?parent=7607"}],"curies":[{"name":"wp","href":"https:\/\/api.w.org\/{rel}","templated":true}]}}