{"id":8722,"date":"2022-04-06T12:02:37","date_gmt":"2022-04-06T11:02:37","guid":{"rendered":"https:\/\/albertmora.com\/nft\/"},"modified":"2022-04-06T12:31:50","modified_gmt":"2022-04-06T11:31:50","slug":"nft","status":"publish","type":"page","link":"https:\/\/albertmora.com\/ca\/nft\/","title":{"rendered":"NFT"},"content":{"rendered":"\t\t<div data-elementor-type=\"wp-page\" data-elementor-id=\"8722\" class=\"elementor elementor-8722 elementor-8720\" data-elementor-post-type=\"page\">\n\t\t\t\t\t\t<section class=\"elementor-section elementor-top-section elementor-element elementor-element-32d2f6d9 elementor-section-boxed elementor-section-height-default elementor-section-height-default\" data-id=\"32d2f6d9\" data-element_type=\"section\" data-e-type=\"section\">\n\t\t\t\t\t\t<div class=\"elementor-container elementor-column-gap-default\">\n\t\t\t\t\t<div class=\"elementor-column elementor-col-100 elementor-top-column elementor-element elementor-element-6e69ea2b\" data-id=\"6e69ea2b\" data-element_type=\"column\" data-e-type=\"column\">\n\t\t\t<div class=\"elementor-widget-wrap elementor-element-populated\">\n\t\t\t\t\t\t<section class=\"elementor-section elementor-inner-section elementor-element elementor-element-0147eb2 elementor-section-boxed elementor-section-height-default elementor-section-height-default\" data-id=\"0147eb2\" data-element_type=\"section\" data-e-type=\"section\">\n\t\t\t\t\t\t<div class=\"elementor-container elementor-column-gap-default\">\n\t\t\t\t\t<div class=\"elementor-column elementor-col-50 elementor-inner-column elementor-element elementor-element-ec7fb0a\" data-id=\"ec7fb0a\" data-element_type=\"column\" data-e-type=\"column\">\n\t\t\t<div class=\"elementor-widget-wrap elementor-element-populated\">\n\t\t\t\t\t\t<div class=\"elementor-element elementor-element-c3a5f13 elementor-widget elementor-widget-text-editor\" data-id=\"c3a5f13\" data-element_type=\"widget\" data-e-type=\"widget\" data-widget_type=\"text-editor.default\">\n\t\t\t\t<div class=\"elementor-widget-container\">\n\t\t\t\t\t\t\t\t\t<h2>Curs gratu\u00eft de NFT <\/h2>\n<p><a href=\"https:\/\/albertmora.com\/es\/curso-nft-gratis\/\" target=\"_blank\" rel=\"noopener\"><strong>Curs gratu\u00eft de NFT (versi\u00f3 en castell\u00e0)<\/strong><\/a><\/p>\n<h2>Canals NFT de Youtube<strong><br><\/strong><\/h2>\n<p><strong><a href=\"https:\/\/www.youtube.com\/channel\/UCJItuMyUAAXM0HAvFUokFHg\" target=\"_blank\" rel=\"noopener\">Canal NFT Angl\u00e8s<\/a><\/strong><br><strong><a href=\"https:\/\/www.youtube.com\/channel\/UCPc3m6VJkTgUOcKkcIL3GLw\" target=\"_blank\" rel=\"noopener\">Canal NFT espanyol<\/a><\/strong><\/p>\n<h2>Mitjans Socials NFT<\/h2>\n<p><strong><a href=\"https:\/\/twitter.com\/albertmora\" target=\"_blank\" rel=\"noopener\">Twitter<\/a><\/strong><br><strong><a href=\"https:\/\/www.linkedin.com\/in\/albertmora\/\" target=\"_blank\" rel=\"noopener\">Linkedin<\/a><\/strong><\/p>\t\t\t\t\t\t\t\t<\/div>\n\t\t\t\t<\/div>\n\t\t\t\t\t<\/div>\n\t\t<\/div>\n\t\t\t\t<div class=\"elementor-column elementor-col-50 elementor-inner-column elementor-element elementor-element-8745d6d\" data-id=\"8745d6d\" data-element_type=\"column\" data-e-type=\"column\">\n\t\t\t<div class=\"elementor-widget-wrap elementor-element-populated\">\n\t\t\t\t\t\t<div class=\"elementor-element elementor-element-cd5c364 elementor-widget elementor-widget-text-editor\" data-id=\"cd5c364\" data-element_type=\"widget\" data-e-type=\"widget\" data-widget_type=\"text-editor.default\">\n\t\t\t\t<div class=\"elementor-widget-container\">\n\t\t\t\t\t\t\t\t\t<h1>Nova col\u00b7lecci\u00f3 NFT<\/h1>\n<p>La nostra primera col\u00b7lecci\u00f3 NFT estar\u00e0 disponible aquesta tardor (2022). Utilitzeu aquest formulari si voleu un acc\u00e9s preferent a les NFT i\/o voleu m\u00e9s informaci\u00f3.<\/p>\t\t\t\t\t\t\t\t<\/div>\n\t\t\t\t<\/div>\n\t\t\t\t<div class=\"elementor-element elementor-element-245c2c51 elementor-widget elementor-widget-text-editor\" data-id=\"245c2c51\" data-element_type=\"widget\" data-e-type=\"widget\" data-widget_type=\"text-editor.default\">\n\t\t\t\t<div class=\"elementor-widget-container\">\n\t\t\t\t\t\t\t\t\t\n<p>Utilitzeu aquest formulari per contactar amb nosaltres:<\/p>\n<p>[wpforms id=&#8221;4059&#8243;]<\/p>\n\t\t\t\t\t\t\t\t<\/div>\n\t\t\t\t<\/div>\n\t\t\t\t\t<\/div>\n\t\t<\/div>\n\t\t\t\t\t<\/div>\n\t\t<\/section>\n\t\t\t\t\t<\/div>\n\t\t<\/div>\n\t\t\t\t\t<\/div>\n\t\t<\/section>\n\t\t\t\t<section class=\"elementor-section elementor-top-section elementor-element elementor-element-34a97e4 elementor-section-boxed elementor-section-height-default elementor-section-height-default\" data-id=\"34a97e4\" data-element_type=\"section\" data-e-type=\"section\">\n\t\t\t\t\t\t<div class=\"elementor-container elementor-column-gap-default\">\n\t\t\t\t\t<div class=\"elementor-column elementor-col-100 elementor-top-column elementor-element elementor-element-70a2366\" data-id=\"70a2366\" data-element_type=\"column\" data-e-type=\"column\">\n\t\t\t<div class=\"elementor-widget-wrap\">\n\t\t\t\t\t\t\t<\/div>\n\t\t<\/div>\n\t\t\t\t\t<\/div>\n\t\t<\/section>\n\t\t\t\t<section class=\"elementor-section elementor-top-section elementor-element elementor-element-4530ee0 elementor-section-boxed elementor-section-height-default elementor-section-height-default\" data-id=\"4530ee0\" data-element_type=\"section\" data-e-type=\"section\">\n\t\t\t\t\t\t<div class=\"elementor-container elementor-column-gap-default\">\n\t\t\t\t\t<div class=\"elementor-column elementor-col-100 elementor-top-column elementor-element elementor-element-2de555d\" data-id=\"2de555d\" data-element_type=\"column\" data-e-type=\"column\">\n\t\t\t<div class=\"elementor-widget-wrap elementor-element-populated\">\n\t\t\t\t\t\t<div class=\"elementor-element elementor-element-e780c15 elementor-widget elementor-widget-heading\" data-id=\"e780c15\" data-element_type=\"widget\" data-e-type=\"widget\" data-widget_type=\"heading.default\">\n\t\t\t\t<div class=\"elementor-widget-container\">\n\t\t\t\t\t<h2 class=\"elementor-heading-title elementor-size-default\">Bloc de NFT<\/h2>\t\t\t\t<\/div>\n\t\t\t\t<\/div>\n\t\t\t\t\t<\/div>\n\t\t<\/div>\n\t\t\t\t\t<\/div>\n\t\t<\/section>\n\t\t\t\t<\/div>\n\t\t","protected":false},"excerpt":{"rendered":"<p>Curs gratu\u00eft de NFT Curs gratu\u00eft de NFT (versi\u00f3 en castell\u00e0) Canals NFT de Youtube Canal NFT Angl\u00e8sCanal NFT espanyol Mitjans Socials NFT TwitterLinkedin Nova col\u00b7lecci\u00f3 NFT La nostra primera col\u00b7lecci\u00f3 NFT estar\u00e0 disponible aquesta tardor (2022). Utilitzeu aquest formulari si voleu un acc\u00e9s preferent a les NFT i\/o voleu m\u00e9s informaci\u00f3. Utilitzeu aquest formulari &#8230; <a title=\"NFT\" class=\"read-more\" href=\"https:\/\/albertmora.com\/ca\/nft\/\" aria-label=\"M\u00e9s informaci\u00f3 sobre NFT\">Llegiu m\u00e9s<\/a><\/p>\n","protected":false},"author":1,"featured_media":0,"parent":0,"menu_order":0,"comment_status":"closed","ping_status":"open","template":"","meta":{"footnotes":""},"class_list":["post-8722","page","type-page","status-publish"],"yoast_head":"<!-- This site is optimized with the Yoast SEO plugin v27.4 - https:\/\/yoast.com\/product\/yoast-seo-wordpress\/ -->\n<title>NFT - Albert Mora. Official Website<\/title>\n<meta name=\"robots\" content=\"index, follow, max-snippet:-1, max-image-preview:large, max-video-preview:-1\" \/>\n<link rel=\"canonical\" href=\"https:\/\/albertmora.com\/ca\/nft\/\" \/>\n<meta property=\"og:locale\" content=\"ca_ES\" \/>\n<meta property=\"og:type\" content=\"article\" \/>\n<meta property=\"og:title\" content=\"NFT - Albert Mora. Official Website\" \/>\n<meta property=\"og:description\" content=\"Curs gratu\u00eft de NFT Curs gratu\u00eft de NFT (versi\u00f3 en castell\u00e0) Canals NFT de Youtube Canal NFT Angl\u00e8sCanal NFT espanyol Mitjans Socials NFT TwitterLinkedin Nova col\u00b7lecci\u00f3 NFT La nostra primera col\u00b7lecci\u00f3 NFT estar\u00e0 disponible aquesta tardor (2022). Utilitzeu aquest formulari si voleu un acc\u00e9s preferent a les NFT i\/o voleu m\u00e9s informaci\u00f3. Utilitzeu aquest formulari ... Llegiu m\u00e9s\" \/>\n<meta property=\"og:url\" content=\"https:\/\/albertmora.com\/ca\/nft\/\" \/>\n<meta property=\"og:site_name\" content=\"Albert Mora. Official Website\" \/>\n<meta property=\"article:modified_time\" content=\"2022-04-06T11:31:50+00:00\" \/>\n<meta name=\"twitter:card\" content=\"summary_large_image\" \/>\n<script type=\"application\/ld+json\" class=\"yoast-schema-graph\">{\"@context\":\"https:\\\/\\\/schema.org\",\"@graph\":[{\"@type\":\"WebPage\",\"@id\":\"https:\\\/\\\/albertmora.com\\\/ca\\\/nft\\\/\",\"url\":\"https:\\\/\\\/albertmora.com\\\/ca\\\/nft\\\/\",\"name\":\"NFT - Albert Mora. Official Website\",\"isPartOf\":{\"@id\":\"https:\\\/\\\/albertmora.com\\\/ca\\\/#website\"},\"datePublished\":\"2022-04-06T11:02:37+00:00\",\"dateModified\":\"2022-04-06T11:31:50+00:00\",\"breadcrumb\":{\"@id\":\"https:\\\/\\\/albertmora.com\\\/ca\\\/nft\\\/#breadcrumb\"},\"inLanguage\":\"ca\",\"potentialAction\":[{\"@type\":\"ReadAction\",\"target\":[\"https:\\\/\\\/albertmora.com\\\/ca\\\/nft\\\/\"]}]},{\"@type\":\"BreadcrumbList\",\"@id\":\"https:\\\/\\\/albertmora.com\\\/ca\\\/nft\\\/#breadcrumb\",\"itemListElement\":[{\"@type\":\"ListItem\",\"position\":1,\"name\":\"Home\",\"item\":\"https:\\\/\\\/albertmora.com\\\/ca\\\/\"},{\"@type\":\"ListItem\",\"position\":2,\"name\":\"NFT\"}]},{\"@type\":\"WebSite\",\"@id\":\"https:\\\/\\\/albertmora.com\\\/ca\\\/#website\",\"url\":\"https:\\\/\\\/albertmora.com\\\/ca\\\/\",\"name\":\"Albert Mora. Official Website\",\"description\":\"\",\"potentialAction\":[{\"@type\":\"SearchAction\",\"target\":{\"@type\":\"EntryPoint\",\"urlTemplate\":\"https:\\\/\\\/albertmora.com\\\/ca\\\/?s={search_term_string}\"},\"query-input\":{\"@type\":\"PropertyValueSpecification\",\"valueRequired\":true,\"valueName\":\"search_term_string\"}}],\"inLanguage\":\"ca\"}]}<\/script>\n<!-- \/ Yoast SEO plugin. -->","yoast_head_json":{"title":"NFT - Albert Mora. Official Website","robots":{"index":"index","follow":"follow","max-snippet":"max-snippet:-1","max-image-preview":"max-image-preview:large","max-video-preview":"max-video-preview:-1"},"canonical":"https:\/\/albertmora.com\/ca\/nft\/","og_locale":"ca_ES","og_type":"article","og_title":"NFT - Albert Mora. Official Website","og_description":"Curs gratu\u00eft de NFT Curs gratu\u00eft de NFT (versi\u00f3 en castell\u00e0) Canals NFT de Youtube Canal NFT Angl\u00e8sCanal NFT espanyol Mitjans Socials NFT TwitterLinkedin Nova col\u00b7lecci\u00f3 NFT La nostra primera col\u00b7lecci\u00f3 NFT estar\u00e0 disponible aquesta tardor (2022). Utilitzeu aquest formulari si voleu un acc\u00e9s preferent a les NFT i\/o voleu m\u00e9s informaci\u00f3. Utilitzeu aquest formulari ... Llegiu m\u00e9s","og_url":"https:\/\/albertmora.com\/ca\/nft\/","og_site_name":"Albert Mora. Official Website","article_modified_time":"2022-04-06T11:31:50+00:00","twitter_card":"summary_large_image","schema":{"@context":"https:\/\/schema.org","@graph":[{"@type":"WebPage","@id":"https:\/\/albertmora.com\/ca\/nft\/","url":"https:\/\/albertmora.com\/ca\/nft\/","name":"NFT - Albert Mora. Official Website","isPartOf":{"@id":"https:\/\/albertmora.com\/ca\/#website"},"datePublished":"2022-04-06T11:02:37+00:00","dateModified":"2022-04-06T11:31:50+00:00","breadcrumb":{"@id":"https:\/\/albertmora.com\/ca\/nft\/#breadcrumb"},"inLanguage":"ca","potentialAction":[{"@type":"ReadAction","target":["https:\/\/albertmora.com\/ca\/nft\/"]}]},{"@type":"BreadcrumbList","@id":"https:\/\/albertmora.com\/ca\/nft\/#breadcrumb","itemListElement":[{"@type":"ListItem","position":1,"name":"Home","item":"https:\/\/albertmora.com\/ca\/"},{"@type":"ListItem","position":2,"name":"NFT"}]},{"@type":"WebSite","@id":"https:\/\/albertmora.com\/ca\/#website","url":"https:\/\/albertmora.com\/ca\/","name":"Albert Mora. Official Website","description":"","potentialAction":[{"@type":"SearchAction","target":{"@type":"EntryPoint","urlTemplate":"https:\/\/albertmora.com\/ca\/?s={search_term_string}"},"query-input":{"@type":"PropertyValueSpecification","valueRequired":true,"valueName":"search_term_string"}}],"inLanguage":"ca"}]}},"_links":{"self":[{"href":"https:\/\/albertmora.com\/ca\/wp-json\/wp\/v2\/pages\/8722","targetHints":{"allow":["GET"]}}],"collection":[{"href":"https:\/\/albertmora.com\/ca\/wp-json\/wp\/v2\/pages"}],"about":[{"href":"https:\/\/albertmora.com\/ca\/wp-json\/wp\/v2\/types\/page"}],"author":[{"embeddable":true,"href":"https:\/\/albertmora.com\/ca\/wp-json\/wp\/v2\/users\/1"}],"replies":[{"embeddable":true,"href":"https:\/\/albertmora.com\/ca\/wp-json\/wp\/v2\/comments?post=8722"}],"version-history":[{"count":0,"href":"https:\/\/albertmora.com\/ca\/wp-json\/wp\/v2\/pages\/8722\/revisions"}],"wp:attachment":[{"href":"https:\/\/albertmora.com\/ca\/wp-json\/wp\/v2\/media?parent=8722"}],"curies":[{"name":"wp","href":"https:\/\/api.w.org\/{rel}","templated":true}]}}