{"id":6801,"date":"2022-01-22T17:04:36","date_gmt":"2022-01-22T16:04:36","guid":{"rendered":"https:\/\/albertmora.com\/product\/bud-shop\/"},"modified":"2022-01-30T19:56:50","modified_gmt":"2022-01-30T18:56:50","slug":"budshop","status":"publish","type":"product","link":"https:\/\/albertmora.com\/ca\/producte\/budshop\/","title":{"rendered":"Bud Shop"},"content":{"rendered":"<h2>Mides<\/h2>\n<p><strong>Cl\u00e0ssic<\/strong><br \/>\n74&#215;60 cm (amplada x al\u00e7ada)<br \/>\n<strong>Gran<\/strong><br \/>\n111&#215;90 cm (amplada x al\u00e7ada)<br \/>\n<strong>Gegant<\/strong><br \/>\n148&#215;120 cm (amplada x al\u00e7ada)<\/p>\n","protected":false},"excerpt":{"rendered":"<p><strong>Boston, 2006<\/strong><\/p>\n<p>Budweiser \u00e9s una lager p\u00e0l\u00b7lida d&#8217;estil americ\u00e0 produ\u00efda per Anheuser-Busch, part d&#8217;AB InBev. Introdu\u00efda l&#8217;any 1876 per Carl Conrad &amp; Co. de St. Louis, Missouri, Budweiser s&#8217;ha convertit en una de les cerveses m\u00e9s venudes als Estats Units.<\/p>\n","protected":false},"featured_media":6448,"template":"","meta":[],"product_brand":[],"product_cat":[312,324,313],"product_tag":[],"class_list":{"0":"post-6801","1":"product","2":"type-product","3":"status-publish","4":"has-post-thumbnail","6":"product_cat-america-ca","7":"product_cat-reflexions","8":"product_cat-urba","10":"first","11":"instock","12":"shipping-taxable","13":"product-type-simple"},"yoast_head":"<!-- This site is optimized with the Yoast SEO plugin v27.4 - https:\/\/yoast.com\/product\/yoast-seo-wordpress\/ -->\n<title>Bud Shop - Albert Mora. Official Website<\/title>\n<meta name=\"robots\" content=\"index, follow, max-snippet:-1, max-image-preview:large, max-video-preview:-1\" \/>\n<link rel=\"canonical\" href=\"https:\/\/albertmora.com\/ca\/producte\/budshop\/\" \/>\n<meta property=\"og:locale\" content=\"ca_ES\" \/>\n<meta property=\"og:type\" content=\"article\" \/>\n<meta property=\"og:title\" content=\"Bud Shop - Albert Mora. Official Website\" \/>\n<meta property=\"og:description\" content=\"Boston, 2006 Budweiser \u00e9s una lager p\u00e0l\u00b7lida d&#039;estil americ\u00e0 produ\u00efda per Anheuser-Busch, part d&#039;AB InBev. Introdu\u00efda l&#039;any 1876 per Carl Conrad &amp; Co. de St. Louis, Missouri, Budweiser s&#039;ha convertit en una de les cerveses m\u00e9s venudes als Estats Units.\" \/>\n<meta property=\"og:url\" content=\"https:\/\/albertmora.com\/ca\/producte\/budshop\/\" \/>\n<meta property=\"og:site_name\" content=\"Albert Mora. Official Website\" \/>\n<meta property=\"article:modified_time\" content=\"2022-01-30T18:56:50+00:00\" \/>\n<meta property=\"og:image\" content=\"https:\/\/albertmora.com\/wp-content\/boston5-74x60-1-1024x834.jpg\" \/>\n\t<meta property=\"og:image:width\" content=\"1024\" \/>\n\t<meta property=\"og:image:height\" content=\"834\" \/>\n\t<meta property=\"og:image:type\" content=\"image\/jpeg\" \/>\n<meta name=\"twitter:card\" content=\"summary_large_image\" \/>\n<script type=\"application\/ld+json\" class=\"yoast-schema-graph\">{\"@context\":\"https:\\\/\\\/schema.org\",\"@graph\":[{\"@type\":\"WebPage\",\"@id\":\"https:\\\/\\\/albertmora.com\\\/ca\\\/producte\\\/budshop\\\/\",\"url\":\"https:\\\/\\\/albertmora.com\\\/ca\\\/producte\\\/budshop\\\/\",\"name\":\"Bud Shop - Albert Mora. Official Website\",\"isPartOf\":{\"@id\":\"https:\\\/\\\/albertmora.com\\\/ca\\\/#website\"},\"primaryImageOfPage\":{\"@id\":\"https:\\\/\\\/albertmora.com\\\/ca\\\/producte\\\/budshop\\\/#primaryimage\"},\"image\":{\"@id\":\"https:\\\/\\\/albertmora.com\\\/ca\\\/producte\\\/budshop\\\/#primaryimage\"},\"thumbnailUrl\":\"https:\\\/\\\/albertmora.com\\\/wp-content\\\/uploads\\\/boston5-74x60-1.jpg\",\"datePublished\":\"2022-01-22T16:04:36+00:00\",\"dateModified\":\"2022-01-30T18:56:50+00:00\",\"breadcrumb\":{\"@id\":\"https:\\\/\\\/albertmora.com\\\/ca\\\/producte\\\/budshop\\\/#breadcrumb\"},\"inLanguage\":\"ca\",\"potentialAction\":[{\"@type\":\"ReadAction\",\"target\":[\"https:\\\/\\\/albertmora.com\\\/ca\\\/producte\\\/budshop\\\/\"]}]},{\"@type\":\"ImageObject\",\"inLanguage\":\"ca\",\"@id\":\"https:\\\/\\\/albertmora.com\\\/ca\\\/producte\\\/budshop\\\/#primaryimage\",\"url\":\"https:\\\/\\\/albertmora.com\\\/wp-content\\\/uploads\\\/boston5-74x60-1.jpg\",\"contentUrl\":\"https:\\\/\\\/albertmora.com\\\/wp-content\\\/uploads\\\/boston5-74x60-1.jpg\",\"width\":1400,\"height\":1140},{\"@type\":\"BreadcrumbList\",\"@id\":\"https:\\\/\\\/albertmora.com\\\/ca\\\/producte\\\/budshop\\\/#breadcrumb\",\"itemListElement\":[{\"@type\":\"ListItem\",\"position\":1,\"name\":\"Home\",\"item\":\"https:\\\/\\\/albertmora.com\\\/ca\\\/\"},{\"@type\":\"ListItem\",\"position\":2,\"name\":\"Botiga\",\"item\":\"https:\\\/\\\/albertmora.com\\\/ca\\\/shop-2\\\/\"},{\"@type\":\"ListItem\",\"position\":3,\"name\":\"Bud Shop\"}]},{\"@type\":\"WebSite\",\"@id\":\"https:\\\/\\\/albertmora.com\\\/ca\\\/#website\",\"url\":\"https:\\\/\\\/albertmora.com\\\/ca\\\/\",\"name\":\"Albert Mora. Official Website\",\"description\":\"\",\"potentialAction\":[{\"@type\":\"SearchAction\",\"target\":{\"@type\":\"EntryPoint\",\"urlTemplate\":\"https:\\\/\\\/albertmora.com\\\/ca\\\/?s={search_term_string}\"},\"query-input\":{\"@type\":\"PropertyValueSpecification\",\"valueRequired\":true,\"valueName\":\"search_term_string\"}}],\"inLanguage\":\"ca\"}]}<\/script>\n<!-- \/ Yoast SEO plugin. -->","yoast_head_json":{"title":"Bud Shop - Albert Mora. Official Website","robots":{"index":"index","follow":"follow","max-snippet":"max-snippet:-1","max-image-preview":"max-image-preview:large","max-video-preview":"max-video-preview:-1"},"canonical":"https:\/\/albertmora.com\/ca\/producte\/budshop\/","og_locale":"ca_ES","og_type":"article","og_title":"Bud Shop - Albert Mora. Official Website","og_description":"Boston, 2006 Budweiser \u00e9s una lager p\u00e0l\u00b7lida d'estil americ\u00e0 produ\u00efda per Anheuser-Busch, part d'AB InBev. Introdu\u00efda l'any 1876 per Carl Conrad &amp; Co. de St. Louis, Missouri, Budweiser s'ha convertit en una de les cerveses m\u00e9s venudes als Estats Units.","og_url":"https:\/\/albertmora.com\/ca\/producte\/budshop\/","og_site_name":"Albert Mora. Official Website","article_modified_time":"2022-01-30T18:56:50+00:00","og_image":[{"width":1024,"height":834,"url":"https:\/\/albertmora.com\/wp-content\/boston5-74x60-1-1024x834.jpg","type":"image\/jpeg"}],"twitter_card":"summary_large_image","schema":{"@context":"https:\/\/schema.org","@graph":[{"@type":"WebPage","@id":"https:\/\/albertmora.com\/ca\/producte\/budshop\/","url":"https:\/\/albertmora.com\/ca\/producte\/budshop\/","name":"Bud Shop - Albert Mora. Official Website","isPartOf":{"@id":"https:\/\/albertmora.com\/ca\/#website"},"primaryImageOfPage":{"@id":"https:\/\/albertmora.com\/ca\/producte\/budshop\/#primaryimage"},"image":{"@id":"https:\/\/albertmora.com\/ca\/producte\/budshop\/#primaryimage"},"thumbnailUrl":"https:\/\/albertmora.com\/wp-content\/uploads\/boston5-74x60-1.jpg","datePublished":"2022-01-22T16:04:36+00:00","dateModified":"2022-01-30T18:56:50+00:00","breadcrumb":{"@id":"https:\/\/albertmora.com\/ca\/producte\/budshop\/#breadcrumb"},"inLanguage":"ca","potentialAction":[{"@type":"ReadAction","target":["https:\/\/albertmora.com\/ca\/producte\/budshop\/"]}]},{"@type":"ImageObject","inLanguage":"ca","@id":"https:\/\/albertmora.com\/ca\/producte\/budshop\/#primaryimage","url":"https:\/\/albertmora.com\/wp-content\/uploads\/boston5-74x60-1.jpg","contentUrl":"https:\/\/albertmora.com\/wp-content\/uploads\/boston5-74x60-1.jpg","width":1400,"height":1140},{"@type":"BreadcrumbList","@id":"https:\/\/albertmora.com\/ca\/producte\/budshop\/#breadcrumb","itemListElement":[{"@type":"ListItem","position":1,"name":"Home","item":"https:\/\/albertmora.com\/ca\/"},{"@type":"ListItem","position":2,"name":"Botiga","item":"https:\/\/albertmora.com\/ca\/shop-2\/"},{"@type":"ListItem","position":3,"name":"Bud Shop"}]},{"@type":"WebSite","@id":"https:\/\/albertmora.com\/ca\/#website","url":"https:\/\/albertmora.com\/ca\/","name":"Albert Mora. Official Website","description":"","potentialAction":[{"@type":"SearchAction","target":{"@type":"EntryPoint","urlTemplate":"https:\/\/albertmora.com\/ca\/?s={search_term_string}"},"query-input":{"@type":"PropertyValueSpecification","valueRequired":true,"valueName":"search_term_string"}}],"inLanguage":"ca"}]}},"_links":{"self":[{"href":"https:\/\/albertmora.com\/ca\/wp-json\/wp\/v2\/product\/6801","targetHints":{"allow":["GET"]}}],"collection":[{"href":"https:\/\/albertmora.com\/ca\/wp-json\/wp\/v2\/product"}],"about":[{"href":"https:\/\/albertmora.com\/ca\/wp-json\/wp\/v2\/types\/product"}],"wp:featuredmedia":[{"embeddable":true,"href":"https:\/\/albertmora.com\/ca\/wp-json\/wp\/v2\/media\/6448"}],"wp:attachment":[{"href":"https:\/\/albertmora.com\/ca\/wp-json\/wp\/v2\/media?parent=6801"}],"wp:term":[{"taxonomy":"product_brand","embeddable":true,"href":"https:\/\/albertmora.com\/ca\/wp-json\/wp\/v2\/product_brand?post=6801"},{"taxonomy":"product_cat","embeddable":true,"href":"https:\/\/albertmora.com\/ca\/wp-json\/wp\/v2\/product_cat?post=6801"},{"taxonomy":"product_tag","embeddable":true,"href":"https:\/\/albertmora.com\/ca\/wp-json\/wp\/v2\/product_tag?post=6801"}],"curies":[{"name":"wp","href":"https:\/\/api.w.org\/{rel}","templated":true}]}}