{"id":6915,"date":"2022-01-22T17:29:09","date_gmt":"2022-01-22T16:29:09","guid":{"rendered":"https:\/\/albertmora.com\/product\/one-way\/"},"modified":"2022-01-30T20:00:36","modified_gmt":"2022-01-30T19:00:36","slug":"oneway","status":"publish","type":"product","link":"https:\/\/albertmora.com\/ca\/producte\/oneway\/","title":{"rendered":"One Way"},"content":{"rendered":"<h2>Mides<\/h2>\n<p><strong>Cl\u00e0ssic<\/strong><br \/>\n74&#215;60 cm (amplada x al\u00e7ada)<br \/>\n<strong>Gran<\/strong><br \/>\n111&#215;90 cm (amplada x al\u00e7ada)<br \/>\n<strong>Gegant<\/strong><br \/>\n148&#215;120 cm (amplada x al\u00e7ada)<\/p>\n","protected":false},"excerpt":{"rendered":"<p>El vast terreny de Calif\u00f2rnia est\u00e0 connectat per un extens sistema d&#8217;autopistes d&#8217;acc\u00e9s controlat (&#8216;autopistes&#8217;), carreteres d&#8217;acc\u00e9s limitat (&#8216;autopistes&#8217;) i carreteres. Calif\u00f2rnia \u00e9s coneguda per la seva cultura de l&#8217;autom\u00f2bil, donant a les ciutats de Calif\u00f2rnia una reputaci\u00f3 de congesti\u00f3 de tr\u00e0nsit severa.<\/p>\n","protected":false},"featured_media":6460,"template":"","meta":[],"product_brand":[],"product_cat":[312,313],"product_tag":[],"class_list":{"0":"post-6915","1":"product","2":"type-product","3":"status-publish","4":"has-post-thumbnail","6":"product_cat-america-ca","7":"product_cat-urba","9":"first","10":"instock","11":"shipping-taxable","12":"product-type-simple"},"yoast_head":"<!-- This site is optimized with the Yoast SEO plugin v27.4 - https:\/\/yoast.com\/product\/yoast-seo-wordpress\/ -->\n<title>One Way - Albert Mora. Official Website<\/title>\n<meta name=\"robots\" content=\"index, follow, max-snippet:-1, max-image-preview:large, max-video-preview:-1\" \/>\n<link rel=\"canonical\" href=\"https:\/\/albertmora.com\/ca\/producte\/oneway\/\" \/>\n<meta property=\"og:locale\" content=\"ca_ES\" \/>\n<meta property=\"og:type\" content=\"article\" \/>\n<meta property=\"og:title\" content=\"One Way - Albert Mora. Official Website\" \/>\n<meta property=\"og:description\" content=\"El vast terreny de Calif\u00f2rnia est\u00e0 connectat per un extens sistema d&#039;autopistes d&#039;acc\u00e9s controlat (&#039;autopistes&#039;), carreteres d&#039;acc\u00e9s limitat (&#039;autopistes&#039;) i carreteres. Calif\u00f2rnia \u00e9s coneguda per la seva cultura de l&#039;autom\u00f2bil, donant a les ciutats de Calif\u00f2rnia una reputaci\u00f3 de congesti\u00f3 de tr\u00e0nsit severa.\" \/>\n<meta property=\"og:url\" content=\"https:\/\/albertmora.com\/ca\/producte\/oneway\/\" \/>\n<meta property=\"og:site_name\" content=\"Albert Mora. Official Website\" \/>\n<meta property=\"article:modified_time\" content=\"2022-01-30T19:00:36+00:00\" \/>\n<meta property=\"og:image\" content=\"https:\/\/albertmora.com\/wp-content\/california-74x60-1.jpg\" \/>\n\t<meta property=\"og:image:width\" content=\"1200\" \/>\n\t<meta property=\"og:image:height\" content=\"969\" \/>\n\t<meta property=\"og:image:type\" content=\"image\/jpeg\" \/>\n<meta name=\"twitter:card\" content=\"summary_large_image\" \/>\n<script type=\"application\/ld+json\" class=\"yoast-schema-graph\">{\"@context\":\"https:\\\/\\\/schema.org\",\"@graph\":[{\"@type\":\"WebPage\",\"@id\":\"https:\\\/\\\/albertmora.com\\\/ca\\\/producte\\\/oneway\\\/\",\"url\":\"https:\\\/\\\/albertmora.com\\\/ca\\\/producte\\\/oneway\\\/\",\"name\":\"One Way - Albert Mora. Official Website\",\"isPartOf\":{\"@id\":\"https:\\\/\\\/albertmora.com\\\/ca\\\/#website\"},\"primaryImageOfPage\":{\"@id\":\"https:\\\/\\\/albertmora.com\\\/ca\\\/producte\\\/oneway\\\/#primaryimage\"},\"image\":{\"@id\":\"https:\\\/\\\/albertmora.com\\\/ca\\\/producte\\\/oneway\\\/#primaryimage\"},\"thumbnailUrl\":\"https:\\\/\\\/albertmora.com\\\/wp-content\\\/uploads\\\/california-74x60-1.jpg\",\"datePublished\":\"2022-01-22T16:29:09+00:00\",\"dateModified\":\"2022-01-30T19:00:36+00:00\",\"breadcrumb\":{\"@id\":\"https:\\\/\\\/albertmora.com\\\/ca\\\/producte\\\/oneway\\\/#breadcrumb\"},\"inLanguage\":\"ca\",\"potentialAction\":[{\"@type\":\"ReadAction\",\"target\":[\"https:\\\/\\\/albertmora.com\\\/ca\\\/producte\\\/oneway\\\/\"]}]},{\"@type\":\"ImageObject\",\"inLanguage\":\"ca\",\"@id\":\"https:\\\/\\\/albertmora.com\\\/ca\\\/producte\\\/oneway\\\/#primaryimage\",\"url\":\"https:\\\/\\\/albertmora.com\\\/wp-content\\\/uploads\\\/california-74x60-1.jpg\",\"contentUrl\":\"https:\\\/\\\/albertmora.com\\\/wp-content\\\/uploads\\\/california-74x60-1.jpg\",\"width\":1200,\"height\":969},{\"@type\":\"BreadcrumbList\",\"@id\":\"https:\\\/\\\/albertmora.com\\\/ca\\\/producte\\\/oneway\\\/#breadcrumb\",\"itemListElement\":[{\"@type\":\"ListItem\",\"position\":1,\"name\":\"Home\",\"item\":\"https:\\\/\\\/albertmora.com\\\/ca\\\/\"},{\"@type\":\"ListItem\",\"position\":2,\"name\":\"Botiga\",\"item\":\"https:\\\/\\\/albertmora.com\\\/ca\\\/shop-2\\\/\"},{\"@type\":\"ListItem\",\"position\":3,\"name\":\"One Way\"}]},{\"@type\":\"WebSite\",\"@id\":\"https:\\\/\\\/albertmora.com\\\/ca\\\/#website\",\"url\":\"https:\\\/\\\/albertmora.com\\\/ca\\\/\",\"name\":\"Albert Mora. Official Website\",\"description\":\"\",\"potentialAction\":[{\"@type\":\"SearchAction\",\"target\":{\"@type\":\"EntryPoint\",\"urlTemplate\":\"https:\\\/\\\/albertmora.com\\\/ca\\\/?s={search_term_string}\"},\"query-input\":{\"@type\":\"PropertyValueSpecification\",\"valueRequired\":true,\"valueName\":\"search_term_string\"}}],\"inLanguage\":\"ca\"}]}<\/script>\n<!-- \/ Yoast SEO plugin. -->","yoast_head_json":{"title":"One Way - Albert Mora. Official Website","robots":{"index":"index","follow":"follow","max-snippet":"max-snippet:-1","max-image-preview":"max-image-preview:large","max-video-preview":"max-video-preview:-1"},"canonical":"https:\/\/albertmora.com\/ca\/producte\/oneway\/","og_locale":"ca_ES","og_type":"article","og_title":"One Way - Albert Mora. Official Website","og_description":"El vast terreny de Calif\u00f2rnia est\u00e0 connectat per un extens sistema d'autopistes d'acc\u00e9s controlat ('autopistes'), carreteres d'acc\u00e9s limitat ('autopistes') i carreteres. Calif\u00f2rnia \u00e9s coneguda per la seva cultura de l'autom\u00f2bil, donant a les ciutats de Calif\u00f2rnia una reputaci\u00f3 de congesti\u00f3 de tr\u00e0nsit severa.","og_url":"https:\/\/albertmora.com\/ca\/producte\/oneway\/","og_site_name":"Albert Mora. Official Website","article_modified_time":"2022-01-30T19:00:36+00:00","og_image":[{"width":1200,"height":969,"url":"https:\/\/albertmora.com\/wp-content\/california-74x60-1.jpg","type":"image\/jpeg"}],"twitter_card":"summary_large_image","schema":{"@context":"https:\/\/schema.org","@graph":[{"@type":"WebPage","@id":"https:\/\/albertmora.com\/ca\/producte\/oneway\/","url":"https:\/\/albertmora.com\/ca\/producte\/oneway\/","name":"One Way - Albert Mora. Official Website","isPartOf":{"@id":"https:\/\/albertmora.com\/ca\/#website"},"primaryImageOfPage":{"@id":"https:\/\/albertmora.com\/ca\/producte\/oneway\/#primaryimage"},"image":{"@id":"https:\/\/albertmora.com\/ca\/producte\/oneway\/#primaryimage"},"thumbnailUrl":"https:\/\/albertmora.com\/wp-content\/uploads\/california-74x60-1.jpg","datePublished":"2022-01-22T16:29:09+00:00","dateModified":"2022-01-30T19:00:36+00:00","breadcrumb":{"@id":"https:\/\/albertmora.com\/ca\/producte\/oneway\/#breadcrumb"},"inLanguage":"ca","potentialAction":[{"@type":"ReadAction","target":["https:\/\/albertmora.com\/ca\/producte\/oneway\/"]}]},{"@type":"ImageObject","inLanguage":"ca","@id":"https:\/\/albertmora.com\/ca\/producte\/oneway\/#primaryimage","url":"https:\/\/albertmora.com\/wp-content\/uploads\/california-74x60-1.jpg","contentUrl":"https:\/\/albertmora.com\/wp-content\/uploads\/california-74x60-1.jpg","width":1200,"height":969},{"@type":"BreadcrumbList","@id":"https:\/\/albertmora.com\/ca\/producte\/oneway\/#breadcrumb","itemListElement":[{"@type":"ListItem","position":1,"name":"Home","item":"https:\/\/albertmora.com\/ca\/"},{"@type":"ListItem","position":2,"name":"Botiga","item":"https:\/\/albertmora.com\/ca\/shop-2\/"},{"@type":"ListItem","position":3,"name":"One Way"}]},{"@type":"WebSite","@id":"https:\/\/albertmora.com\/ca\/#website","url":"https:\/\/albertmora.com\/ca\/","name":"Albert Mora. Official Website","description":"","potentialAction":[{"@type":"SearchAction","target":{"@type":"EntryPoint","urlTemplate":"https:\/\/albertmora.com\/ca\/?s={search_term_string}"},"query-input":{"@type":"PropertyValueSpecification","valueRequired":true,"valueName":"search_term_string"}}],"inLanguage":"ca"}]}},"_links":{"self":[{"href":"https:\/\/albertmora.com\/ca\/wp-json\/wp\/v2\/product\/6915","targetHints":{"allow":["GET"]}}],"collection":[{"href":"https:\/\/albertmora.com\/ca\/wp-json\/wp\/v2\/product"}],"about":[{"href":"https:\/\/albertmora.com\/ca\/wp-json\/wp\/v2\/types\/product"}],"wp:featuredmedia":[{"embeddable":true,"href":"https:\/\/albertmora.com\/ca\/wp-json\/wp\/v2\/media\/6460"}],"wp:attachment":[{"href":"https:\/\/albertmora.com\/ca\/wp-json\/wp\/v2\/media?parent=6915"}],"wp:term":[{"taxonomy":"product_brand","embeddable":true,"href":"https:\/\/albertmora.com\/ca\/wp-json\/wp\/v2\/product_brand?post=6915"},{"taxonomy":"product_cat","embeddable":true,"href":"https:\/\/albertmora.com\/ca\/wp-json\/wp\/v2\/product_cat?post=6915"},{"taxonomy":"product_tag","embeddable":true,"href":"https:\/\/albertmora.com\/ca\/wp-json\/wp\/v2\/product_tag?post=6915"}],"curies":[{"name":"wp","href":"https:\/\/api.w.org\/{rel}","templated":true}]}}