{"id":7069,"date":"2022-01-23T18:27:14","date_gmt":"2022-01-23T17:27:14","guid":{"rendered":"https:\/\/albertmora.com\/product\/noies-indies\/"},"modified":"2022-01-23T18:27:14","modified_gmt":"2022-01-23T17:27:14","slug":"noies-indies","status":"publish","type":"product","link":"https:\/\/albertmora.com\/ca\/producte\/noies-indies\/","title":{"rendered":"Noies \u00edndies"},"content":{"rendered":"<h2>Mides<\/h2>\n<p><strong>Cl\u00e0ssic<\/strong><br \/>\n70&#215;60 cm (amplada x al\u00e7ada)<br \/>\n<strong>Gran<\/strong><br \/>\n105&#215;90 cm (amplada x al\u00e7ada)<br \/>\n<strong>Gegant<\/strong><br \/>\n140&#215;120 cm (amplada x al\u00e7ada)<\/p>\n","protected":false},"excerpt":{"rendered":"<p><strong>\u00cdndia, 2005<\/strong><\/p>\n<p>Segons les darreres dades de la National Family Health Survey (NFHS), publicades recentment pel govern indi, ara hi ha 1.020 dones per cada 1.000 homes. El ministeri de salut va dir que era la primera vegada que la poblaci\u00f3 femenina superava la poblaci\u00f3 masculina a l&#8217;\u00cdndia.<\/p>\n","protected":false},"featured_media":6486,"template":"","meta":[],"product_brand":[],"product_cat":[346,323,448],"product_tag":[],"class_list":{"0":"post-7069","1":"product","2":"type-product","3":"status-publish","4":"has-post-thumbnail","6":"product_cat-asia-ca","7":"product_cat-pictofotos","8":"product_cat-pictophotos-ca","10":"first","11":"instock","12":"shipping-taxable","13":"product-type-simple"},"yoast_head":"<!-- This site is optimized with the Yoast SEO plugin v27.4 - https:\/\/yoast.com\/product\/yoast-seo-wordpress\/ -->\n<title>Noies \u00edndies - Albert Mora. Official Website<\/title>\n<meta name=\"robots\" content=\"index, follow, max-snippet:-1, max-image-preview:large, max-video-preview:-1\" \/>\n<link rel=\"canonical\" href=\"https:\/\/albertmora.com\/ca\/producte\/noies-indies\/\" \/>\n<meta property=\"og:locale\" content=\"ca_ES\" \/>\n<meta property=\"og:type\" content=\"article\" \/>\n<meta property=\"og:title\" content=\"Noies \u00edndies - Albert Mora. Official Website\" \/>\n<meta property=\"og:description\" content=\"\u00cdndia, 2005 Segons les darreres dades de la National Family Health Survey (NFHS), publicades recentment pel govern indi, ara hi ha 1.020 dones per cada 1.000 homes. El ministeri de salut va dir que era la primera vegada que la poblaci\u00f3 femenina superava la poblaci\u00f3 masculina a l&#039;\u00cdndia.\" \/>\n<meta property=\"og:url\" content=\"https:\/\/albertmora.com\/ca\/producte\/noies-indies\/\" \/>\n<meta property=\"og:site_name\" content=\"Albert Mora. Official Website\" \/>\n<meta property=\"og:image\" content=\"https:\/\/albertmora.com\/wp-content\/india2-70x60-1.jpg\" \/>\n\t<meta property=\"og:image:width\" content=\"1200\" \/>\n\t<meta property=\"og:image:height\" content=\"1023\" \/>\n\t<meta property=\"og:image:type\" content=\"image\/jpeg\" \/>\n<meta name=\"twitter:card\" content=\"summary_large_image\" \/>\n<script type=\"application\/ld+json\" class=\"yoast-schema-graph\">{\"@context\":\"https:\\\/\\\/schema.org\",\"@graph\":[{\"@type\":\"WebPage\",\"@id\":\"https:\\\/\\\/albertmora.com\\\/ca\\\/producte\\\/noies-indies\\\/\",\"url\":\"https:\\\/\\\/albertmora.com\\\/ca\\\/producte\\\/noies-indies\\\/\",\"name\":\"Noies \u00edndies - Albert Mora. Official Website\",\"isPartOf\":{\"@id\":\"https:\\\/\\\/albertmora.com\\\/ca\\\/#website\"},\"primaryImageOfPage\":{\"@id\":\"https:\\\/\\\/albertmora.com\\\/ca\\\/producte\\\/noies-indies\\\/#primaryimage\"},\"image\":{\"@id\":\"https:\\\/\\\/albertmora.com\\\/ca\\\/producte\\\/noies-indies\\\/#primaryimage\"},\"thumbnailUrl\":\"https:\\\/\\\/albertmora.com\\\/wp-content\\\/uploads\\\/india2-70x60-1.jpg\",\"datePublished\":\"2022-01-23T17:27:14+00:00\",\"breadcrumb\":{\"@id\":\"https:\\\/\\\/albertmora.com\\\/ca\\\/producte\\\/noies-indies\\\/#breadcrumb\"},\"inLanguage\":\"ca\",\"potentialAction\":[{\"@type\":\"ReadAction\",\"target\":[\"https:\\\/\\\/albertmora.com\\\/ca\\\/producte\\\/noies-indies\\\/\"]}]},{\"@type\":\"ImageObject\",\"inLanguage\":\"ca\",\"@id\":\"https:\\\/\\\/albertmora.com\\\/ca\\\/producte\\\/noies-indies\\\/#primaryimage\",\"url\":\"https:\\\/\\\/albertmora.com\\\/wp-content\\\/uploads\\\/india2-70x60-1.jpg\",\"contentUrl\":\"https:\\\/\\\/albertmora.com\\\/wp-content\\\/uploads\\\/india2-70x60-1.jpg\",\"width\":1200,\"height\":1023},{\"@type\":\"BreadcrumbList\",\"@id\":\"https:\\\/\\\/albertmora.com\\\/ca\\\/producte\\\/noies-indies\\\/#breadcrumb\",\"itemListElement\":[{\"@type\":\"ListItem\",\"position\":1,\"name\":\"Home\",\"item\":\"https:\\\/\\\/albertmora.com\\\/ca\\\/\"},{\"@type\":\"ListItem\",\"position\":2,\"name\":\"Botiga\",\"item\":\"https:\\\/\\\/albertmora.com\\\/ca\\\/shop-2\\\/\"},{\"@type\":\"ListItem\",\"position\":3,\"name\":\"Noies \u00edndies\"}]},{\"@type\":\"WebSite\",\"@id\":\"https:\\\/\\\/albertmora.com\\\/ca\\\/#website\",\"url\":\"https:\\\/\\\/albertmora.com\\\/ca\\\/\",\"name\":\"Albert Mora. Official Website\",\"description\":\"\",\"potentialAction\":[{\"@type\":\"SearchAction\",\"target\":{\"@type\":\"EntryPoint\",\"urlTemplate\":\"https:\\\/\\\/albertmora.com\\\/ca\\\/?s={search_term_string}\"},\"query-input\":{\"@type\":\"PropertyValueSpecification\",\"valueRequired\":true,\"valueName\":\"search_term_string\"}}],\"inLanguage\":\"ca\"}]}<\/script>\n<!-- \/ Yoast SEO plugin. -->","yoast_head_json":{"title":"Noies \u00edndies - Albert Mora. Official Website","robots":{"index":"index","follow":"follow","max-snippet":"max-snippet:-1","max-image-preview":"max-image-preview:large","max-video-preview":"max-video-preview:-1"},"canonical":"https:\/\/albertmora.com\/ca\/producte\/noies-indies\/","og_locale":"ca_ES","og_type":"article","og_title":"Noies \u00edndies - Albert Mora. Official Website","og_description":"\u00cdndia, 2005 Segons les darreres dades de la National Family Health Survey (NFHS), publicades recentment pel govern indi, ara hi ha 1.020 dones per cada 1.000 homes. El ministeri de salut va dir que era la primera vegada que la poblaci\u00f3 femenina superava la poblaci\u00f3 masculina a l'\u00cdndia.","og_url":"https:\/\/albertmora.com\/ca\/producte\/noies-indies\/","og_site_name":"Albert Mora. Official Website","og_image":[{"width":1200,"height":1023,"url":"https:\/\/albertmora.com\/wp-content\/india2-70x60-1.jpg","type":"image\/jpeg"}],"twitter_card":"summary_large_image","schema":{"@context":"https:\/\/schema.org","@graph":[{"@type":"WebPage","@id":"https:\/\/albertmora.com\/ca\/producte\/noies-indies\/","url":"https:\/\/albertmora.com\/ca\/producte\/noies-indies\/","name":"Noies \u00edndies - Albert Mora. Official Website","isPartOf":{"@id":"https:\/\/albertmora.com\/ca\/#website"},"primaryImageOfPage":{"@id":"https:\/\/albertmora.com\/ca\/producte\/noies-indies\/#primaryimage"},"image":{"@id":"https:\/\/albertmora.com\/ca\/producte\/noies-indies\/#primaryimage"},"thumbnailUrl":"https:\/\/albertmora.com\/wp-content\/uploads\/india2-70x60-1.jpg","datePublished":"2022-01-23T17:27:14+00:00","breadcrumb":{"@id":"https:\/\/albertmora.com\/ca\/producte\/noies-indies\/#breadcrumb"},"inLanguage":"ca","potentialAction":[{"@type":"ReadAction","target":["https:\/\/albertmora.com\/ca\/producte\/noies-indies\/"]}]},{"@type":"ImageObject","inLanguage":"ca","@id":"https:\/\/albertmora.com\/ca\/producte\/noies-indies\/#primaryimage","url":"https:\/\/albertmora.com\/wp-content\/uploads\/india2-70x60-1.jpg","contentUrl":"https:\/\/albertmora.com\/wp-content\/uploads\/india2-70x60-1.jpg","width":1200,"height":1023},{"@type":"BreadcrumbList","@id":"https:\/\/albertmora.com\/ca\/producte\/noies-indies\/#breadcrumb","itemListElement":[{"@type":"ListItem","position":1,"name":"Home","item":"https:\/\/albertmora.com\/ca\/"},{"@type":"ListItem","position":2,"name":"Botiga","item":"https:\/\/albertmora.com\/ca\/shop-2\/"},{"@type":"ListItem","position":3,"name":"Noies \u00edndies"}]},{"@type":"WebSite","@id":"https:\/\/albertmora.com\/ca\/#website","url":"https:\/\/albertmora.com\/ca\/","name":"Albert Mora. Official Website","description":"","potentialAction":[{"@type":"SearchAction","target":{"@type":"EntryPoint","urlTemplate":"https:\/\/albertmora.com\/ca\/?s={search_term_string}"},"query-input":{"@type":"PropertyValueSpecification","valueRequired":true,"valueName":"search_term_string"}}],"inLanguage":"ca"}]}},"_links":{"self":[{"href":"https:\/\/albertmora.com\/ca\/wp-json\/wp\/v2\/product\/7069","targetHints":{"allow":["GET"]}}],"collection":[{"href":"https:\/\/albertmora.com\/ca\/wp-json\/wp\/v2\/product"}],"about":[{"href":"https:\/\/albertmora.com\/ca\/wp-json\/wp\/v2\/types\/product"}],"wp:featuredmedia":[{"embeddable":true,"href":"https:\/\/albertmora.com\/ca\/wp-json\/wp\/v2\/media\/6486"}],"wp:attachment":[{"href":"https:\/\/albertmora.com\/ca\/wp-json\/wp\/v2\/media?parent=7069"}],"wp:term":[{"taxonomy":"product_brand","embeddable":true,"href":"https:\/\/albertmora.com\/ca\/wp-json\/wp\/v2\/product_brand?post=7069"},{"taxonomy":"product_cat","embeddable":true,"href":"https:\/\/albertmora.com\/ca\/wp-json\/wp\/v2\/product_cat?post=7069"},{"taxonomy":"product_tag","embeddable":true,"href":"https:\/\/albertmora.com\/ca\/wp-json\/wp\/v2\/product_tag?post=7069"}],"curies":[{"name":"wp","href":"https:\/\/api.w.org\/{rel}","templated":true}]}}