{"id":7113,"date":"2022-01-24T20:13:30","date_gmt":"2022-01-24T19:13:30","guid":{"rendered":"https:\/\/albertmora.com\/product\/carrer-de-la-india\/"},"modified":"2022-01-31T10:42:30","modified_gmt":"2022-01-31T09:42:30","slug":"indianstreet","status":"publish","type":"product","link":"https:\/\/albertmora.com\/ca\/producte\/indianstreet\/","title":{"rendered":"Carrer de l&#8217;\u00cdndia"},"content":{"rendered":"<h2>Mides<\/h2>\n<p><strong>Cl\u00e0ssic<\/strong><br \/>\n81&#215;60 cm (amplada x al\u00e7ada)<br \/>\n<strong>Gran<\/strong><br \/>\n121&#215;90 cm (amplada x al\u00e7ada)<br \/>\n<strong>Gegant<\/strong><br \/>\n162&#215;120 cm (amplada x al\u00e7ada)<\/p>\n","protected":false},"excerpt":{"rendered":"<p><strong>\u00cdndia, 2005<\/strong><\/p>\n<p>Qualsevol que no tingui una botiga permanent es considera venedor ambulant. Segons les estimacions del govern, la venda ambulant representa el 14% de l&#8217;ocupaci\u00f3 informal urbana total (no agr\u00edcola) del pa\u00eds.<\/p>\n","protected":false},"featured_media":6498,"template":"","meta":[],"product_brand":[],"product_cat":[346,313],"product_tag":[],"class_list":{"0":"post-7113","1":"product","2":"type-product","3":"status-publish","4":"has-post-thumbnail","6":"product_cat-asia-ca","7":"product_cat-urba","9":"first","10":"instock","11":"shipping-taxable","12":"product-type-simple"},"yoast_head":"<!-- This site is optimized with the Yoast SEO plugin v27.4 - https:\/\/yoast.com\/product\/yoast-seo-wordpress\/ -->\n<title>Carrer de l&#039;\u00cdndia - Albert Mora. Official Website<\/title>\n<meta name=\"robots\" content=\"index, follow, max-snippet:-1, max-image-preview:large, max-video-preview:-1\" \/>\n<link rel=\"canonical\" href=\"https:\/\/albertmora.com\/ca\/producte\/indianstreet\/\" \/>\n<meta property=\"og:locale\" content=\"ca_ES\" \/>\n<meta property=\"og:type\" content=\"article\" \/>\n<meta property=\"og:title\" content=\"Carrer de l&#039;\u00cdndia - Albert Mora. Official Website\" \/>\n<meta property=\"og:description\" content=\"\u00cdndia, 2005 Qualsevol que no tingui una botiga permanent es considera venedor ambulant. Segons les estimacions del govern, la venda ambulant representa el 14% de l&#039;ocupaci\u00f3 informal urbana total (no agr\u00edcola) del pa\u00eds.\" \/>\n<meta property=\"og:url\" content=\"https:\/\/albertmora.com\/ca\/producte\/indianstreet\/\" \/>\n<meta property=\"og:site_name\" content=\"Albert Mora. Official Website\" \/>\n<meta property=\"article:modified_time\" content=\"2022-01-31T09:42:30+00:00\" \/>\n<meta property=\"og:image\" content=\"https:\/\/albertmora.com\/wp-content\/india-3-81x60-1.jpg\" \/>\n\t<meta property=\"og:image:width\" content=\"1200\" \/>\n\t<meta property=\"og:image:height\" content=\"886\" \/>\n\t<meta property=\"og:image:type\" content=\"image\/jpeg\" \/>\n<meta name=\"twitter:card\" content=\"summary_large_image\" \/>\n<script type=\"application\/ld+json\" class=\"yoast-schema-graph\">{\"@context\":\"https:\\\/\\\/schema.org\",\"@graph\":[{\"@type\":\"WebPage\",\"@id\":\"https:\\\/\\\/albertmora.com\\\/ca\\\/producte\\\/indianstreet\\\/\",\"url\":\"https:\\\/\\\/albertmora.com\\\/ca\\\/producte\\\/indianstreet\\\/\",\"name\":\"Carrer de l'\u00cdndia - Albert Mora. Official Website\",\"isPartOf\":{\"@id\":\"https:\\\/\\\/albertmora.com\\\/ca\\\/#website\"},\"primaryImageOfPage\":{\"@id\":\"https:\\\/\\\/albertmora.com\\\/ca\\\/producte\\\/indianstreet\\\/#primaryimage\"},\"image\":{\"@id\":\"https:\\\/\\\/albertmora.com\\\/ca\\\/producte\\\/indianstreet\\\/#primaryimage\"},\"thumbnailUrl\":\"https:\\\/\\\/albertmora.com\\\/wp-content\\\/uploads\\\/india-3-81x60-1.jpg\",\"datePublished\":\"2022-01-24T19:13:30+00:00\",\"dateModified\":\"2022-01-31T09:42:30+00:00\",\"breadcrumb\":{\"@id\":\"https:\\\/\\\/albertmora.com\\\/ca\\\/producte\\\/indianstreet\\\/#breadcrumb\"},\"inLanguage\":\"ca\",\"potentialAction\":[{\"@type\":\"ReadAction\",\"target\":[\"https:\\\/\\\/albertmora.com\\\/ca\\\/producte\\\/indianstreet\\\/\"]}]},{\"@type\":\"ImageObject\",\"inLanguage\":\"ca\",\"@id\":\"https:\\\/\\\/albertmora.com\\\/ca\\\/producte\\\/indianstreet\\\/#primaryimage\",\"url\":\"https:\\\/\\\/albertmora.com\\\/wp-content\\\/uploads\\\/india-3-81x60-1.jpg\",\"contentUrl\":\"https:\\\/\\\/albertmora.com\\\/wp-content\\\/uploads\\\/india-3-81x60-1.jpg\",\"width\":1200,\"height\":886},{\"@type\":\"BreadcrumbList\",\"@id\":\"https:\\\/\\\/albertmora.com\\\/ca\\\/producte\\\/indianstreet\\\/#breadcrumb\",\"itemListElement\":[{\"@type\":\"ListItem\",\"position\":1,\"name\":\"Home\",\"item\":\"https:\\\/\\\/albertmora.com\\\/ca\\\/\"},{\"@type\":\"ListItem\",\"position\":2,\"name\":\"Botiga\",\"item\":\"https:\\\/\\\/albertmora.com\\\/ca\\\/shop-2\\\/\"},{\"@type\":\"ListItem\",\"position\":3,\"name\":\"Carrer de l&#8217;\u00cdndia\"}]},{\"@type\":\"WebSite\",\"@id\":\"https:\\\/\\\/albertmora.com\\\/ca\\\/#website\",\"url\":\"https:\\\/\\\/albertmora.com\\\/ca\\\/\",\"name\":\"Albert Mora. Official Website\",\"description\":\"\",\"potentialAction\":[{\"@type\":\"SearchAction\",\"target\":{\"@type\":\"EntryPoint\",\"urlTemplate\":\"https:\\\/\\\/albertmora.com\\\/ca\\\/?s={search_term_string}\"},\"query-input\":{\"@type\":\"PropertyValueSpecification\",\"valueRequired\":true,\"valueName\":\"search_term_string\"}}],\"inLanguage\":\"ca\"}]}<\/script>\n<!-- \/ Yoast SEO plugin. -->","yoast_head_json":{"title":"Carrer de l'\u00cdndia - Albert Mora. Official Website","robots":{"index":"index","follow":"follow","max-snippet":"max-snippet:-1","max-image-preview":"max-image-preview:large","max-video-preview":"max-video-preview:-1"},"canonical":"https:\/\/albertmora.com\/ca\/producte\/indianstreet\/","og_locale":"ca_ES","og_type":"article","og_title":"Carrer de l'\u00cdndia - Albert Mora. Official Website","og_description":"\u00cdndia, 2005 Qualsevol que no tingui una botiga permanent es considera venedor ambulant. Segons les estimacions del govern, la venda ambulant representa el 14% de l'ocupaci\u00f3 informal urbana total (no agr\u00edcola) del pa\u00eds.","og_url":"https:\/\/albertmora.com\/ca\/producte\/indianstreet\/","og_site_name":"Albert Mora. Official Website","article_modified_time":"2022-01-31T09:42:30+00:00","og_image":[{"width":1200,"height":886,"url":"https:\/\/albertmora.com\/wp-content\/india-3-81x60-1.jpg","type":"image\/jpeg"}],"twitter_card":"summary_large_image","schema":{"@context":"https:\/\/schema.org","@graph":[{"@type":"WebPage","@id":"https:\/\/albertmora.com\/ca\/producte\/indianstreet\/","url":"https:\/\/albertmora.com\/ca\/producte\/indianstreet\/","name":"Carrer de l'\u00cdndia - Albert Mora. Official Website","isPartOf":{"@id":"https:\/\/albertmora.com\/ca\/#website"},"primaryImageOfPage":{"@id":"https:\/\/albertmora.com\/ca\/producte\/indianstreet\/#primaryimage"},"image":{"@id":"https:\/\/albertmora.com\/ca\/producte\/indianstreet\/#primaryimage"},"thumbnailUrl":"https:\/\/albertmora.com\/wp-content\/uploads\/india-3-81x60-1.jpg","datePublished":"2022-01-24T19:13:30+00:00","dateModified":"2022-01-31T09:42:30+00:00","breadcrumb":{"@id":"https:\/\/albertmora.com\/ca\/producte\/indianstreet\/#breadcrumb"},"inLanguage":"ca","potentialAction":[{"@type":"ReadAction","target":["https:\/\/albertmora.com\/ca\/producte\/indianstreet\/"]}]},{"@type":"ImageObject","inLanguage":"ca","@id":"https:\/\/albertmora.com\/ca\/producte\/indianstreet\/#primaryimage","url":"https:\/\/albertmora.com\/wp-content\/uploads\/india-3-81x60-1.jpg","contentUrl":"https:\/\/albertmora.com\/wp-content\/uploads\/india-3-81x60-1.jpg","width":1200,"height":886},{"@type":"BreadcrumbList","@id":"https:\/\/albertmora.com\/ca\/producte\/indianstreet\/#breadcrumb","itemListElement":[{"@type":"ListItem","position":1,"name":"Home","item":"https:\/\/albertmora.com\/ca\/"},{"@type":"ListItem","position":2,"name":"Botiga","item":"https:\/\/albertmora.com\/ca\/shop-2\/"},{"@type":"ListItem","position":3,"name":"Carrer de l&#8217;\u00cdndia"}]},{"@type":"WebSite","@id":"https:\/\/albertmora.com\/ca\/#website","url":"https:\/\/albertmora.com\/ca\/","name":"Albert Mora. Official Website","description":"","potentialAction":[{"@type":"SearchAction","target":{"@type":"EntryPoint","urlTemplate":"https:\/\/albertmora.com\/ca\/?s={search_term_string}"},"query-input":{"@type":"PropertyValueSpecification","valueRequired":true,"valueName":"search_term_string"}}],"inLanguage":"ca"}]}},"_links":{"self":[{"href":"https:\/\/albertmora.com\/ca\/wp-json\/wp\/v2\/product\/7113","targetHints":{"allow":["GET"]}}],"collection":[{"href":"https:\/\/albertmora.com\/ca\/wp-json\/wp\/v2\/product"}],"about":[{"href":"https:\/\/albertmora.com\/ca\/wp-json\/wp\/v2\/types\/product"}],"wp:featuredmedia":[{"embeddable":true,"href":"https:\/\/albertmora.com\/ca\/wp-json\/wp\/v2\/media\/6498"}],"wp:attachment":[{"href":"https:\/\/albertmora.com\/ca\/wp-json\/wp\/v2\/media?parent=7113"}],"wp:term":[{"taxonomy":"product_brand","embeddable":true,"href":"https:\/\/albertmora.com\/ca\/wp-json\/wp\/v2\/product_brand?post=7113"},{"taxonomy":"product_cat","embeddable":true,"href":"https:\/\/albertmora.com\/ca\/wp-json\/wp\/v2\/product_cat?post=7113"},{"taxonomy":"product_tag","embeddable":true,"href":"https:\/\/albertmora.com\/ca\/wp-json\/wp\/v2\/product_tag?post=7113"}],"curies":[{"name":"wp","href":"https:\/\/api.w.org\/{rel}","templated":true}]}}