{"id":7245,"date":"2022-01-24T20:37:36","date_gmt":"2022-01-24T19:37:36","guid":{"rendered":"https:\/\/albertmora.com\/product\/lisboa-in-blue\/"},"modified":"2022-08-17T18:15:16","modified_gmt":"2022-08-17T17:15:16","slug":"lisboainblue","status":"publish","type":"product","link":"https:\/\/albertmora.com\/ca\/producte\/lisboainblue\/","title":{"rendered":"Lisboa in Blue"},"content":{"rendered":"<h2>Mides<\/h2>\n<p><strong>Cl\u00e0ssic<\/strong><br \/>\n105&#215;60 cm (amplada x al\u00e7ada)<br \/>\n<strong>Gran<\/strong><br \/>\n157&#215;90 cm (amplada x al\u00e7ada)<br \/>\n<strong>Gegant<\/strong><br \/>\n210&#215;120 cm (amplada x al\u00e7ada)<\/p>\n","protected":false},"excerpt":{"rendered":"<p><strong>Lisboa, 2003<\/strong><\/p>\n<p>Lisboa \u00e9s la capital costanera i muntanyosa de Portugal. Des de l&#8217;imponent castell de S\u00e3o Jorge, la vista abasta els edificis de colors past\u00eds de la ciutat vella, l&#8217;estuari del Tajo i el pont penjant Ponte 25 d&#8217;abril.<\/p>\n","protected":false},"featured_media":6518,"template":"","meta":[],"product_brand":[],"product_cat":[343,448,313],"product_tag":[],"class_list":{"0":"post-7245","1":"product","2":"type-product","3":"status-publish","4":"has-post-thumbnail","6":"product_cat-europe-ca","7":"product_cat-pictophotos-ca","8":"product_cat-urba","10":"first","11":"instock","12":"featured","13":"shipping-taxable","14":"product-type-simple"},"yoast_head":"<!-- This site is optimized with the Yoast SEO plugin v27.4 - https:\/\/yoast.com\/product\/yoast-seo-wordpress\/ -->\n<title>Lisboa in Blue - Albert Mora. Official Website<\/title>\n<meta name=\"robots\" content=\"index, follow, max-snippet:-1, max-image-preview:large, max-video-preview:-1\" \/>\n<link rel=\"canonical\" href=\"https:\/\/albertmora.com\/ca\/producte\/lisboainblue\/\" \/>\n<meta property=\"og:locale\" content=\"ca_ES\" \/>\n<meta property=\"og:type\" content=\"article\" \/>\n<meta property=\"og:title\" content=\"Lisboa in Blue - Albert Mora. Official Website\" \/>\n<meta property=\"og:description\" content=\"Lisboa, 2003  Lisboa \u00e9s la capital costanera i muntanyosa de Portugal. Des de l&#039;imponent castell de S\u00e3o Jorge, la vista abasta els edificis de colors past\u00eds de la ciutat vella, l&#039;estuari del Tajo i el pont penjant Ponte 25 d&#039;abril.\" \/>\n<meta property=\"og:url\" content=\"https:\/\/albertmora.com\/ca\/producte\/lisboainblue\/\" \/>\n<meta property=\"og:site_name\" content=\"Albert Mora. Official Website\" \/>\n<meta property=\"article:modified_time\" content=\"2022-08-17T17:15:16+00:00\" \/>\n<meta property=\"og:image\" content=\"https:\/\/albertmora.com\/wp-content\/lisboa-105x60-1.jpg\" \/>\n\t<meta property=\"og:image:width\" content=\"1200\" \/>\n\t<meta property=\"og:image:height\" content=\"689\" \/>\n\t<meta property=\"og:image:type\" content=\"image\/jpeg\" \/>\n<meta name=\"twitter:card\" content=\"summary_large_image\" \/>\n<meta name=\"twitter:label1\" content=\"Temps estimat de lectura\" \/>\n\t<meta name=\"twitter:data1\" content=\"1 minut\" \/>\n<script type=\"application\/ld+json\" class=\"yoast-schema-graph\">{\"@context\":\"https:\\\/\\\/schema.org\",\"@graph\":[{\"@type\":\"WebPage\",\"@id\":\"https:\\\/\\\/albertmora.com\\\/ca\\\/producte\\\/lisboainblue\\\/\",\"url\":\"https:\\\/\\\/albertmora.com\\\/ca\\\/producte\\\/lisboainblue\\\/\",\"name\":\"Lisboa in Blue - Albert Mora. Official Website\",\"isPartOf\":{\"@id\":\"https:\\\/\\\/albertmora.com\\\/ca\\\/#website\"},\"primaryImageOfPage\":{\"@id\":\"https:\\\/\\\/albertmora.com\\\/ca\\\/producte\\\/lisboainblue\\\/#primaryimage\"},\"image\":{\"@id\":\"https:\\\/\\\/albertmora.com\\\/ca\\\/producte\\\/lisboainblue\\\/#primaryimage\"},\"thumbnailUrl\":\"https:\\\/\\\/albertmora.com\\\/wp-content\\\/uploads\\\/lisboa-105x60-1.jpg\",\"datePublished\":\"2022-01-24T19:37:36+00:00\",\"dateModified\":\"2022-08-17T17:15:16+00:00\",\"breadcrumb\":{\"@id\":\"https:\\\/\\\/albertmora.com\\\/ca\\\/producte\\\/lisboainblue\\\/#breadcrumb\"},\"inLanguage\":\"ca\",\"potentialAction\":[{\"@type\":\"ReadAction\",\"target\":[\"https:\\\/\\\/albertmora.com\\\/ca\\\/producte\\\/lisboainblue\\\/\"]}]},{\"@type\":\"ImageObject\",\"inLanguage\":\"ca\",\"@id\":\"https:\\\/\\\/albertmora.com\\\/ca\\\/producte\\\/lisboainblue\\\/#primaryimage\",\"url\":\"https:\\\/\\\/albertmora.com\\\/wp-content\\\/uploads\\\/lisboa-105x60-1.jpg\",\"contentUrl\":\"https:\\\/\\\/albertmora.com\\\/wp-content\\\/uploads\\\/lisboa-105x60-1.jpg\",\"width\":1200,\"height\":689},{\"@type\":\"BreadcrumbList\",\"@id\":\"https:\\\/\\\/albertmora.com\\\/ca\\\/producte\\\/lisboainblue\\\/#breadcrumb\",\"itemListElement\":[{\"@type\":\"ListItem\",\"position\":1,\"name\":\"Home\",\"item\":\"https:\\\/\\\/albertmora.com\\\/ca\\\/\"},{\"@type\":\"ListItem\",\"position\":2,\"name\":\"Botiga\",\"item\":\"https:\\\/\\\/albertmora.com\\\/ca\\\/shop-2\\\/\"},{\"@type\":\"ListItem\",\"position\":3,\"name\":\"Lisboa in Blue\"}]},{\"@type\":\"WebSite\",\"@id\":\"https:\\\/\\\/albertmora.com\\\/ca\\\/#website\",\"url\":\"https:\\\/\\\/albertmora.com\\\/ca\\\/\",\"name\":\"Albert Mora. Official Website\",\"description\":\"\",\"potentialAction\":[{\"@type\":\"SearchAction\",\"target\":{\"@type\":\"EntryPoint\",\"urlTemplate\":\"https:\\\/\\\/albertmora.com\\\/ca\\\/?s={search_term_string}\"},\"query-input\":{\"@type\":\"PropertyValueSpecification\",\"valueRequired\":true,\"valueName\":\"search_term_string\"}}],\"inLanguage\":\"ca\"}]}<\/script>\n<!-- \/ Yoast SEO plugin. -->","yoast_head_json":{"title":"Lisboa in Blue - Albert Mora. Official Website","robots":{"index":"index","follow":"follow","max-snippet":"max-snippet:-1","max-image-preview":"max-image-preview:large","max-video-preview":"max-video-preview:-1"},"canonical":"https:\/\/albertmora.com\/ca\/producte\/lisboainblue\/","og_locale":"ca_ES","og_type":"article","og_title":"Lisboa in Blue - Albert Mora. Official Website","og_description":"Lisboa, 2003  Lisboa \u00e9s la capital costanera i muntanyosa de Portugal. Des de l'imponent castell de S\u00e3o Jorge, la vista abasta els edificis de colors past\u00eds de la ciutat vella, l'estuari del Tajo i el pont penjant Ponte 25 d'abril.","og_url":"https:\/\/albertmora.com\/ca\/producte\/lisboainblue\/","og_site_name":"Albert Mora. Official Website","article_modified_time":"2022-08-17T17:15:16+00:00","og_image":[{"width":1200,"height":689,"url":"https:\/\/albertmora.com\/wp-content\/lisboa-105x60-1.jpg","type":"image\/jpeg"}],"twitter_card":"summary_large_image","twitter_misc":{"Temps estimat de lectura":"1 minut"},"schema":{"@context":"https:\/\/schema.org","@graph":[{"@type":"WebPage","@id":"https:\/\/albertmora.com\/ca\/producte\/lisboainblue\/","url":"https:\/\/albertmora.com\/ca\/producte\/lisboainblue\/","name":"Lisboa in Blue - Albert Mora. Official Website","isPartOf":{"@id":"https:\/\/albertmora.com\/ca\/#website"},"primaryImageOfPage":{"@id":"https:\/\/albertmora.com\/ca\/producte\/lisboainblue\/#primaryimage"},"image":{"@id":"https:\/\/albertmora.com\/ca\/producte\/lisboainblue\/#primaryimage"},"thumbnailUrl":"https:\/\/albertmora.com\/wp-content\/uploads\/lisboa-105x60-1.jpg","datePublished":"2022-01-24T19:37:36+00:00","dateModified":"2022-08-17T17:15:16+00:00","breadcrumb":{"@id":"https:\/\/albertmora.com\/ca\/producte\/lisboainblue\/#breadcrumb"},"inLanguage":"ca","potentialAction":[{"@type":"ReadAction","target":["https:\/\/albertmora.com\/ca\/producte\/lisboainblue\/"]}]},{"@type":"ImageObject","inLanguage":"ca","@id":"https:\/\/albertmora.com\/ca\/producte\/lisboainblue\/#primaryimage","url":"https:\/\/albertmora.com\/wp-content\/uploads\/lisboa-105x60-1.jpg","contentUrl":"https:\/\/albertmora.com\/wp-content\/uploads\/lisboa-105x60-1.jpg","width":1200,"height":689},{"@type":"BreadcrumbList","@id":"https:\/\/albertmora.com\/ca\/producte\/lisboainblue\/#breadcrumb","itemListElement":[{"@type":"ListItem","position":1,"name":"Home","item":"https:\/\/albertmora.com\/ca\/"},{"@type":"ListItem","position":2,"name":"Botiga","item":"https:\/\/albertmora.com\/ca\/shop-2\/"},{"@type":"ListItem","position":3,"name":"Lisboa in Blue"}]},{"@type":"WebSite","@id":"https:\/\/albertmora.com\/ca\/#website","url":"https:\/\/albertmora.com\/ca\/","name":"Albert Mora. Official Website","description":"","potentialAction":[{"@type":"SearchAction","target":{"@type":"EntryPoint","urlTemplate":"https:\/\/albertmora.com\/ca\/?s={search_term_string}"},"query-input":{"@type":"PropertyValueSpecification","valueRequired":true,"valueName":"search_term_string"}}],"inLanguage":"ca"}]}},"_links":{"self":[{"href":"https:\/\/albertmora.com\/ca\/wp-json\/wp\/v2\/product\/7245","targetHints":{"allow":["GET"]}}],"collection":[{"href":"https:\/\/albertmora.com\/ca\/wp-json\/wp\/v2\/product"}],"about":[{"href":"https:\/\/albertmora.com\/ca\/wp-json\/wp\/v2\/types\/product"}],"wp:featuredmedia":[{"embeddable":true,"href":"https:\/\/albertmora.com\/ca\/wp-json\/wp\/v2\/media\/6518"}],"wp:attachment":[{"href":"https:\/\/albertmora.com\/ca\/wp-json\/wp\/v2\/media?parent=7245"}],"wp:term":[{"taxonomy":"product_brand","embeddable":true,"href":"https:\/\/albertmora.com\/ca\/wp-json\/wp\/v2\/product_brand?post=7245"},{"taxonomy":"product_cat","embeddable":true,"href":"https:\/\/albertmora.com\/ca\/wp-json\/wp\/v2\/product_cat?post=7245"},{"taxonomy":"product_tag","embeddable":true,"href":"https:\/\/albertmora.com\/ca\/wp-json\/wp\/v2\/product_tag?post=7245"}],"curies":[{"name":"wp","href":"https:\/\/api.w.org\/{rel}","templated":true}]}}