{"id":7531,"date":"2022-01-26T12:53:32","date_gmt":"2022-01-26T11:53:32","guid":{"rendered":"https:\/\/albertmora.com\/product\/caminant-per-estocolm\/"},"modified":"2022-01-26T12:53:32","modified_gmt":"2022-01-26T11:53:32","slug":"caminant-per-estocolm","status":"publish","type":"product","link":"https:\/\/albertmora.com\/ca\/producte\/caminant-per-estocolm\/","title":{"rendered":"Caminant per Estocolm"},"content":{"rendered":"<h2>Mides<\/h2>\n<p><strong>Cl\u00e0ssic<\/strong><br \/>\n80&#215;60 cm (amplada x al\u00e7ada)<br \/>\n<strong>Gran<\/strong><br \/>\n120&#215;90 cm (amplada x al\u00e7ada)<br \/>\n<strong>Gegant<\/strong><br \/>\n160&#215;120 cm (amplada x al\u00e7ada)<\/p>\n","protected":false},"excerpt":{"rendered":"<p><strong>Estocolm, 2009<\/strong><\/p>\n<p>Estocolm, la capital de Su\u00e8cia, inclou 14 illes i m\u00e9s de 50 ponts en un extens arxip\u00e8lag del mar B\u00e0ltic. Els carrers de llambordes i els edificis de color ocre de Gamla Stan (el nucli antic) acullen la catedral Storkyrkan del segle XIII, el Palau Reial Kungliga Slottet i el Museu Nobel.<\/p>\n","protected":false},"featured_media":7576,"template":"","meta":[],"product_brand":[],"product_cat":[343,323,448,313],"product_tag":[],"class_list":{"0":"post-7531","1":"product","2":"type-product","3":"status-publish","4":"has-post-thumbnail","6":"product_cat-europe-ca","7":"product_cat-pictofotos","8":"product_cat-pictophotos-ca","9":"product_cat-urba","11":"first","12":"instock","13":"shipping-taxable","14":"product-type-simple"},"yoast_head":"<!-- This site is optimized with the Yoast SEO plugin v27.4 - https:\/\/yoast.com\/product\/yoast-seo-wordpress\/ -->\n<title>Caminant per Estocolm - Albert Mora. Official Website<\/title>\n<meta name=\"robots\" content=\"index, follow, max-snippet:-1, max-image-preview:large, max-video-preview:-1\" \/>\n<link rel=\"canonical\" href=\"https:\/\/albertmora.com\/ca\/producte\/caminant-per-estocolm\/\" \/>\n<meta property=\"og:locale\" content=\"ca_ES\" \/>\n<meta property=\"og:type\" content=\"article\" \/>\n<meta property=\"og:title\" content=\"Caminant per Estocolm - Albert Mora. Official Website\" \/>\n<meta property=\"og:description\" content=\"Estocolm, 2009 Estocolm, la capital de Su\u00e8cia, inclou 14 illes i m\u00e9s de 50 ponts en un extens arxip\u00e8lag del mar B\u00e0ltic. Els carrers de llambordes i els edificis de color ocre de Gamla Stan (el nucli antic) acullen la catedral Storkyrkan del segle XIII, el Palau Reial Kungliga Slottet i el Museu Nobel.\" \/>\n<meta property=\"og:url\" content=\"https:\/\/albertmora.com\/ca\/producte\/caminant-per-estocolm\/\" \/>\n<meta property=\"og:site_name\" content=\"Albert Mora. Official Website\" \/>\n<meta property=\"og:image\" content=\"https:\/\/albertmora.com\/wp-content\/stockholm-2009-80x60-2.jpg\" \/>\n\t<meta property=\"og:image:width\" content=\"1200\" \/>\n\t<meta property=\"og:image:height\" content=\"900\" \/>\n\t<meta property=\"og:image:type\" content=\"image\/jpeg\" \/>\n<meta name=\"twitter:card\" content=\"summary_large_image\" \/>\n<script type=\"application\/ld+json\" class=\"yoast-schema-graph\">{\"@context\":\"https:\\\/\\\/schema.org\",\"@graph\":[{\"@type\":\"WebPage\",\"@id\":\"https:\\\/\\\/albertmora.com\\\/ca\\\/producte\\\/caminant-per-estocolm\\\/\",\"url\":\"https:\\\/\\\/albertmora.com\\\/ca\\\/producte\\\/caminant-per-estocolm\\\/\",\"name\":\"Caminant per Estocolm - Albert Mora. Official Website\",\"isPartOf\":{\"@id\":\"https:\\\/\\\/albertmora.com\\\/ca\\\/#website\"},\"primaryImageOfPage\":{\"@id\":\"https:\\\/\\\/albertmora.com\\\/ca\\\/producte\\\/caminant-per-estocolm\\\/#primaryimage\"},\"image\":{\"@id\":\"https:\\\/\\\/albertmora.com\\\/ca\\\/producte\\\/caminant-per-estocolm\\\/#primaryimage\"},\"thumbnailUrl\":\"https:\\\/\\\/albertmora.com\\\/wp-content\\\/uploads\\\/stockholm-2009-80x60-2.jpg\",\"datePublished\":\"2022-01-26T11:53:32+00:00\",\"breadcrumb\":{\"@id\":\"https:\\\/\\\/albertmora.com\\\/ca\\\/producte\\\/caminant-per-estocolm\\\/#breadcrumb\"},\"inLanguage\":\"ca\",\"potentialAction\":[{\"@type\":\"ReadAction\",\"target\":[\"https:\\\/\\\/albertmora.com\\\/ca\\\/producte\\\/caminant-per-estocolm\\\/\"]}]},{\"@type\":\"ImageObject\",\"inLanguage\":\"ca\",\"@id\":\"https:\\\/\\\/albertmora.com\\\/ca\\\/producte\\\/caminant-per-estocolm\\\/#primaryimage\",\"url\":\"https:\\\/\\\/albertmora.com\\\/wp-content\\\/uploads\\\/stockholm-2009-80x60-2.jpg\",\"contentUrl\":\"https:\\\/\\\/albertmora.com\\\/wp-content\\\/uploads\\\/stockholm-2009-80x60-2.jpg\",\"width\":1200,\"height\":900},{\"@type\":\"BreadcrumbList\",\"@id\":\"https:\\\/\\\/albertmora.com\\\/ca\\\/producte\\\/caminant-per-estocolm\\\/#breadcrumb\",\"itemListElement\":[{\"@type\":\"ListItem\",\"position\":1,\"name\":\"Home\",\"item\":\"https:\\\/\\\/albertmora.com\\\/ca\\\/\"},{\"@type\":\"ListItem\",\"position\":2,\"name\":\"Botiga\",\"item\":\"https:\\\/\\\/albertmora.com\\\/ca\\\/shop-2\\\/\"},{\"@type\":\"ListItem\",\"position\":3,\"name\":\"Caminant per Estocolm\"}]},{\"@type\":\"WebSite\",\"@id\":\"https:\\\/\\\/albertmora.com\\\/ca\\\/#website\",\"url\":\"https:\\\/\\\/albertmora.com\\\/ca\\\/\",\"name\":\"Albert Mora. Official Website\",\"description\":\"\",\"potentialAction\":[{\"@type\":\"SearchAction\",\"target\":{\"@type\":\"EntryPoint\",\"urlTemplate\":\"https:\\\/\\\/albertmora.com\\\/ca\\\/?s={search_term_string}\"},\"query-input\":{\"@type\":\"PropertyValueSpecification\",\"valueRequired\":true,\"valueName\":\"search_term_string\"}}],\"inLanguage\":\"ca\"}]}<\/script>\n<!-- \/ Yoast SEO plugin. -->","yoast_head_json":{"title":"Caminant per Estocolm - Albert Mora. Official Website","robots":{"index":"index","follow":"follow","max-snippet":"max-snippet:-1","max-image-preview":"max-image-preview:large","max-video-preview":"max-video-preview:-1"},"canonical":"https:\/\/albertmora.com\/ca\/producte\/caminant-per-estocolm\/","og_locale":"ca_ES","og_type":"article","og_title":"Caminant per Estocolm - Albert Mora. Official Website","og_description":"Estocolm, 2009 Estocolm, la capital de Su\u00e8cia, inclou 14 illes i m\u00e9s de 50 ponts en un extens arxip\u00e8lag del mar B\u00e0ltic. Els carrers de llambordes i els edificis de color ocre de Gamla Stan (el nucli antic) acullen la catedral Storkyrkan del segle XIII, el Palau Reial Kungliga Slottet i el Museu Nobel.","og_url":"https:\/\/albertmora.com\/ca\/producte\/caminant-per-estocolm\/","og_site_name":"Albert Mora. Official Website","og_image":[{"width":1200,"height":900,"url":"https:\/\/albertmora.com\/wp-content\/stockholm-2009-80x60-2.jpg","type":"image\/jpeg"}],"twitter_card":"summary_large_image","schema":{"@context":"https:\/\/schema.org","@graph":[{"@type":"WebPage","@id":"https:\/\/albertmora.com\/ca\/producte\/caminant-per-estocolm\/","url":"https:\/\/albertmora.com\/ca\/producte\/caminant-per-estocolm\/","name":"Caminant per Estocolm - Albert Mora. Official Website","isPartOf":{"@id":"https:\/\/albertmora.com\/ca\/#website"},"primaryImageOfPage":{"@id":"https:\/\/albertmora.com\/ca\/producte\/caminant-per-estocolm\/#primaryimage"},"image":{"@id":"https:\/\/albertmora.com\/ca\/producte\/caminant-per-estocolm\/#primaryimage"},"thumbnailUrl":"https:\/\/albertmora.com\/wp-content\/uploads\/stockholm-2009-80x60-2.jpg","datePublished":"2022-01-26T11:53:32+00:00","breadcrumb":{"@id":"https:\/\/albertmora.com\/ca\/producte\/caminant-per-estocolm\/#breadcrumb"},"inLanguage":"ca","potentialAction":[{"@type":"ReadAction","target":["https:\/\/albertmora.com\/ca\/producte\/caminant-per-estocolm\/"]}]},{"@type":"ImageObject","inLanguage":"ca","@id":"https:\/\/albertmora.com\/ca\/producte\/caminant-per-estocolm\/#primaryimage","url":"https:\/\/albertmora.com\/wp-content\/uploads\/stockholm-2009-80x60-2.jpg","contentUrl":"https:\/\/albertmora.com\/wp-content\/uploads\/stockholm-2009-80x60-2.jpg","width":1200,"height":900},{"@type":"BreadcrumbList","@id":"https:\/\/albertmora.com\/ca\/producte\/caminant-per-estocolm\/#breadcrumb","itemListElement":[{"@type":"ListItem","position":1,"name":"Home","item":"https:\/\/albertmora.com\/ca\/"},{"@type":"ListItem","position":2,"name":"Botiga","item":"https:\/\/albertmora.com\/ca\/shop-2\/"},{"@type":"ListItem","position":3,"name":"Caminant per Estocolm"}]},{"@type":"WebSite","@id":"https:\/\/albertmora.com\/ca\/#website","url":"https:\/\/albertmora.com\/ca\/","name":"Albert Mora. Official Website","description":"","potentialAction":[{"@type":"SearchAction","target":{"@type":"EntryPoint","urlTemplate":"https:\/\/albertmora.com\/ca\/?s={search_term_string}"},"query-input":{"@type":"PropertyValueSpecification","valueRequired":true,"valueName":"search_term_string"}}],"inLanguage":"ca"}]}},"_links":{"self":[{"href":"https:\/\/albertmora.com\/ca\/wp-json\/wp\/v2\/product\/7531","targetHints":{"allow":["GET"]}}],"collection":[{"href":"https:\/\/albertmora.com\/ca\/wp-json\/wp\/v2\/product"}],"about":[{"href":"https:\/\/albertmora.com\/ca\/wp-json\/wp\/v2\/types\/product"}],"wp:featuredmedia":[{"embeddable":true,"href":"https:\/\/albertmora.com\/ca\/wp-json\/wp\/v2\/media\/7576"}],"wp:attachment":[{"href":"https:\/\/albertmora.com\/ca\/wp-json\/wp\/v2\/media?parent=7531"}],"wp:term":[{"taxonomy":"product_brand","embeddable":true,"href":"https:\/\/albertmora.com\/ca\/wp-json\/wp\/v2\/product_brand?post=7531"},{"taxonomy":"product_cat","embeddable":true,"href":"https:\/\/albertmora.com\/ca\/wp-json\/wp\/v2\/product_cat?post=7531"},{"taxonomy":"product_tag","embeddable":true,"href":"https:\/\/albertmora.com\/ca\/wp-json\/wp\/v2\/product_tag?post=7531"}],"curies":[{"name":"wp","href":"https:\/\/api.w.org\/{rel}","templated":true}]}}