{"id":7960,"date":"2022-02-09T13:34:10","date_gmt":"2022-02-09T12:34:10","guid":{"rendered":"https:\/\/albertmora.com\/product\/flow\/"},"modified":"2022-02-09T13:34:10","modified_gmt":"2022-02-09T12:34:10","slug":"flow-2","status":"publish","type":"product","link":"https:\/\/albertmora.com\/ca\/producte\/flow-2\/","title":{"rendered":"Flow"},"content":{"rendered":"<h2>Mides<\/h2>\n<p><strong>Cl\u00e0ssic<\/strong><br \/>\n92&#215;60 cm (ample x alt)<br \/>\n<strong>Gran<\/strong><br \/>\n138&#215;90 cm (ample x alt)<br \/>\n<strong>Gegant<\/strong><br \/>\n184&#215;120 cm (ample x alt)<\/p>\n","protected":false},"excerpt":{"rendered":"<p><strong>Dolomites, 2021<\/strong><\/p>\n<p>Les Dolomites, tamb\u00e9 conegudes com a Muntanyes Dolomites, Alps Dolomites o Alps Dolom\u00edtics, s\u00f3n una serralada situada al nord-est d&#8217;It\u00e0lia. Formen part dels Alps Calcaris del Sud i s&#8217;estenen des del riu Adige a l&#8217;oest fins a la vall del Piave a l&#8217;est.<\/p>\n","protected":false},"featured_media":7927,"template":"","meta":[],"product_brand":[],"product_cat":[343],"product_tag":[],"class_list":{"0":"post-7960","1":"product","2":"type-product","3":"status-publish","4":"has-post-thumbnail","6":"product_cat-europe-ca","8":"first","9":"instock","10":"shipping-taxable","11":"purchasable","12":"product-type-variable"},"yoast_head":"<!-- This site is optimized with the Yoast SEO plugin v27.4 - https:\/\/yoast.com\/product\/yoast-seo-wordpress\/ -->\n<title>Flow - Albert Mora. Official Website<\/title>\n<meta name=\"robots\" content=\"index, follow, max-snippet:-1, max-image-preview:large, max-video-preview:-1\" \/>\n<link rel=\"canonical\" href=\"https:\/\/albertmora.com\/ca\/producte\/flow-2\/\" \/>\n<meta property=\"og:locale\" content=\"ca_ES\" \/>\n<meta property=\"og:type\" content=\"article\" \/>\n<meta property=\"og:title\" content=\"Flow - Albert Mora. Official Website\" \/>\n<meta property=\"og:description\" content=\"Dolomites, 2021 Les Dolomites, tamb\u00e9 conegudes com a Muntanyes Dolomites, Alps Dolomites o Alps Dolom\u00edtics, s\u00f3n una serralada situada al nord-est d&#039;It\u00e0lia. Formen part dels Alps Calcaris del Sud i s&#039;estenen des del riu Adige a l&#039;oest fins a la vall del Piave a l&#039;est.\" \/>\n<meta property=\"og:url\" content=\"https:\/\/albertmora.com\/ca\/producte\/flow-2\/\" \/>\n<meta property=\"og:site_name\" content=\"Albert Mora. Official Website\" \/>\n<meta property=\"og:image\" content=\"https:\/\/albertmora.com\/wp-content\/braies2-2021-92x60-1.jpg\" \/>\n\t<meta property=\"og:image:width\" content=\"1200\" \/>\n\t<meta property=\"og:image:height\" content=\"780\" \/>\n\t<meta property=\"og:image:type\" content=\"image\/jpeg\" \/>\n<meta name=\"twitter:card\" content=\"summary_large_image\" \/>\n<script type=\"application\/ld+json\" class=\"yoast-schema-graph\">{\"@context\":\"https:\\\/\\\/schema.org\",\"@graph\":[{\"@type\":\"WebPage\",\"@id\":\"https:\\\/\\\/albertmora.com\\\/ca\\\/producte\\\/flow-2\\\/\",\"url\":\"https:\\\/\\\/albertmora.com\\\/ca\\\/producte\\\/flow-2\\\/\",\"name\":\"Flow - Albert Mora. Official Website\",\"isPartOf\":{\"@id\":\"https:\\\/\\\/albertmora.com\\\/ca\\\/#website\"},\"primaryImageOfPage\":{\"@id\":\"https:\\\/\\\/albertmora.com\\\/ca\\\/producte\\\/flow-2\\\/#primaryimage\"},\"image\":{\"@id\":\"https:\\\/\\\/albertmora.com\\\/ca\\\/producte\\\/flow-2\\\/#primaryimage\"},\"thumbnailUrl\":\"https:\\\/\\\/albertmora.com\\\/wp-content\\\/uploads\\\/braies2-2021-92x60-1.jpg\",\"datePublished\":\"2022-02-09T12:34:10+00:00\",\"breadcrumb\":{\"@id\":\"https:\\\/\\\/albertmora.com\\\/ca\\\/producte\\\/flow-2\\\/#breadcrumb\"},\"inLanguage\":\"ca\",\"potentialAction\":[{\"@type\":\"ReadAction\",\"target\":[\"https:\\\/\\\/albertmora.com\\\/ca\\\/producte\\\/flow-2\\\/\"]}]},{\"@type\":\"ImageObject\",\"inLanguage\":\"ca\",\"@id\":\"https:\\\/\\\/albertmora.com\\\/ca\\\/producte\\\/flow-2\\\/#primaryimage\",\"url\":\"https:\\\/\\\/albertmora.com\\\/wp-content\\\/uploads\\\/braies2-2021-92x60-1.jpg\",\"contentUrl\":\"https:\\\/\\\/albertmora.com\\\/wp-content\\\/uploads\\\/braies2-2021-92x60-1.jpg\",\"width\":1200,\"height\":780},{\"@type\":\"BreadcrumbList\",\"@id\":\"https:\\\/\\\/albertmora.com\\\/ca\\\/producte\\\/flow-2\\\/#breadcrumb\",\"itemListElement\":[{\"@type\":\"ListItem\",\"position\":1,\"name\":\"Home\",\"item\":\"https:\\\/\\\/albertmora.com\\\/ca\\\/\"},{\"@type\":\"ListItem\",\"position\":2,\"name\":\"Botiga\",\"item\":\"https:\\\/\\\/albertmora.com\\\/ca\\\/shop-2\\\/\"},{\"@type\":\"ListItem\",\"position\":3,\"name\":\"Flow\"}]},{\"@type\":\"WebSite\",\"@id\":\"https:\\\/\\\/albertmora.com\\\/ca\\\/#website\",\"url\":\"https:\\\/\\\/albertmora.com\\\/ca\\\/\",\"name\":\"Albert Mora. Official Website\",\"description\":\"\",\"potentialAction\":[{\"@type\":\"SearchAction\",\"target\":{\"@type\":\"EntryPoint\",\"urlTemplate\":\"https:\\\/\\\/albertmora.com\\\/ca\\\/?s={search_term_string}\"},\"query-input\":{\"@type\":\"PropertyValueSpecification\",\"valueRequired\":true,\"valueName\":\"search_term_string\"}}],\"inLanguage\":\"ca\"}]}<\/script>\n<!-- \/ Yoast SEO plugin. -->","yoast_head_json":{"title":"Flow - Albert Mora. Official Website","robots":{"index":"index","follow":"follow","max-snippet":"max-snippet:-1","max-image-preview":"max-image-preview:large","max-video-preview":"max-video-preview:-1"},"canonical":"https:\/\/albertmora.com\/ca\/producte\/flow-2\/","og_locale":"ca_ES","og_type":"article","og_title":"Flow - Albert Mora. Official Website","og_description":"Dolomites, 2021 Les Dolomites, tamb\u00e9 conegudes com a Muntanyes Dolomites, Alps Dolomites o Alps Dolom\u00edtics, s\u00f3n una serralada situada al nord-est d'It\u00e0lia. Formen part dels Alps Calcaris del Sud i s'estenen des del riu Adige a l'oest fins a la vall del Piave a l'est.","og_url":"https:\/\/albertmora.com\/ca\/producte\/flow-2\/","og_site_name":"Albert Mora. Official Website","og_image":[{"width":1200,"height":780,"url":"https:\/\/albertmora.com\/wp-content\/braies2-2021-92x60-1.jpg","type":"image\/jpeg"}],"twitter_card":"summary_large_image","schema":{"@context":"https:\/\/schema.org","@graph":[{"@type":"WebPage","@id":"https:\/\/albertmora.com\/ca\/producte\/flow-2\/","url":"https:\/\/albertmora.com\/ca\/producte\/flow-2\/","name":"Flow - Albert Mora. Official Website","isPartOf":{"@id":"https:\/\/albertmora.com\/ca\/#website"},"primaryImageOfPage":{"@id":"https:\/\/albertmora.com\/ca\/producte\/flow-2\/#primaryimage"},"image":{"@id":"https:\/\/albertmora.com\/ca\/producte\/flow-2\/#primaryimage"},"thumbnailUrl":"https:\/\/albertmora.com\/wp-content\/uploads\/braies2-2021-92x60-1.jpg","datePublished":"2022-02-09T12:34:10+00:00","breadcrumb":{"@id":"https:\/\/albertmora.com\/ca\/producte\/flow-2\/#breadcrumb"},"inLanguage":"ca","potentialAction":[{"@type":"ReadAction","target":["https:\/\/albertmora.com\/ca\/producte\/flow-2\/"]}]},{"@type":"ImageObject","inLanguage":"ca","@id":"https:\/\/albertmora.com\/ca\/producte\/flow-2\/#primaryimage","url":"https:\/\/albertmora.com\/wp-content\/uploads\/braies2-2021-92x60-1.jpg","contentUrl":"https:\/\/albertmora.com\/wp-content\/uploads\/braies2-2021-92x60-1.jpg","width":1200,"height":780},{"@type":"BreadcrumbList","@id":"https:\/\/albertmora.com\/ca\/producte\/flow-2\/#breadcrumb","itemListElement":[{"@type":"ListItem","position":1,"name":"Home","item":"https:\/\/albertmora.com\/ca\/"},{"@type":"ListItem","position":2,"name":"Botiga","item":"https:\/\/albertmora.com\/ca\/shop-2\/"},{"@type":"ListItem","position":3,"name":"Flow"}]},{"@type":"WebSite","@id":"https:\/\/albertmora.com\/ca\/#website","url":"https:\/\/albertmora.com\/ca\/","name":"Albert Mora. Official Website","description":"","potentialAction":[{"@type":"SearchAction","target":{"@type":"EntryPoint","urlTemplate":"https:\/\/albertmora.com\/ca\/?s={search_term_string}"},"query-input":{"@type":"PropertyValueSpecification","valueRequired":true,"valueName":"search_term_string"}}],"inLanguage":"ca"}]}},"_links":{"self":[{"href":"https:\/\/albertmora.com\/ca\/wp-json\/wp\/v2\/product\/7960","targetHints":{"allow":["GET"]}}],"collection":[{"href":"https:\/\/albertmora.com\/ca\/wp-json\/wp\/v2\/product"}],"about":[{"href":"https:\/\/albertmora.com\/ca\/wp-json\/wp\/v2\/types\/product"}],"wp:featuredmedia":[{"embeddable":true,"href":"https:\/\/albertmora.com\/ca\/wp-json\/wp\/v2\/media\/7927"}],"wp:attachment":[{"href":"https:\/\/albertmora.com\/ca\/wp-json\/wp\/v2\/media?parent=7960"}],"wp:term":[{"taxonomy":"product_brand","embeddable":true,"href":"https:\/\/albertmora.com\/ca\/wp-json\/wp\/v2\/product_brand?post=7960"},{"taxonomy":"product_cat","embeddable":true,"href":"https:\/\/albertmora.com\/ca\/wp-json\/wp\/v2\/product_cat?post=7960"},{"taxonomy":"product_tag","embeddable":true,"href":"https:\/\/albertmora.com\/ca\/wp-json\/wp\/v2\/product_tag?post=7960"}],"curies":[{"name":"wp","href":"https:\/\/api.w.org\/{rel}","templated":true}]}}