{"id":6610,"date":"2018-02-15T18:46:37","date_gmt":"2018-02-15T17:46:37","guid":{"rendered":"https:\/\/albertmora.com\/aviso-legal\/"},"modified":"2022-08-17T17:16:01","modified_gmt":"2022-08-17T16:16:01","slug":"aviso-legal","status":"publish","type":"page","link":"https:\/\/albertmora.com\/es\/aviso-legal\/","title":{"rendered":"Aviso Legal"},"content":{"rendered":"\n<p>Las presentes Condiciones Generales de Uso y Contrataci\u00f3n (en adelante \u00ablas Condiciones Generales\u00bb o \u00abCondiciones de Uso\u00bb) rigen, junto con la Pol\u00edtica de Privacidad, el acceso y uso de este Sitio Web, as\u00ed como la contrataci\u00f3n de servicios y compra de productos que se haga a trav\u00e9s de ella. Mediante la aceptaci\u00f3n de las presentes Condiciones Generales, el Usuario declara:<\/p>\n\n<ol class=\"wp-block-list\"><li>Que ha le\u00eddo y entendido lo que se dice aqu\u00ed.<\/li><li>Que la persona tiene capacidad suficiente para contratar.<\/li><li>Que, en el caso de actuar en nombre de una persona jur\u00eddica, tiene facultades suficientes y efectivas para hacerlo.<\/li><li>Asumir todas las obligaciones aqu\u00ed expuestas.<\/li><\/ol>\n<p>La utilizaci\u00f3n del Sitio Web atribuye la condici\u00f3n de Usuario del Sitio Web (en adelante, el \u00abUsuario\u00bb) e implica la aceptaci\u00f3n de todos los t\u00e9rminos incluidos en las presentes Condiciones Generales. El Usuario deber\u00e1 leer atentamente las presentes Condiciones Generales cada vez que el Usuario acceda al Sitio Web, ya que el Sitio Web y las presentes Condiciones Generales podr\u00e1n ser modificados.<\/p>\n\n<p>El titular del Sitio Web se reserva el derecho de realizar modificaciones o actualizar sus contenidos de software, productos y servicios, en cualquier momento y sin previo aviso; as\u00ed como actualizar estas Condiciones de uso y, en general, el n\u00famero de elementos integrados en el dise\u00f1o y configuraci\u00f3n del Sitio Web.<\/p>\n\n<p>La modificaci\u00f3n de estas Condiciones de Uso no afectar\u00e1 a los bienes o promociones que se hayan adquirido antes de dicha modificaci\u00f3n.<\/p>\n\n<h2 class=\"wp-block-heading\">Informaci\u00f3n general sobre el sitio web<\/h2>\n\n<p>En cumplimiento de lo dispuesto en la Ley Espa\u00f1ola, se proporciona la siguiente informaci\u00f3n general sobre el Sitio Web:<\/p>\n\n<p>Nombre: CANAL IP NETWORK, SL titular de la marca Albert Mora&#x2122; (en adelante, \u201cCANAL IP\u201d).<\/p>\n\n<p>Direcci\u00f3n: Portal de Valldeix 23, 08301 Matar\u00f3 (Barcelona), Catalunya, Espa\u00f1a<\/p>\n\n<p>N\u00famero de identificaci\u00f3n fiscal: B60678760<br\/><br\/>N\u00famero de iva para:<br\/>Italia: IT00216809996<br\/>Alemania: DE320115644<br\/>Francia: FR09841785884<br\/>Reino Unido: GB304123363<br\/>Polonia: PL5263236234<br\/>Rep\u00fablica Checa: CZ684635032<\/p>\n\n<p>Correo electr\u00f3nico: info[-]canalip.com<\/p>\n\n<p>Tel\u00e9fono: (34) 93 303 68 70<\/p>\n\n<p>Datos de inscripci\u00f3n: Registro Mercantil de Barcelona; Volumen 27697; P\u00e1gina 83; Hoja B-120931; Registro 3a; Fecha 28 de octubre de 1994.<\/p>\n\n<h2 class=\"wp-block-heading\">Condiciones de uso<\/h2>\n\n<p><strong>2.1. Acceso al Sitio Web<\/strong><\/p>\n\n<p>El acceso al Sitio Web es gratuito excepto por el coste de la conexi\u00f3n a trav\u00e9s de la red de telecomunicaciones proporcionada por el proveedor de acceso a Internet contratado por el Usuario.<\/p>\n\n<p><strong>2.2. La necesidad de registrarse<\/strong><\/p>\n\n<p>En general, para acceder a los servicios y contenidos del Sitio Web, no es necesario registrarse. Sin embargo, el uso de ciertos servicios y contenidos puede requerir el registro previo del Usuario.<\/p>\n\n<p>Los datos introducidos por el Usuario deben ser exactos, actuales y veraces. El Usuario registrado ser\u00e1 responsable en todo momento de la custodia de su contrase\u00f1a, asumiendo en consecuencia los da\u00f1os y perjuicios que pudieran derivarse de su uso indebido, as\u00ed como de la cesi\u00f3n, divulgaci\u00f3n o p\u00e9rdida de la contrase\u00f1a. A estos efectos, el acceso a las \u00e1reas restringidas y\/o el uso de los servicios y contenidos realizados bajo la contrase\u00f1a de un Usuario registrado se considerar\u00e1n realizados por dicho Usuario Registrado, que ser\u00e1 responsable de todo dicho acceso y uso.<\/p>\n\n<p><strong>2.3. Reglas para el uso del sitio web<\/strong><\/p>\n\n<p>El Usuario se compromete a utilizar el Sitio Web y todo su contenido de conformidad con lo dispuesto en la ley, la moral, el orden p\u00fablico y las presentes Condiciones de Uso. Asimismo, el Usuario est\u00e1 obligado a hacer un uso adecuado de los contenidos del Sitio Web y a no utilizarlos para llevar a cabo actividades ilegales o delitos, que infrinjan los derechos de terceros y\/o que vulneren la regulaci\u00f3n de la propiedad intelectual e industrial, o cualquier otra norma de las normas legales aplicables.<\/p>\n\n<p>El Usuario se compromete a no transmitir, introducir, difundir y poner a disposici\u00f3n de terceros cualquier material e informaci\u00f3n (datos, contrase\u00f1as, contenidos, mensajes, dibujos, archivos de sonido e imagen, fotograf\u00edas, software, etc.) que sean contrarios a la ley, la moral, p\u00fablico y las presentes Condiciones Generales. Esto incluye, pero en ning\u00fan caso limita o excluye, que el Usuario se comprometa a:<\/p>\n\n<p>Yo.- No introducir, compartir o promover contenidos racistas, xen\u00f3fobos, pornogr\u00e1ficos, que justifiquen el terrorismo o violen los derechos humanos.<\/p>\n\n<p>II.- No introducir o compartir programas (virus y software da\u00f1ino) que puedan causar da\u00f1os a los sistemas de informaci\u00f3n del proveedor de servicios, sus proveedores o usuarios externos de Internet.<\/p>\n\n<p>III.- No compartir, transmitir o poner a disposici\u00f3n de terceros ninguna informaci\u00f3n, elemento o contenido que socave los derechos fundamentales y las libertades p\u00fablicas, reconocidos por la Constituci\u00f3n y los tratados internacionales.<\/p>\n\n<p>IV.- No compartir, transmitir o poner a disposici\u00f3n de terceros ninguna informaci\u00f3n, elemento o contenido que constituya publicidad il\u00edcita o desleal.<\/p>\n\n<p>V.- No transmitir publicidad no solicitada o no autorizada, materiales promocionales, \u00abcorreo basura\u00bb, \u00abcartas en cadena\u00bb, \u00abesquemas piramidales\u00bb o cualquier otra forma de solicitud, excepto en aquellas \u00e1reas (como \u00e1reas comerciales) que hayan sido dise\u00f1adas exclusivamente para ello .<\/p>\n\n<p>VI.- No presentar ni compartir ninguna informaci\u00f3n falsa, ambigua o inexacta con el fin de inducir a error a los destinatarios de la informaci\u00f3n.<\/p>\n\n<p>VII.- No facilitar sus datos de inicio de sesi\u00f3n a diferentes servicios y\/o contenidos del Sitio Web a los dem\u00e1s Usuarios.<\/p>\n\n<p>VIII.- No compartir, transmitir o poner a disposici\u00f3n ninguna informaci\u00f3n, elementoo o contenido por parte de terceros, que implique una violaci\u00f3n de los derechos de propiedad intelectual, patente, marca comercial o derecho de autor que correspondan a los titulares del Sitio Web o a terceros.<\/p>\n\n<p>IX.- No compartir, transmitir o poner a disposici\u00f3n de terceros cualquier informaci\u00f3n, elemento o contenido que implique una violaci\u00f3n del secreto de la comunicaci\u00f3n y de la ley de datos personales.<\/p>\n\n<p>X.- No utilizar ning\u00fan servicio en relaci\u00f3n con:<\/p>\n\n<ol class=\"wp-block-list\"><li>Productos alcoh\u00f3licos, tabaco o armas.<\/li><li>Contenido que infrinja los derechos de terceros.<\/li><li>Apuestas, casinos y similares.<\/li><li>Actividades ilegales, esquemas piramidales, contenidos fraudulentos o actividades que puedan inducir a error al Usuario.<\/li><li>Contenido que fomente el odio o la violencia, sea amenazante, difamatorio o pornogr\u00e1fico.<\/li><li>Promociones dirigidas a cualquier pa\u00eds o regi\u00f3n donde existan limitaciones legales.<\/li><\/ol>\n<p>El Usuario se compromete a indemnizar a CANAL IP contra cualquier posible reclamaci\u00f3n, multa, sanci\u00f3n o sanci\u00f3n que pueda estar obligada a soportar como consecuencia del incumplimiento por parte del Usuario de cualquiera de las normas de uso antes mencionadas, reserv\u00e1ndose, adem\u00e1s, el derecho a solicitar a CANAL IP el derecho a solicitar indemnizaci\u00f3n por da\u00f1os y perjuicios seg\u00fan corresponda.<\/p>\n\n<p><strong>2.4. Exclusi\u00f3n de Responsabilidad<\/strong><\/p>\n\n<p>CANAL IP no asume ninguna responsabilidad por la actualizaci\u00f3n de este sitio web y software para mantener la informaci\u00f3n actualizada, ni garantiza que la informaci\u00f3n publicada sea exacta o completa. Por lo tanto, el Usuario debe confirmar que la informaci\u00f3n publicada es exacta y completa antes de tomar cualquier decisi\u00f3n relacionada con cualquier servicio o contenido descrito en este Sitio Web.<\/p>\n\n<p>El acceso del Usuario al Sitio Web no implica la obligaci\u00f3n de CANAL IP de controlar la ausencia de virus, gusanos o cualquier otro programa inform\u00e1tico da\u00f1ino. El Usuario, en cualquier caso, es responsable de la detecci\u00f3n y desinfecci\u00f3n de programas inform\u00e1ticos da\u00f1inos.<\/p>\n\n<p>CANAL IP no se hace responsable de los da\u00f1os causados al software y equipo inform\u00e1tico de los Usuarios o de terceros durante el uso de los servicios ofrecidos en el Sitio Web.<\/p>\n\n<p>CANAL IP no se hace responsable de los da\u00f1os y perjuicios de cualquier tipo causados al Usuario como consecuencia de un fallo o desconexi\u00f3n de las redes de telecomunicaciones que resulte en la suspensi\u00f3n, cancelaci\u00f3n o interrupci\u00f3n del servicio del Sitio Web prestando el mismo o anterior.<\/p>\n\n<p>Su uso de este sitio web es bajo su propio riesgo. El sitio web y el software se proporcionan \u00abtal cual\u00bb, sin garant\u00edas de ning\u00fan tipo, ya sea expresa o impl\u00edcita. Ni Canal IP ni ninguna persona asociada con la empresa ofrece ninguna garant\u00eda o representaci\u00f3n con respecto a la integridad, seguridad, confiabilidad, calidad, precisi\u00f3n o disponibilidad del sitio web y el software. Sin perjuicio de lo anterior, ni canal ip ni nadie asociado con la empresa declara o garantiza que el sitio web y el software ser\u00e1n precisos, confiables, libres de errores o ininterrumpidos, que los defectos se corregir\u00e1n, que el servidor que los pone a disposici\u00f3n es libre de virus u otros componentes da\u00f1inos, o que los servicios satisfagan sus necesidades o expectativas.<\/p>\n\n<p>Por la presente, Canal IP renuncia a todas las garant\u00edas de cualquier tipo, ya sean expresas o impl\u00edcitas, legales o de otro tipo, incluidas, entre otras, las garant\u00edas de comerciabilidad, no infracci\u00f3n e idoneidad para un prop\u00f3sito particular.<\/p>\n\n<p>Lo anterior no afecta ninguna garant\u00eda que no pueda ser excluida o limitada bajo la ley aplicable.<\/p>\n\n<p>En ning\u00fan caso nuestra empresa o nuestros directores, empleados o agentes asociados seremos responsables ante usted o cualquier tercero por cualquier da\u00f1o directo o indirecto; incluyendo lucro cesante, p\u00e9rdida de ingresos, p\u00e9rdida de datos u otros da\u00f1os derivados de su uso del sitio y el software, incluso si hemos sido informados de la posibilidad de dichos da\u00f1os.<\/p>\n\n<p><strong>2.5. Contenidos y servicios vinculados al Sitio Web<\/strong><\/p>\n\n<p>El acceso al Servicio al Sitio Web incluye dispositivos t\u00e9cnicos de enlace, directorios e incluso herramientas de b\u00fasqueda que permiten al Usuario acceder a otras p\u00e1ginas y Portales de Internet (en adelante, \u00abSitios Enlazados\u00bb). El acceso al Servicio al Sitio Web incluye dispositivos de enlace t\u00e9cnico, directorios e incluso herramientas de b\u00fasqueda que permiten al Usuario acceder a otras p\u00e1ginas y portales de Internet (en adelante, \u00abSitios Enlazados\u00bb). En estos casos, CANAL IP s\u00f3lo puede ser responsable de los contenidos y servicios proporcionados en los Sitios Enlazados en la medida en que haya sido avisado por escrito y con acuse de recibo de dicho enlaces a contenido il\u00edcito y no haya desactivado el enlace con la debida diligencia. En el caso de que el Usuario considere que existe un Sitio Enlazado con contenidos il\u00edcitos o inadecuados, deber\u00e1 comunic\u00e1rselo a CANAL IP por escrito con acuse de recibo, sin que ello implique en ning\u00fan caso la obligaci\u00f3n de retirar el enlace.<\/p>\n\n<p>En ning\u00fan caso la existencia de Sitios Enlazados debe ser percibida como un acuerdo formal entre los representantes o los propietarios, o como cualquier tipo de recomendaci\u00f3n, promoci\u00f3n o identificaci\u00f3n de CANAL IP con declaraciones, contenidos o servicios prestados.<\/p>\n\n<p>CANAL IP no dispone de informaci\u00f3n sobre los contenidos y servicios de los Sitios Enlazados, por lo que no se hace responsable de los da\u00f1os causados por la ilegalidad, calidad, desnaturalidad, indisponibilidad, error o inutilidad de los contenidos y\/o servicios de los Sitios Enlazados o de cualquier otro da\u00f1o que no sea directamente atribuible a CANAL IP.<\/p>\n\n<p><strong>2.6. Propiedad intelectual e industrial<\/strong><\/p>\n\n<p>Todos los contenidos del Sitio Web, incluyendo, a t\u00edtulo enunciativo pero no limitativo, textos, fotograf\u00edas, v\u00eddeos, gr\u00e1ficos, im\u00e1genes, iconos, tecnolog\u00eda, software, links y dem\u00e1s contenidos audiovisuales o sonoros, as\u00ed como el dise\u00f1o gr\u00e1fico y c\u00f3digos fuente son propiedad intelectual de CANAL IP, Albert Mora&#x2122; o terceros, sin que puedan entenderse cedidos al Usuario ninguno de los derechos de explotaci\u00f3n reconocidos por la legislaci\u00f3n vigente en materia de propiedad intelectual sobre aqu\u00e9llos.<\/p>\n\n<p>Las marcas, contenidos, nombres comerciales o signos distintivos son titularidad de CANAL IP o de terceros, sin que pueda entenderse que el acceso al Sitio Web atribuya ning\u00fan derecho sobre los mismos.<\/p>\n\n<h2 class=\"wp-block-heading\">Pol\u00edtica de devoluci\u00f3n y reembolso<\/h2>\n\n<p><strong>3.1 Devoluciones<\/strong><\/p>\n\n<p>Tienes 14 d\u00edas para devolver un art\u00edculo a partir de la fecha en que lo recibiste. Sin necesidad de justificaci\u00f3n Para ser elegible para una devoluci\u00f3n, su art\u00edculo debe estar en las mismas condiciones en que lo recibi\u00f3. Su art\u00edculo debe estar en el embalaje original. Todos los cargos de devoluci\u00f3n son responsabilidad del cliente. Los productos personalizados o personalizados no se pueden devolver.<\/p>\n\n<p>Una vez que recibamos su art\u00edculo en nuestro almac\u00e9n, lo inspeccionaremos y le notificaremos que hemos recibido su art\u00edculo devuelto. Si su devoluci\u00f3n es aprobada, iniciaremos un reembolso a su tarjeta de cr\u00e9dito. Recibir\u00e1 el cr\u00e9dito dentro de una cierta cantidad de d\u00edas, dependiendo de las pol\u00edticas del emisor de su tarjeta.<br\/><br\/>Direcci\u00f3n de devoluciones:<br\/>Portal de Valldeix 23, 08301 Matar\u00f3 (Barcelona)- Catalunya- Espa\u00f1a<\/p>\n\n<h2 class=\"wp-block-heading\">Politica de envios<\/h2>\n\n<p><strong>4.1 Tiempo de procesamiento de env\u00edos<\/strong><\/p>\n\n<p>Todos los pedidos se procesan dentro de los 14 d\u00edas h\u00e1biles.<br\/><br\/><strong>4.2 Tarifas de env\u00edo y estimaciones de entrega<\/strong><\/p>\n\n<p>Env\u00edo gratis en todas las ordenes<br\/>El tiempo estimado de entrega de los productos es de 5 a 7 d\u00edas h\u00e1biles<br\/>Por favor, p\u00f3ngase en contacto con nosotros con antelaci\u00f3n, si necesita un env\u00edo m\u00e1s urgente<br\/><br\/><strong>4.3 Destinos de env\u00edo<\/strong><\/p>\n\n<p>Actualmente solo enviamos a los siguientes destinos:<br\/>Austria, B\u00e9lgica, Bulgaria, Rep\u00fablica Checa, Dinamarca, Francia, Alemania, Grecia, Hungr\u00eda, Irlanda, Italia, Australia, Austria, B\u00e9lgica, Bulgaria, Canad\u00e1, Chipre, Rep\u00fablica Checa, Dinamarca, Estonia, Finlandia, Francia, Alemania, Grecia, Hungr\u00eda, Irlanda, Italia, Jap\u00f3n, Luxemburgo, Pa\u00edses Bajos, Polonia, Portugal, Ruman\u00eda, Eslovaquia, Eslovenia, Espa\u00f1a (excepto Islas Canarias), Suecia, Reino Unido y EE. UU.<br\/><br\/>Por favor, p\u00f3ngase en contacto con nosotros con antelaci\u00f3n, si necesita env\u00edo a otros pa\u00edses<\/p>\n\n<p>Tenga en cuenta que no podemos entregar a un n\u00famero de casilla de correos.<\/p>\n\n<p><strong>4.4 Precios<\/strong><\/p>\n\n<p>Aunque tratamos de asegurarnos de que todos los detalles, descripciones y precios que aparecen en este sitio web son exactos, pueden producirse errores. Si descubrimos un error en el precio de cualquier producto o servicio que haya pedido le informaremos de ello y le daremos la opci\u00f3n de reconfirmar su pedido al precio correcto o cancelarlo.<\/p>\n\n<p>Los precios de los productos que se muestran en el sitio incluyen los costos de embalaje est\u00e1ndar, IVA (cuando corresponda) y cualquier derecho indirecto (cuando corresponda)<\/p>\n\n<h2 class=\"wp-block-heading\">Procedimiento de compra<\/h2>\n\n<p>Seleccione las impresiones que desea comprar y agr\u00e9guelas al carrito de compras.<\/p>\n\n<p>La cesta de la compra contiene las referencias de los art\u00edculos seleccionados, su nombre y precio (IVA y gastos de env\u00edo incluidos).<\/p>\n\n<p>Para proceder a la compra, se requerir\u00e1n los datos personales del usuario y se incluir\u00e1n en nuestra base de datos con el fin de procesar el pedido y simplificar futuras compras a trav\u00e9s del Sitio Web. Los datos personales proporcionados por los usuarios ser\u00e1n tratados de acuerdo con nuestra Pol\u00edtica de Privacidad.<\/p>\n\n<p>Para procesar los pagos en l\u00ednea nuestra tienda utiliza la plataforma de pago en l\u00ednea Stripe, consulte este enlace para obtener m\u00e1s informaci\u00f3n <a rel=\"noreferrer noopener\" href=\"https:\/\/stripe.com\/en-es\/privacy\" target=\"_blank\">https:\/\/stripe.com\/en-es\/privacy<\/a><\/p>\n\n<h2 class=\"wp-block-heading\">Duraci\u00f3n. Cambios y modificaciones<\/h2>\n\n<p>Canal IP se reserva el derecho de modificar o interrumpir, en cualquier momento, cualquiera o todas las partes del sitio web, los productos y el software sin previo aviso.<\/p>\n\n<p>Canal IP se reserva el derecho, a su entera discreci\u00f3n, de modificar estos T\u00e9rminos de uso en cualquier momento. Usted es responsable de leer y comprender los t\u00e9rminos de este acuerdo antes de registrarse o utilizar el Software.<\/p>\n\n<p>Canal IP puede cancelar el acceso de cualquier Usuario a todo o parte del sitio web y software; sin previo aviso, y en cualquier momento.<\/p>\n\n<h2 class=\"wp-block-heading\">Cl\u00e1usulas nulas y nulas<\/h2>\n\n<p>Si alguna cl\u00e1usula de estas Condiciones Generales se declara total o parcialmente nula, dicha nulidad o ineficacia afectar\u00e1 \u00fanicamente a esa disposici\u00f3n o a su parte que sea inv\u00e1lida o ineficaz, subsistan en todo lo dem\u00e1s, considerando dicha disposici\u00f3n total o parcialmente no incluida.<\/p>\n\n<h2 class=\"wp-block-heading\">Legislaci\u00f3n y jurisdicci\u00f3n aplicables<\/h2>\n\n<p>Las presentes Condiciones Generales se regir\u00e1n e interpretar\u00e1n de conformidad con la legislaci\u00f3n espa\u00f1ola. CANAL IP y el Usuario acuerdan someter cualquier controversia que pudiera derivarse de la entrega de bienes o servicios objeto de estas Condiciones Generales, a los Juzgados y Tribunales de la ciudad de Barcelona, Catalunya, Espa\u00f1a, salvo que la ley establezca lo contrario.<\/p>\n","protected":false},"excerpt":{"rendered":"<p>Las presentes Condiciones Generales de Uso y Contrataci\u00f3n (en adelante \u00ablas Condiciones Generales\u00bb o \u00abCondiciones de Uso\u00bb) rigen, junto con la Pol\u00edtica de Privacidad, el acceso y uso de este Sitio Web, as\u00ed como la contrataci\u00f3n de servicios y compra de productos que se haga a trav\u00e9s de ella. Mediante la aceptaci\u00f3n de las presentes &#8230; <a title=\"Aviso Legal\" class=\"read-more\" href=\"https:\/\/albertmora.com\/es\/aviso-legal\/\" aria-label=\"Leer m\u00e1s sobre Aviso Legal\">Leer m\u00e1s<\/a><\/p>\n","protected":false},"author":1,"featured_media":0,"parent":0,"menu_order":0,"comment_status":"closed","ping_status":"closed","template":"","meta":{"footnotes":""},"class_list":["post-6610","page","type-page","status-publish"],"yoast_head":"<!-- This site is optimized with the Yoast SEO plugin v27.5 - https:\/\/yoast.com\/product\/yoast-seo-wordpress\/ -->\n<title>Aviso Legal - Albert Mora. Official Website<\/title>\n<meta name=\"robots\" content=\"index, follow, max-snippet:-1, max-image-preview:large, max-video-preview:-1\" \/>\n<link rel=\"canonical\" href=\"https:\/\/albertmora.com\/es\/aviso-legal\/\" \/>\n<meta property=\"og:locale\" content=\"es_ES\" \/>\n<meta property=\"og:type\" content=\"article\" \/>\n<meta property=\"og:title\" content=\"Aviso Legal - Albert Mora. Official Website\" \/>\n<meta property=\"og:description\" content=\"Las presentes Condiciones Generales de Uso y Contrataci\u00f3n (en adelante \u00ablas Condiciones Generales\u00bb o \u00abCondiciones de Uso\u00bb) rigen, junto con la Pol\u00edtica de Privacidad, el acceso y uso de este Sitio Web, as\u00ed como la contrataci\u00f3n de servicios y compra de productos que se haga a trav\u00e9s de ella. Mediante la aceptaci\u00f3n de las presentes ... Leer m\u00e1s\" \/>\n<meta property=\"og:url\" content=\"https:\/\/albertmora.com\/es\/aviso-legal\/\" \/>\n<meta property=\"og:site_name\" content=\"Albert Mora. Official Website\" \/>\n<meta property=\"article:modified_time\" content=\"2022-08-17T16:16:01+00:00\" \/>\n<meta name=\"twitter:card\" content=\"summary_large_image\" \/>\n<meta name=\"twitter:label1\" content=\"Tiempo de lectura\" \/>\n\t<meta name=\"twitter:data1\" content=\"14 minutos\" \/>\n<script type=\"application\/ld+json\" class=\"yoast-schema-graph\">{\"@context\":\"https:\\\/\\\/schema.org\",\"@graph\":[{\"@type\":\"WebPage\",\"@id\":\"https:\\\/\\\/albertmora.com\\\/es\\\/aviso-legal\\\/\",\"url\":\"https:\\\/\\\/albertmora.com\\\/es\\\/aviso-legal\\\/\",\"name\":\"Aviso Legal - Albert Mora. Official Website\",\"isPartOf\":{\"@id\":\"https:\\\/\\\/albertmora.com\\\/es\\\/#website\"},\"datePublished\":\"2018-02-15T17:46:37+00:00\",\"dateModified\":\"2022-08-17T16:16:01+00:00\",\"breadcrumb\":{\"@id\":\"https:\\\/\\\/albertmora.com\\\/es\\\/aviso-legal\\\/#breadcrumb\"},\"inLanguage\":\"es\",\"potentialAction\":[{\"@type\":\"ReadAction\",\"target\":[\"https:\\\/\\\/albertmora.com\\\/es\\\/aviso-legal\\\/\"]}]},{\"@type\":\"BreadcrumbList\",\"@id\":\"https:\\\/\\\/albertmora.com\\\/es\\\/aviso-legal\\\/#breadcrumb\",\"itemListElement\":[{\"@type\":\"ListItem\",\"position\":1,\"name\":\"Home\",\"item\":\"https:\\\/\\\/albertmora.com\\\/es\\\/\"},{\"@type\":\"ListItem\",\"position\":2,\"name\":\"Aviso Legal\"}]},{\"@type\":\"WebSite\",\"@id\":\"https:\\\/\\\/albertmora.com\\\/es\\\/#website\",\"url\":\"https:\\\/\\\/albertmora.com\\\/es\\\/\",\"name\":\"Albert Mora. Official Website\",\"description\":\"\",\"potentialAction\":[{\"@type\":\"SearchAction\",\"target\":{\"@type\":\"EntryPoint\",\"urlTemplate\":\"https:\\\/\\\/albertmora.com\\\/es\\\/?s={search_term_string}\"},\"query-input\":{\"@type\":\"PropertyValueSpecification\",\"valueRequired\":true,\"valueName\":\"search_term_string\"}}],\"inLanguage\":\"es\"}]}<\/script>\n<!-- \/ Yoast SEO plugin. -->","yoast_head_json":{"title":"Aviso Legal - Albert Mora. Official Website","robots":{"index":"index","follow":"follow","max-snippet":"max-snippet:-1","max-image-preview":"max-image-preview:large","max-video-preview":"max-video-preview:-1"},"canonical":"https:\/\/albertmora.com\/es\/aviso-legal\/","og_locale":"es_ES","og_type":"article","og_title":"Aviso Legal - Albert Mora. Official Website","og_description":"Las presentes Condiciones Generales de Uso y Contrataci\u00f3n (en adelante \u00ablas Condiciones Generales\u00bb o \u00abCondiciones de Uso\u00bb) rigen, junto con la Pol\u00edtica de Privacidad, el acceso y uso de este Sitio Web, as\u00ed como la contrataci\u00f3n de servicios y compra de productos que se haga a trav\u00e9s de ella. Mediante la aceptaci\u00f3n de las presentes ... Leer m\u00e1s","og_url":"https:\/\/albertmora.com\/es\/aviso-legal\/","og_site_name":"Albert Mora. Official Website","article_modified_time":"2022-08-17T16:16:01+00:00","twitter_card":"summary_large_image","twitter_misc":{"Tiempo de lectura":"14 minutos"},"schema":{"@context":"https:\/\/schema.org","@graph":[{"@type":"WebPage","@id":"https:\/\/albertmora.com\/es\/aviso-legal\/","url":"https:\/\/albertmora.com\/es\/aviso-legal\/","name":"Aviso Legal - Albert Mora. Official Website","isPartOf":{"@id":"https:\/\/albertmora.com\/es\/#website"},"datePublished":"2018-02-15T17:46:37+00:00","dateModified":"2022-08-17T16:16:01+00:00","breadcrumb":{"@id":"https:\/\/albertmora.com\/es\/aviso-legal\/#breadcrumb"},"inLanguage":"es","potentialAction":[{"@type":"ReadAction","target":["https:\/\/albertmora.com\/es\/aviso-legal\/"]}]},{"@type":"BreadcrumbList","@id":"https:\/\/albertmora.com\/es\/aviso-legal\/#breadcrumb","itemListElement":[{"@type":"ListItem","position":1,"name":"Home","item":"https:\/\/albertmora.com\/es\/"},{"@type":"ListItem","position":2,"name":"Aviso Legal"}]},{"@type":"WebSite","@id":"https:\/\/albertmora.com\/es\/#website","url":"https:\/\/albertmora.com\/es\/","name":"Albert Mora. Official Website","description":"","potentialAction":[{"@type":"SearchAction","target":{"@type":"EntryPoint","urlTemplate":"https:\/\/albertmora.com\/es\/?s={search_term_string}"},"query-input":{"@type":"PropertyValueSpecification","valueRequired":true,"valueName":"search_term_string"}}],"inLanguage":"es"}]}},"_links":{"self":[{"href":"https:\/\/albertmora.com\/es\/wp-json\/wp\/v2\/pages\/6610","targetHints":{"allow":["GET"]}}],"collection":[{"href":"https:\/\/albertmora.com\/es\/wp-json\/wp\/v2\/pages"}],"about":[{"href":"https:\/\/albertmora.com\/es\/wp-json\/wp\/v2\/types\/page"}],"author":[{"embeddable":true,"href":"https:\/\/albertmora.com\/es\/wp-json\/wp\/v2\/users\/1"}],"replies":[{"embeddable":true,"href":"https:\/\/albertmora.com\/es\/wp-json\/wp\/v2\/comments?post=6610"}],"version-history":[{"count":4,"href":"https:\/\/albertmora.com\/es\/wp-json\/wp\/v2\/pages\/6610\/revisions"}],"predecessor-version":[{"id":10491,"href":"https:\/\/albertmora.com\/es\/wp-json\/wp\/v2\/pages\/6610\/revisions\/10491"}],"wp:attachment":[{"href":"https:\/\/albertmora.com\/es\/wp-json\/wp\/v2\/media?parent=6610"}],"curies":[{"name":"wp","href":"https:\/\/api.w.org\/{rel}","templated":true}]}}