{"id":6638,"date":"2022-01-22T19:10:40","date_gmt":"2022-01-22T18:10:40","guid":{"rendered":"https:\/\/albertmora.com\/politica-de-privacidad\/"},"modified":"2022-03-19T17:46:20","modified_gmt":"2022-03-19T16:46:20","slug":"politica-de-privacidad","status":"publish","type":"page","link":"https:\/\/albertmora.com\/es\/politica-de-privacidad\/","title":{"rendered":"Pol\u00edtica de privacidad"},"content":{"rendered":"\n\n\n<p>De conformidad con lo dispuesto en las leyes espa\u00f1olas en materia de protecci\u00f3n de datos de car\u00e1cter personal, declaramos que:<\/p>\n\n\n\n<p>Todos los datos de car\u00e1cter personal que los Usuarios faciliten a trav\u00e9s de este sitio web (en adelante, \u201cel Sitio Web\u201d) ser\u00e1n almacenados y tratados en ficheros titularidad de CANAL IP NETWORK, S.L. (titular de la marca Albert Mora&#x2122;), en adelante \u201cCANAL IP\u201d, con la finalidad de mantener y gestionar el Sitio Web y prestar los servicios y productos ofrecidos en el Sitio Web, as\u00ed como para la comunicaci\u00f3n con los Usuarios a trav\u00e9s de correo electr\u00f3nico, fax, SMS, MMS, redes sociales o cualquier otro medio electr\u00f3nico o f\u00edsico; sobre ofertas, productos, servicios, contenidos y descuentos relacionados con productos o servicios para fiestas, celebraciones, actividades de ocio y temas relacionados con la educaci\u00f3n y el ocio infantil. Si no desea recibir este tipo de mensajes, puede indicarlo enviando un correo electr\u00f3nico a info [@] canalip.com.<\/p>\n\n\n\n<p>La cumplimentaci\u00f3n de todos los datos solicitados a trav\u00e9s del Sitio Web es necesaria para proporcionar una presentaci\u00f3n \u00f3ptima de los servicios y productos ofrecidos que est\u00e1n a disposici\u00f3n del Usuario. A menos que se proporcione toda la informaci\u00f3n, CANAL IP no garantiza que la informaci\u00f3n y los servicios puedan ser proporcionados, se proporcionen adecuadamente o satisfagan las necesidades del Usuario.<\/p>\n\n\n\n<p>Los Usuarios podr\u00e1n ejercer sus derechos de acceso, rectificaci\u00f3n, cancelaci\u00f3n y oposici\u00f3n, mediante comunicaci\u00f3n escrita y con acuse de recibo, dirigida a CANAL IP NETWORK, S.L. Portal de Valldeix 23, 08301 Matar\u00f3, Catalunya, Espa\u00f1a, o a trav\u00e9s de correo electr\u00f3nico a info [@] canalip.com. En ambos casos, el Usuario interesado deber\u00e1 adjuntar una copia de su documento nacional de identidad, pasaporte u otro documento de identificaci\u00f3n v\u00e1lido.<\/p>\n\n\n\n<h2 class=\"wp-block-heading\">Obligaciones del usuario<\/h2>\n\n\n\n<p>El Usuario se compromete a la veracidad y exactitud de los datos facilitados y se hace responsable de comunicar a CANAL IP cualquier modificaci\u00f3n de los mismos. El Usuario se compromete a mantener indemne a CANAL IP de cualquier posible reclamaci\u00f3n, multa o sanci\u00f3n a la que est\u00e9 obligado a soportar como consecuencia de la infracci\u00f3n por parte del Usuario de la presente Pol\u00edtica de Privacidad.<\/p>\n\n\n\n<p>Al registrarse, adquirir productos o servicios o utilizar este Sitio Web, el Usuario consiente expresamente al tratamiento automatizado de sus datos personales por parte de CANAL IP.<\/p>\n\n\n\n<p>CANAL IP mantiene los niveles de seguridad de protecci\u00f3n de datos personales establecidos en las leyes espa\u00f1olas vigentes en materia de protecci\u00f3n de datos personales.<\/p>\n\n\n\n<h2 class=\"wp-block-heading\">Galletas<\/h2>\n\n\n\n<p>Las cookies son archivos enviados al navegador a trav\u00e9s de un servidor web con el fin de registrar las actividades del Usuario durante su tiempo de navegaci\u00f3n. CANAL IP, por su propia cuenta o la de un tercero, pueden utilizar diferentes tipos de cookies en este Sitio Web:<\/p>\n\n\n\n<p>Cookies de usabilidad: Se utilizan para mejorar la experiencia de navegaci\u00f3n de los Usuarios.<\/p>\n\n\n\n<p>Cookies de an\u00e1lisis web: Se utilizan para medir diferentes par\u00e1metros estad\u00edsticos del uso de nuestro sitio web (vistas de p\u00e1gina, origen geogr\u00e1fico, duraci\u00f3n de la visita &#8230;)<\/p>\n\n\n\n<p>Cookies publicitarias: Permiten ofrecer publicidad segmentada teniendo en cuenta las p\u00e1ginas que un usuario ha visitado en nuestro sitio web.<\/p>\n\n\n\n<p>La duraci\u00f3n de las cookies depender\u00e1 del tipo y siempre ser\u00e1 el m\u00ednimo necesario para cumplir su finalidad.<\/p>\n\n\n\n<p>El Usuario tiene la capacidad de configurar el navegador para ser notificado del uso de cookies e impedir su instalaci\u00f3n en el ordenador. Consulte las instrucciones y manuales de su navegador para obtener m\u00e1s informaci\u00f3n.<\/p>\n\n\n\n<p>Para desactivar el uso de cookies en <a href=\"http:\/\/support.mozilla.org\/es\/kb\/habilitar-y-deshabilitar-cookies-que-los-sitios-we\">Firefox, haga clic aqu\u00ed<\/a><\/p>\n\n\n\n<p>Para desactivar el uso de cookies en <a href=\"https:\/\/support.google.com\/chrome\/answer\/95647?hl=es\">Chrome, haga clic aqu\u00ed<\/a><\/p>\n\n\n\n<p>Para desactivar el uso de cookies en Safari <a href=\"http:\/\/support.apple.com\/kb\/ph5042\">haga clic aqu\u00ed<\/a><\/p>\n\n\n\n<p>Para desactivar el uso de cookies en Opera <a href=\"http:\/\/help.opera.com\/Windows\/11.50\/es-ES\/cookies.html\">haga clic aqu\u00ed<\/a><\/p>\n\n\n\n<p>Para desactivar el uso de cookies en Explorer <a href=\"http:\/\/windows.microsoft.com\/es-es\/windows-vista\/block-or-allow-cookies\">haga clic aqu\u00ed<\/a><\/p>\n\n\n\n<p>Para poder utilizar el Sitio Web, no es necesario que el Usuario permita la instalaci\u00f3n de las cookies enviadas por el Sitio Web, o por terceros.<\/p>\n\n\n\n<h2 class=\"wp-block-heading\">Modificaci\u00f3n de esta pol\u00edtica de privacidad<\/h2>\n\n\n\n<p>CANAL IP se reserva el derecho de modificar esta pol\u00edtica de privacidad para cualquier adaptaci\u00f3n legal a la legislaci\u00f3n o ley futura, as\u00ed como las pr\u00e1cticas de la industria.<\/p>\n\n\n\n<h2 class=\"wp-block-heading\">Autorizaci\u00f3n para publicar su nombre en nuestra lista de clientes<\/h2>\n\n\n\n<p>Los contratistas de cualquiera de los servicios o productos ofrecidos por CANAL IP Network SL autorizan a la empresa a publicar su nombre en la lista de clientes, as\u00ed como a describir brevemente los resultados obtenidos.<\/p>\n\n\n\n<h2 class=\"wp-block-heading\">C\u00f3mo y cu\u00e1ndo divulgamos datos personales<\/h2>\n\n\n\n<p>Canal IP no vende ni alquila datos personales a terceros. Compartimos sus datos personales con entidades de confianza, como se describe a continuaci\u00f3n:<\/p>\n\n\n\n<p>&#8211; Para procesar los pagos en l\u00ednea, nuestra tienda utiliza la plataforma de pago en l\u00ednea Stripe. Consulte este enlace para obtener m\u00e1s informaci\u00f3n <a rel=\"noreferrer noopener\" href=\"https:\/\/stripe.com\/en-es\/privacy\" target=\"_blank\">https:\/\/stripe.com\/en-es\/privacy<\/a><br>&#8211; Compartimos Datos personales con un n\u00famero limitado de nuestros proveedores de mensajer\u00eda, para entregar los productos que ha comprado<br>&#8211; Compartimos Datos Personales : (i) para cumplir con la ley aplicable, (ii) para hacer valer nuestros derechos contractuales; (iii) para responder a las solicitudes de tribunales, agencias de aplicaci\u00f3n de la ley, agencias reguladoras y otras autoridades p\u00fablicas y gubernamentales, que pueden incluir autoridades fuera de su pa\u00eds de residencia.<br>&#8211; Compartimos Datos Personales con un n\u00famero limitado de terceros proveedores (empresas de mensajer\u00eda, empresas de comunicaci\u00f3n, abogados y contadores, etc.) que ayudan al desarrollo regular de la actividad de la empresa.<br>&#8211;  Si est\u00e1s subscrito a nuestra newletter, tus datos ser\u00e1n alojados en el provvedor de email marketing Getresponse, que es GDPR compliant. Puedes ver mas detalles en este enlace <a rel=\"noreferrer noopener\" href=\"https:\/\/www.getresponse.com\/legal\/privacy\" target=\"_blank\">https:\/\/www.getresponse.com\/legal\/privacy<\/a> . Puedes darte de baja de la newletter en cualquier momento.<\/p>\n","protected":false},"excerpt":{"rendered":"<p>De conformidad con lo dispuesto en las leyes espa\u00f1olas en materia de protecci\u00f3n de datos de car\u00e1cter personal, declaramos que: Todos los datos de car\u00e1cter personal que los Usuarios faciliten a trav\u00e9s de este sitio web (en adelante, \u201cel Sitio Web\u201d) ser\u00e1n almacenados y tratados en ficheros titularidad de CANAL IP NETWORK, S.L. (titular de &#8230; <a title=\"Pol\u00edtica de privacidad\" class=\"read-more\" href=\"https:\/\/albertmora.com\/es\/politica-de-privacidad\/\" aria-label=\"Leer m\u00e1s sobre Pol\u00edtica de privacidad\">Leer m\u00e1s<\/a><\/p>\n","protected":false},"author":1,"featured_media":0,"parent":0,"menu_order":0,"comment_status":"closed","ping_status":"closed","template":"","meta":{"footnotes":""},"class_list":["post-6638","page","type-page","status-publish"],"yoast_head":"<!-- This site is optimized with the Yoast SEO plugin v27.4 - https:\/\/yoast.com\/product\/yoast-seo-wordpress\/ -->\n<title>Pol\u00edtica de privacidad - Albert Mora. Official Website<\/title>\n<meta name=\"robots\" content=\"index, follow, max-snippet:-1, max-image-preview:large, max-video-preview:-1\" \/>\n<link rel=\"canonical\" href=\"https:\/\/albertmora.com\/es\/politica-de-privacidad\/\" \/>\n<meta property=\"og:locale\" content=\"es_ES\" \/>\n<meta property=\"og:type\" content=\"article\" \/>\n<meta property=\"og:title\" content=\"Pol\u00edtica de privacidad - Albert Mora. Official Website\" \/>\n<meta property=\"og:description\" content=\"De conformidad con lo dispuesto en las leyes espa\u00f1olas en materia de protecci\u00f3n de datos de car\u00e1cter personal, declaramos que: Todos los datos de car\u00e1cter personal que los Usuarios faciliten a trav\u00e9s de este sitio web (en adelante, \u201cel Sitio Web\u201d) ser\u00e1n almacenados y tratados en ficheros titularidad de CANAL IP NETWORK, S.L. (titular de ... Leer m\u00e1s\" \/>\n<meta property=\"og:url\" content=\"https:\/\/albertmora.com\/es\/politica-de-privacidad\/\" \/>\n<meta property=\"og:site_name\" content=\"Albert Mora. Official Website\" \/>\n<meta property=\"article:modified_time\" content=\"2022-03-19T16:46:20+00:00\" \/>\n<meta name=\"twitter:card\" content=\"summary_large_image\" \/>\n<meta name=\"twitter:label1\" content=\"Tiempo de lectura\" \/>\n\t<meta name=\"twitter:data1\" content=\"5 minutos\" \/>\n<script type=\"application\/ld+json\" class=\"yoast-schema-graph\">{\"@context\":\"https:\\\/\\\/schema.org\",\"@graph\":[{\"@type\":\"WebPage\",\"@id\":\"https:\\\/\\\/albertmora.com\\\/es\\\/politica-de-privacidad\\\/\",\"url\":\"https:\\\/\\\/albertmora.com\\\/es\\\/politica-de-privacidad\\\/\",\"name\":\"Pol\u00edtica de privacidad - Albert Mora. Official Website\",\"isPartOf\":{\"@id\":\"https:\\\/\\\/albertmora.com\\\/es\\\/#website\"},\"datePublished\":\"2022-01-22T18:10:40+00:00\",\"dateModified\":\"2022-03-19T16:46:20+00:00\",\"breadcrumb\":{\"@id\":\"https:\\\/\\\/albertmora.com\\\/es\\\/politica-de-privacidad\\\/#breadcrumb\"},\"inLanguage\":\"es\",\"potentialAction\":[{\"@type\":\"ReadAction\",\"target\":[\"https:\\\/\\\/albertmora.com\\\/es\\\/politica-de-privacidad\\\/\"]}]},{\"@type\":\"BreadcrumbList\",\"@id\":\"https:\\\/\\\/albertmora.com\\\/es\\\/politica-de-privacidad\\\/#breadcrumb\",\"itemListElement\":[{\"@type\":\"ListItem\",\"position\":1,\"name\":\"Home\",\"item\":\"https:\\\/\\\/albertmora.com\\\/es\\\/\"},{\"@type\":\"ListItem\",\"position\":2,\"name\":\"Pol\u00edtica de privacidad\"}]},{\"@type\":\"WebSite\",\"@id\":\"https:\\\/\\\/albertmora.com\\\/es\\\/#website\",\"url\":\"https:\\\/\\\/albertmora.com\\\/es\\\/\",\"name\":\"Albert Mora. Official Website\",\"description\":\"\",\"potentialAction\":[{\"@type\":\"SearchAction\",\"target\":{\"@type\":\"EntryPoint\",\"urlTemplate\":\"https:\\\/\\\/albertmora.com\\\/es\\\/?s={search_term_string}\"},\"query-input\":{\"@type\":\"PropertyValueSpecification\",\"valueRequired\":true,\"valueName\":\"search_term_string\"}}],\"inLanguage\":\"es\"}]}<\/script>\n<!-- \/ Yoast SEO plugin. -->","yoast_head_json":{"title":"Pol\u00edtica de privacidad - Albert Mora. Official Website","robots":{"index":"index","follow":"follow","max-snippet":"max-snippet:-1","max-image-preview":"max-image-preview:large","max-video-preview":"max-video-preview:-1"},"canonical":"https:\/\/albertmora.com\/es\/politica-de-privacidad\/","og_locale":"es_ES","og_type":"article","og_title":"Pol\u00edtica de privacidad - Albert Mora. Official Website","og_description":"De conformidad con lo dispuesto en las leyes espa\u00f1olas en materia de protecci\u00f3n de datos de car\u00e1cter personal, declaramos que: Todos los datos de car\u00e1cter personal que los Usuarios faciliten a trav\u00e9s de este sitio web (en adelante, \u201cel Sitio Web\u201d) ser\u00e1n almacenados y tratados en ficheros titularidad de CANAL IP NETWORK, S.L. (titular de ... Leer m\u00e1s","og_url":"https:\/\/albertmora.com\/es\/politica-de-privacidad\/","og_site_name":"Albert Mora. Official Website","article_modified_time":"2022-03-19T16:46:20+00:00","twitter_card":"summary_large_image","twitter_misc":{"Tiempo de lectura":"5 minutos"},"schema":{"@context":"https:\/\/schema.org","@graph":[{"@type":"WebPage","@id":"https:\/\/albertmora.com\/es\/politica-de-privacidad\/","url":"https:\/\/albertmora.com\/es\/politica-de-privacidad\/","name":"Pol\u00edtica de privacidad - Albert Mora. Official Website","isPartOf":{"@id":"https:\/\/albertmora.com\/es\/#website"},"datePublished":"2022-01-22T18:10:40+00:00","dateModified":"2022-03-19T16:46:20+00:00","breadcrumb":{"@id":"https:\/\/albertmora.com\/es\/politica-de-privacidad\/#breadcrumb"},"inLanguage":"es","potentialAction":[{"@type":"ReadAction","target":["https:\/\/albertmora.com\/es\/politica-de-privacidad\/"]}]},{"@type":"BreadcrumbList","@id":"https:\/\/albertmora.com\/es\/politica-de-privacidad\/#breadcrumb","itemListElement":[{"@type":"ListItem","position":1,"name":"Home","item":"https:\/\/albertmora.com\/es\/"},{"@type":"ListItem","position":2,"name":"Pol\u00edtica de privacidad"}]},{"@type":"WebSite","@id":"https:\/\/albertmora.com\/es\/#website","url":"https:\/\/albertmora.com\/es\/","name":"Albert Mora. Official Website","description":"","potentialAction":[{"@type":"SearchAction","target":{"@type":"EntryPoint","urlTemplate":"https:\/\/albertmora.com\/es\/?s={search_term_string}"},"query-input":{"@type":"PropertyValueSpecification","valueRequired":true,"valueName":"search_term_string"}}],"inLanguage":"es"}]}},"_links":{"self":[{"href":"https:\/\/albertmora.com\/es\/wp-json\/wp\/v2\/pages\/6638","targetHints":{"allow":["GET"]}}],"collection":[{"href":"https:\/\/albertmora.com\/es\/wp-json\/wp\/v2\/pages"}],"about":[{"href":"https:\/\/albertmora.com\/es\/wp-json\/wp\/v2\/types\/page"}],"author":[{"embeddable":true,"href":"https:\/\/albertmora.com\/es\/wp-json\/wp\/v2\/users\/1"}],"replies":[{"embeddable":true,"href":"https:\/\/albertmora.com\/es\/wp-json\/wp\/v2\/comments?post=6638"}],"version-history":[{"count":0,"href":"https:\/\/albertmora.com\/es\/wp-json\/wp\/v2\/pages\/6638\/revisions"}],"wp:attachment":[{"href":"https:\/\/albertmora.com\/es\/wp-json\/wp\/v2\/media?parent=6638"}],"curies":[{"name":"wp","href":"https:\/\/api.w.org\/{rel}","templated":true}]}}