{"id":7613,"date":"2022-02-03T20:04:33","date_gmt":"2022-02-03T19:04:33","guid":{"rendered":"https:\/\/albertmora.com\/promocion-para-disenadores-de-interiores-y-decoradores\/"},"modified":"2022-02-22T17:44:51","modified_gmt":"2022-02-22T16:44:51","slug":"promocion-para-disenadores-de-interiores-y-decoradores","status":"publish","type":"page","link":"https:\/\/albertmora.com\/es\/promocion-para-disenadores-de-interiores-y-decoradores\/","title":{"rendered":"Promoci\u00f3n para Dise\u00f1adores de Interiores y Decoradores"},"content":{"rendered":"\t\t<div data-elementor-type=\"wp-page\" data-elementor-id=\"7613\" class=\"elementor elementor-7613 elementor-7582\" data-elementor-post-type=\"page\">\n\t\t\t\t\t\t<section class=\"elementor-section elementor-top-section elementor-element elementor-element-f014d53 elementor-section-boxed elementor-section-height-default elementor-section-height-default\" data-id=\"f014d53\" data-element_type=\"section\" data-e-type=\"section\">\n\t\t\t\t\t\t<div class=\"elementor-container elementor-column-gap-default\">\n\t\t\t\t\t<div class=\"elementor-column elementor-col-100 elementor-top-column elementor-element elementor-element-70dc5f4\" data-id=\"70dc5f4\" data-element_type=\"column\" data-e-type=\"column\">\n\t\t\t<div class=\"elementor-widget-wrap elementor-element-populated\">\n\t\t\t\t\t\t<section class=\"elementor-section elementor-inner-section elementor-element elementor-element-9f6214e elementor-section-boxed elementor-section-height-default elementor-section-height-default\" data-id=\"9f6214e\" data-element_type=\"section\" data-e-type=\"section\">\n\t\t\t\t\t\t<div class=\"elementor-container elementor-column-gap-default\">\n\t\t\t\t\t<div class=\"elementor-column elementor-col-50 elementor-inner-column elementor-element elementor-element-2787057\" data-id=\"2787057\" data-element_type=\"column\" data-e-type=\"column\">\n\t\t\t<div class=\"elementor-widget-wrap elementor-element-populated\">\n\t\t\t\t\t\t<div class=\"elementor-element elementor-element-12022be elementor-widget elementor-widget-gallery\" data-id=\"12022be\" data-element_type=\"widget\" data-e-type=\"widget\" data-settings=\"{&quot;gallery_layout&quot;:&quot;justified&quot;,&quot;gap&quot;:{&quot;unit&quot;:&quot;px&quot;,&quot;size&quot;:1,&quot;sizes&quot;:[]},&quot;lazyload&quot;:&quot;yes&quot;,&quot;ideal_row_height&quot;:{&quot;unit&quot;:&quot;px&quot;,&quot;size&quot;:200,&quot;sizes&quot;:[]},&quot;ideal_row_height_tablet&quot;:{&quot;unit&quot;:&quot;px&quot;,&quot;size&quot;:150,&quot;sizes&quot;:[]},&quot;ideal_row_height_mobile&quot;:{&quot;unit&quot;:&quot;px&quot;,&quot;size&quot;:150,&quot;sizes&quot;:[]},&quot;gap_tablet&quot;:{&quot;unit&quot;:&quot;px&quot;,&quot;size&quot;:10,&quot;sizes&quot;:[]},&quot;gap_mobile&quot;:{&quot;unit&quot;:&quot;px&quot;,&quot;size&quot;:10,&quot;sizes&quot;:[]},&quot;link_to&quot;:&quot;file&quot;,&quot;overlay_background&quot;:&quot;yes&quot;,&quot;content_hover_animation&quot;:&quot;fade-in&quot;}\" data-widget_type=\"gallery.default\">\n\t\t\t\t<div class=\"elementor-widget-container\">\n\t\t\t\t\t\t\t<div class=\"elementor-gallery__container\">\n\t\t\t\t\t\t\t<a class=\"e-gallery-item elementor-gallery-item elementor-animated-content\" href=\"https:\/\/albertmora.com\/wp-content\/uploads\/st2.jpg\" data-elementor-open-lightbox=\"yes\" data-elementor-lightbox-slideshow=\"12022be\" data-elementor-lightbox-title=\"st2\" data-e-action-hash=\"#elementor-action%3Aaction%3Dlightbox%26settings%3DeyJpZCI6NjU2MywidXJsIjoiaHR0cHM6XC9cL2FsYmVydG1vcmEuY29tXC93cC1jb250ZW50XC91cGxvYWRzXC9zdDIuanBnIiwic2xpZGVzaG93IjoiMTIwMjJiZSJ9\">\n\t\t\t\t\t<div class=\"e-gallery-image elementor-gallery-item__image\" data-thumbnail=\"https:\/\/albertmora.com\/wp-content\/uploads\/elementor\/thumbs\/st2-qerqi69jry4t6wd0epjvz73ahhddd0nf3pj3jvp8rk.jpg\" data-width=\"400\" data-height=\"400\" aria-label=\"\" role=\"img\" ><\/div>\n\t\t\t\t\t\t\t\t\t\t\t<div class=\"elementor-gallery-item__overlay\"><\/div>\n\t\t\t\t\t\t\t\t\t\t\t\t\t\t<\/a>\n\t\t\t\t\t\t\t<a class=\"e-gallery-item elementor-gallery-item elementor-animated-content\" href=\"https:\/\/albertmora.com\/wp-content\/uploads\/st.jpg\" data-elementor-open-lightbox=\"yes\" data-elementor-lightbox-slideshow=\"12022be\" data-elementor-lightbox-title=\"S t\" data-e-action-hash=\"#elementor-action%3Aaction%3Dlightbox%26settings%3DeyJpZCI6NjU2MSwidXJsIjoiaHR0cHM6XC9cL2FsYmVydG1vcmEuY29tXC93cC1jb250ZW50XC91cGxvYWRzXC9zdC5qcGciLCJzbGlkZXNob3ciOiIxMjAyMmJlIn0%3D\">\n\t\t\t\t\t<div class=\"e-gallery-image elementor-gallery-item__image\" data-thumbnail=\"https:\/\/albertmora.com\/wp-content\/uploads\/elementor\/thumbs\/st-qerqi69jry4t6wd0epjvz73ahhddd0nf3pj3jvp8rk.jpg\" data-width=\"400\" data-height=\"400\" aria-label=\"\" role=\"img\" ><\/div>\n\t\t\t\t\t\t\t\t\t\t\t<div class=\"elementor-gallery-item__overlay\"><\/div>\n\t\t\t\t\t\t\t\t\t\t\t\t\t\t<\/a>\n\t\t\t\t\t\t\t<a class=\"e-gallery-item elementor-gallery-item elementor-animated-content\" href=\"https:\/\/albertmora.com\/wp-content\/uploads\/stockholm-2009-80x60-1.jpg\" data-elementor-open-lightbox=\"yes\" data-elementor-lightbox-slideshow=\"12022be\" data-elementor-lightbox-title=\"estocolmo-2009-80x60\" data-e-action-hash=\"#elementor-action%3Aaction%3Dlightbox%26settings%3DeyJpZCI6NjU1OSwidXJsIjoiaHR0cHM6XC9cL2FsYmVydG1vcmEuY29tXC93cC1jb250ZW50XC91cGxvYWRzXC9zdG9ja2hvbG0tMjAwOS04MHg2MC0xLmpwZyIsInNsaWRlc2hvdyI6IjEyMDIyYmUifQ%3D%3D\">\n\t\t\t\t\t<div class=\"e-gallery-image elementor-gallery-item__image\" data-thumbnail=\"https:\/\/albertmora.com\/wp-content\/uploads\/elementor\/thumbs\/stockholm-2009-80x60-1-qerqi69jry4t6wd0epjvz73ahhddd0nf3pj3jvp8rk.jpg\" data-width=\"400\" data-height=\"400\" aria-label=\"\" role=\"img\" ><\/div>\n\t\t\t\t\t\t\t\t\t\t\t<div class=\"elementor-gallery-item__overlay\"><\/div>\n\t\t\t\t\t\t\t\t\t\t\t\t\t\t<\/a>\n\t\t\t\t\t\t\t<a class=\"e-gallery-item elementor-gallery-item elementor-animated-content\" href=\"https:\/\/albertmora.com\/wp-content\/uploads\/albert-mora.jpg\" data-elementor-open-lightbox=\"yes\" data-elementor-lightbox-slideshow=\"12022be\" data-elementor-lightbox-title=\"albert mora\" data-e-action-hash=\"#elementor-action%3Aaction%3Dlightbox%26settings%3DeyJpZCI6NjQ5NSwidXJsIjoiaHR0cHM6XC9cL2FsYmVydG1vcmEuY29tXC93cC1jb250ZW50XC91cGxvYWRzXC9hbGJlcnQtbW9yYS5qcGciLCJzbGlkZXNob3ciOiIxMjAyMmJlIn0%3D\">\n\t\t\t\t\t<div class=\"e-gallery-image elementor-gallery-item__image\" data-thumbnail=\"https:\/\/albertmora.com\/wp-content\/uploads\/elementor\/thumbs\/albert-mora-qerqibwkwycj4k4thrzne5o21slkn79t4hg0fjgvq8.jpg\" data-width=\"400\" data-height=\"400\" aria-label=\"\" role=\"img\" ><\/div>\n\t\t\t\t\t\t\t\t\t\t\t<div class=\"elementor-gallery-item__overlay\"><\/div>\n\t\t\t\t\t\t\t\t\t\t\t\t\t\t<\/a>\n\t\t\t\t\t<\/div>\n\t\t\t\t\t<\/div>\n\t\t\t\t<\/div>\n\t\t\t\t\t<\/div>\n\t\t<\/div>\n\t\t\t\t<div class=\"elementor-column elementor-col-50 elementor-inner-column elementor-element elementor-element-16233ed\" data-id=\"16233ed\" data-element_type=\"column\" data-e-type=\"column\">\n\t\t\t<div class=\"elementor-widget-wrap elementor-element-populated\">\n\t\t\t\t\t\t<div class=\"elementor-element elementor-element-a927b37 elementor-cta--skin-classic elementor-animated-content elementor-bg-transform elementor-bg-transform-zoom-in elementor-widget elementor-widget-call-to-action\" data-id=\"a927b37\" data-element_type=\"widget\" data-e-type=\"widget\" data-widget_type=\"call-to-action.default\">\n\t\t\t\t<div class=\"elementor-widget-container\">\n\t\t\t\t\t\t\t<div class=\"elementor-cta\">\n\t\t\t\t\t<div class=\"elementor-cta__bg-wrapper\">\n\t\t\t\t<div class=\"elementor-cta__bg elementor-bg\" style=\"background-image: url(https:\/\/albertmora.com\/wp-content\/uploads\/promo5-1-1024x1024.jpg);\" role=\"img\" aria-label=\"promo5\"><\/div>\n\t\t\t\t<div class=\"elementor-cta__bg-overlay\"><\/div>\n\t\t\t<\/div>\n\t\t\t\t\t\t\t<div class=\"elementor-cta__content\">\n\t\t\t\t\n\t\t\t\t\t\t\t\t\t<h2 class=\"elementor-cta__title elementor-cta__content-item elementor-content-item\">\n\t\t\t\t\t\tDescarga el cat\u00e1logo en formato PDF, con todas las fotos y descuentos: \t\t\t\t\t<\/h2>\n\t\t\t\t\n\t\t\t\t\n\t\t\t\t\t\t\t\t\t<div class=\"elementor-cta__button-wrapper elementor-cta__content-item elementor-content-item \">\n\t\t\t\t\t<a class=\"elementor-cta__button elementor-button elementor-size-lg\" href=\"https:\/\/albertmora.com\/catalpro.pdf\">\n\t\t\t\t\t\tClick Aqu\u00ed\t\t\t\t\t<\/a>\n\t\t\t\t\t<\/div>\n\t\t\t\t\t\t\t<\/div>\n\t\t\t\t\t\t<\/div>\n\t\t\t\t\t\t<\/div>\n\t\t\t\t<\/div>\n\t\t\t\t<div class=\"elementor-element elementor-element-f05bf8d elementor-widget elementor-widget-text-editor\" data-id=\"f05bf8d\" data-element_type=\"widget\" data-e-type=\"widget\" data-widget_type=\"text-editor.default\">\n\t\t\t\t<div class=\"elementor-widget-container\">\n\t\t\t\t\t\t\t\t\t<p><span style=\"font-size: 14pt; color: #000000;\"><strong>Hasta el 35% de descuento, ver condiciones en el <span style=\"text-decoration: underline;\"><a href=\"https:\/\/albertmora.com\/catalpro.pdf\">PDF<\/a><\/span><\/strong><\/span><\/p>\t\t\t\t\t\t\t\t<\/div>\n\t\t\t\t<\/div>\n\t\t\t\t\t<\/div>\n\t\t<\/div>\n\t\t\t\t\t<\/div>\n\t\t<\/section>\n\t\t\t\t<div class=\"elementor-element elementor-element-2436ed7 elementor-widget elementor-widget-text-editor\" data-id=\"2436ed7\" data-element_type=\"widget\" data-e-type=\"widget\" data-widget_type=\"text-editor.default\">\n\t\t\t\t<div class=\"elementor-widget-container\">\n\t\t\t\t\t\t\t\t\t<p><a href=\"https:\/\/albertmora.com\/es\/sobre-nosotros\/\" target=\"_blank\" rel=\"noopener\">Sobre el Autor<\/a><\/p><p><a href=\"https:\/\/albertmora.com\/es\/contacto\/\" target=\"_blank\" rel=\"noopener\">Cont\u00e1ctenos<\/a><\/p><p><a href=\"https:\/\/albertmora.com\/catalpro.pdf\">Descargar PDF<\/a><\/p>\t\t\t\t\t\t\t\t<\/div>\n\t\t\t\t<\/div>\n\t\t\t\t\t<\/div>\n\t\t<\/div>\n\t\t\t\t\t<\/div>\n\t\t<\/section>\n\t\t\t\t<\/div>\n\t\t","protected":false},"excerpt":{"rendered":"<p>Descarga el cat\u00e1logo en formato PDF, con todas las fotos y descuentos: Click Aqu\u00ed Hasta el 35% de descuento, ver condiciones en el PDF Sobre el Autor Cont\u00e1ctenos Descargar PDF<\/p>\n","protected":false},"author":1,"featured_media":0,"parent":0,"menu_order":0,"comment_status":"closed","ping_status":"closed","template":"","meta":{"footnotes":""},"class_list":["post-7613","page","type-page","status-publish"],"yoast_head":"<!-- This site is optimized with the Yoast SEO plugin v27.5 - https:\/\/yoast.com\/product\/yoast-seo-wordpress\/ -->\n<title>Promoci\u00f3n para Dise\u00f1adores de Interiores y Decoradores - Albert Mora. Official Website<\/title>\n<meta name=\"robots\" content=\"index, follow, max-snippet:-1, max-image-preview:large, max-video-preview:-1\" \/>\n<link rel=\"canonical\" href=\"https:\/\/albertmora.com\/es\/promocion-para-disenadores-de-interiores-y-decoradores\/\" \/>\n<meta property=\"og:locale\" content=\"es_ES\" \/>\n<meta property=\"og:type\" content=\"article\" \/>\n<meta property=\"og:title\" content=\"Promoci\u00f3n para Dise\u00f1adores de Interiores y Decoradores - Albert Mora. Official Website\" \/>\n<meta property=\"og:description\" content=\"Descarga el cat\u00e1logo en formato PDF, con todas las fotos y descuentos: Click Aqu\u00ed Hasta el 35% de descuento, ver condiciones en el PDF Sobre el Autor Cont\u00e1ctenos Descargar PDF\" \/>\n<meta property=\"og:url\" content=\"https:\/\/albertmora.com\/es\/promocion-para-disenadores-de-interiores-y-decoradores\/\" \/>\n<meta property=\"og:site_name\" content=\"Albert Mora. Official Website\" \/>\n<meta property=\"article:modified_time\" content=\"2022-02-22T16:44:51+00:00\" \/>\n<meta name=\"twitter:card\" content=\"summary_large_image\" \/>\n<script type=\"application\/ld+json\" class=\"yoast-schema-graph\">{\"@context\":\"https:\\\/\\\/schema.org\",\"@graph\":[{\"@type\":\"WebPage\",\"@id\":\"https:\\\/\\\/albertmora.com\\\/es\\\/promocion-para-disenadores-de-interiores-y-decoradores\\\/\",\"url\":\"https:\\\/\\\/albertmora.com\\\/es\\\/promocion-para-disenadores-de-interiores-y-decoradores\\\/\",\"name\":\"Promoci\u00f3n para Dise\u00f1adores de Interiores y Decoradores - Albert Mora. Official Website\",\"isPartOf\":{\"@id\":\"https:\\\/\\\/albertmora.com\\\/es\\\/#website\"},\"datePublished\":\"2022-02-03T19:04:33+00:00\",\"dateModified\":\"2022-02-22T16:44:51+00:00\",\"breadcrumb\":{\"@id\":\"https:\\\/\\\/albertmora.com\\\/es\\\/promocion-para-disenadores-de-interiores-y-decoradores\\\/#breadcrumb\"},\"inLanguage\":\"es\",\"potentialAction\":[{\"@type\":\"ReadAction\",\"target\":[\"https:\\\/\\\/albertmora.com\\\/es\\\/promocion-para-disenadores-de-interiores-y-decoradores\\\/\"]}]},{\"@type\":\"BreadcrumbList\",\"@id\":\"https:\\\/\\\/albertmora.com\\\/es\\\/promocion-para-disenadores-de-interiores-y-decoradores\\\/#breadcrumb\",\"itemListElement\":[{\"@type\":\"ListItem\",\"position\":1,\"name\":\"Home\",\"item\":\"https:\\\/\\\/albertmora.com\\\/es\\\/\"},{\"@type\":\"ListItem\",\"position\":2,\"name\":\"Promoci\u00f3n para Dise\u00f1adores de Interiores y Decoradores\"}]},{\"@type\":\"WebSite\",\"@id\":\"https:\\\/\\\/albertmora.com\\\/es\\\/#website\",\"url\":\"https:\\\/\\\/albertmora.com\\\/es\\\/\",\"name\":\"Albert Mora. Official Website\",\"description\":\"\",\"potentialAction\":[{\"@type\":\"SearchAction\",\"target\":{\"@type\":\"EntryPoint\",\"urlTemplate\":\"https:\\\/\\\/albertmora.com\\\/es\\\/?s={search_term_string}\"},\"query-input\":{\"@type\":\"PropertyValueSpecification\",\"valueRequired\":true,\"valueName\":\"search_term_string\"}}],\"inLanguage\":\"es\"}]}<\/script>\n<!-- \/ Yoast SEO plugin. -->","yoast_head_json":{"title":"Promoci\u00f3n para Dise\u00f1adores de Interiores y Decoradores - Albert Mora. Official Website","robots":{"index":"index","follow":"follow","max-snippet":"max-snippet:-1","max-image-preview":"max-image-preview:large","max-video-preview":"max-video-preview:-1"},"canonical":"https:\/\/albertmora.com\/es\/promocion-para-disenadores-de-interiores-y-decoradores\/","og_locale":"es_ES","og_type":"article","og_title":"Promoci\u00f3n para Dise\u00f1adores de Interiores y Decoradores - Albert Mora. Official Website","og_description":"Descarga el cat\u00e1logo en formato PDF, con todas las fotos y descuentos: Click Aqu\u00ed Hasta el 35% de descuento, ver condiciones en el PDF Sobre el Autor Cont\u00e1ctenos Descargar PDF","og_url":"https:\/\/albertmora.com\/es\/promocion-para-disenadores-de-interiores-y-decoradores\/","og_site_name":"Albert Mora. Official Website","article_modified_time":"2022-02-22T16:44:51+00:00","twitter_card":"summary_large_image","schema":{"@context":"https:\/\/schema.org","@graph":[{"@type":"WebPage","@id":"https:\/\/albertmora.com\/es\/promocion-para-disenadores-de-interiores-y-decoradores\/","url":"https:\/\/albertmora.com\/es\/promocion-para-disenadores-de-interiores-y-decoradores\/","name":"Promoci\u00f3n para Dise\u00f1adores de Interiores y Decoradores - Albert Mora. Official Website","isPartOf":{"@id":"https:\/\/albertmora.com\/es\/#website"},"datePublished":"2022-02-03T19:04:33+00:00","dateModified":"2022-02-22T16:44:51+00:00","breadcrumb":{"@id":"https:\/\/albertmora.com\/es\/promocion-para-disenadores-de-interiores-y-decoradores\/#breadcrumb"},"inLanguage":"es","potentialAction":[{"@type":"ReadAction","target":["https:\/\/albertmora.com\/es\/promocion-para-disenadores-de-interiores-y-decoradores\/"]}]},{"@type":"BreadcrumbList","@id":"https:\/\/albertmora.com\/es\/promocion-para-disenadores-de-interiores-y-decoradores\/#breadcrumb","itemListElement":[{"@type":"ListItem","position":1,"name":"Home","item":"https:\/\/albertmora.com\/es\/"},{"@type":"ListItem","position":2,"name":"Promoci\u00f3n para Dise\u00f1adores de Interiores y Decoradores"}]},{"@type":"WebSite","@id":"https:\/\/albertmora.com\/es\/#website","url":"https:\/\/albertmora.com\/es\/","name":"Albert Mora. Official Website","description":"","potentialAction":[{"@type":"SearchAction","target":{"@type":"EntryPoint","urlTemplate":"https:\/\/albertmora.com\/es\/?s={search_term_string}"},"query-input":{"@type":"PropertyValueSpecification","valueRequired":true,"valueName":"search_term_string"}}],"inLanguage":"es"}]}},"_links":{"self":[{"href":"https:\/\/albertmora.com\/es\/wp-json\/wp\/v2\/pages\/7613","targetHints":{"allow":["GET"]}}],"collection":[{"href":"https:\/\/albertmora.com\/es\/wp-json\/wp\/v2\/pages"}],"about":[{"href":"https:\/\/albertmora.com\/es\/wp-json\/wp\/v2\/types\/page"}],"author":[{"embeddable":true,"href":"https:\/\/albertmora.com\/es\/wp-json\/wp\/v2\/users\/1"}],"replies":[{"embeddable":true,"href":"https:\/\/albertmora.com\/es\/wp-json\/wp\/v2\/comments?post=7613"}],"version-history":[{"count":0,"href":"https:\/\/albertmora.com\/es\/wp-json\/wp\/v2\/pages\/7613\/revisions"}],"wp:attachment":[{"href":"https:\/\/albertmora.com\/es\/wp-json\/wp\/v2\/media?parent=7613"}],"curies":[{"name":"wp","href":"https:\/\/api.w.org\/{rel}","templated":true}]}}