{"id":8568,"date":"2022-03-19T17:04:02","date_gmt":"2022-03-19T16:04:02","guid":{"rendered":"https:\/\/albertmora.com\/?page_id=8568"},"modified":"2022-04-19T13:24:03","modified_gmt":"2022-04-19T12:24:03","slug":"curso-nft-gratis","status":"publish","type":"page","link":"https:\/\/albertmora.com\/es\/curso-nft-gratis\/","title":{"rendered":"Curso NFT Gratis"},"content":{"rendered":"\t\t<div data-elementor-type=\"wp-page\" data-elementor-id=\"8568\" class=\"elementor elementor-8568\" data-elementor-post-type=\"page\">\n\t\t\t\t\t\t<section class=\"elementor-section elementor-top-section elementor-element elementor-element-07f6cd0 elementor-section-boxed elementor-section-height-default elementor-section-height-default\" data-id=\"07f6cd0\" data-element_type=\"section\" data-e-type=\"section\">\n\t\t\t\t\t\t<div class=\"elementor-container elementor-column-gap-default\">\n\t\t\t\t\t<div class=\"elementor-column elementor-col-100 elementor-top-column elementor-element elementor-element-f5febe5\" data-id=\"f5febe5\" data-element_type=\"column\" data-e-type=\"column\">\n\t\t\t<div class=\"elementor-widget-wrap elementor-element-populated\">\n\t\t\t\t\t\t<div class=\"elementor-element elementor-element-60f66e5 elementor-widget elementor-widget-text-editor\" data-id=\"60f66e5\" data-element_type=\"widget\" data-e-type=\"widget\" data-widget_type=\"text-editor.default\">\n\t\t\t\t<div class=\"elementor-widget-container\">\n\t\t\t\t\t\t\t\t\t<p><span style=\"text-decoration: underline; color: #3366ff;\"><strong><span style=\"font-size: 24pt;\"><a style=\"color: #3366ff; text-decoration: underline;\" href=\"https:\/\/www.youtube.com\/channel\/UCPc3m6VJkTgUOcKkcIL3GLw\/videos\" target=\"_blank\" rel=\"noopener\">Subscr\u00edbete al canal de Youtube para ver todos los videos: CLICK AQU\u00cd<\/a><\/span><\/strong><\/span><\/p>\t\t\t\t\t\t\t\t<\/div>\n\t\t\t\t<\/div>\n\t\t\t\t\t<\/div>\n\t\t<\/div>\n\t\t\t\t\t<\/div>\n\t\t<\/section>\n\t\t\t\t<section class=\"elementor-section elementor-top-section elementor-element elementor-element-0bbe40e elementor-section-boxed elementor-section-height-default elementor-section-height-default\" data-id=\"0bbe40e\" data-element_type=\"section\" data-e-type=\"section\">\n\t\t\t\t\t\t<div class=\"elementor-container elementor-column-gap-default\">\n\t\t\t\t\t<div class=\"elementor-column elementor-col-100 elementor-top-column elementor-element elementor-element-8f95409\" data-id=\"8f95409\" data-element_type=\"column\" data-e-type=\"column\">\n\t\t\t<div class=\"elementor-widget-wrap elementor-element-populated\">\n\t\t\t\t\t\t<div class=\"elementor-element elementor-element-c29843d elementor-widget elementor-widget-text-editor\" data-id=\"c29843d\" data-element_type=\"widget\" data-e-type=\"widget\" data-widget_type=\"text-editor.default\">\n\t\t\t\t<div class=\"elementor-widget-container\">\n\t\t\t\t\t\t\t\t\t<p><span style=\"font-size: 36pt; color: #000080;\"><strong>Curso NFT GRATUITO.<\/strong><\/span><br \/><span style=\"font-size: 18pt; color: #000000;\">100% Online y Basado en Casos Reales + Acceso Gratis a Comunidad NFT<\/span><\/p>\t\t\t\t\t\t\t\t<\/div>\n\t\t\t\t<\/div>\n\t\t\t\t\t<\/div>\n\t\t<\/div>\n\t\t\t\t\t<\/div>\n\t\t<\/section>\n\t\t\t\t<section class=\"elementor-section elementor-top-section elementor-element elementor-element-285a7d8 elementor-section-boxed elementor-section-height-default elementor-section-height-default\" data-id=\"285a7d8\" data-element_type=\"section\" data-e-type=\"section\">\n\t\t\t\t\t\t<div class=\"elementor-container elementor-column-gap-default\">\n\t\t\t\t\t<div class=\"elementor-column elementor-col-50 elementor-top-column elementor-element elementor-element-b93ac2c\" data-id=\"b93ac2c\" data-element_type=\"column\" data-e-type=\"column\">\n\t\t\t<div class=\"elementor-widget-wrap elementor-element-populated\">\n\t\t\t\t\t\t<div class=\"elementor-element elementor-element-35aa9fe elementor-widget elementor-widget-video\" data-id=\"35aa9fe\" data-element_type=\"widget\" data-e-type=\"widget\" data-settings=\"{&quot;youtube_url&quot;:&quot;https:\\\/\\\/www.youtube.com\\\/watch?v=RtPmk42C8uc&quot;,&quot;video_type&quot;:&quot;youtube&quot;,&quot;controls&quot;:&quot;yes&quot;}\" data-widget_type=\"video.default\">\n\t\t\t\t<div class=\"elementor-widget-container\">\n\t\t\t\t\t\t\t<div class=\"elementor-wrapper elementor-open-inline\">\n\t\t\t<div class=\"elementor-video\"><\/div>\t\t<\/div>\n\t\t\t\t\t\t<\/div>\n\t\t\t\t<\/div>\n\t\t\t\t<div class=\"elementor-element elementor-element-4a98704 elementor-widget elementor-widget-text-editor\" data-id=\"4a98704\" data-element_type=\"widget\" data-e-type=\"widget\" data-widget_type=\"text-editor.default\">\n\t\t\t\t<div class=\"elementor-widget-container\">\n\t\t\t\t\t\t\t\t\t<p>A cargo de <strong>Albert Mora<\/strong>, ver <strong><a href=\"https:\/\/www.linkedin.com\/in\/albertmora\/\" target=\"_blank\" rel=\"noopener\">cv<\/a><br \/><\/strong>Contacto <a href=\"https:\/\/twitter.com\/albertmora\" target=\"_blank\" rel=\"noopener\">Twitter<\/a><\/p><p><span class=\"style-scope yt-formatted-string\" dir=\"auto\">\ud83d\udc49\ud83d\udc49\ud83d\udc49 Casos Reales: <\/span><\/p><p><span class=\"style-scope yt-formatted-string\" dir=\"auto\">Compra \/ Venta de NFTs. Creaci\u00f3n de NFTs. Promoci\u00f3n de NFTs. Cartera de criptomonedas vs NFTs. Uso de herramientas, exchanges, marketplace. <\/span><\/p><p><span class=\"style-scope yt-formatted-string\" dir=\"auto\">\ud83d\udc49\ud83d\udc49\ud83d\udc49 Temario: <\/span><\/p><p><span class=\"style-scope yt-formatted-string\" dir=\"auto\">Conceptos b\u00e1sicos. Blockchain, PoW, PoS. Criptomonedas Exchanges, Wallets, Marketplaces. An\u00e1lisis herramientas y apps (pral. gratis). Compra criptomonedas vs NFT. Comprar\/Vender. Criterios elecci\u00f3n NFT. Crear NFT. Promocionar NFT Tendencias y novedades.Temas de seguridad. Criterios de inversi\u00f3n&#8230; <\/span><\/p><p><span class=\"style-scope yt-formatted-string\" dir=\"auto\">\ud83d\udc49\ud83d\udc49\ud83d\udc49 Comunidad NFT<\/span><\/p><p>Twitter. Youtube. Discord&#8230;.. y mucho m\u00e1s<\/p>\t\t\t\t\t\t\t\t<\/div>\n\t\t\t\t<\/div>\n\t\t\t\t\t<\/div>\n\t\t<\/div>\n\t\t\t\t<div class=\"elementor-column elementor-col-50 elementor-top-column elementor-element elementor-element-51175b5\" data-id=\"51175b5\" data-element_type=\"column\" data-e-type=\"column\">\n\t\t\t<div class=\"elementor-widget-wrap elementor-element-populated\">\n\t\t\t\t\t\t<div class=\"elementor-element elementor-element-bb6a23b elementor-widget elementor-widget-html\" data-id=\"bb6a23b\" data-element_type=\"widget\" data-e-type=\"widget\" data-widget_type=\"html.default\">\n\t\t\t\t<div class=\"elementor-widget-container\">\n\t\t\t\t\t<script type=\"text\/javascript\" src=\"https:\/\/app.getresponse.com\/view_webform_v2.js?u=Gw6Jh&webforms_id=SFhsj\" data-webform-id=\"SFhsj\"><\/script>\t\t\t\t<\/div>\n\t\t\t\t<\/div>\n\t\t\t\t<div class=\"elementor-element elementor-element-a88098a elementor-widget elementor-widget-text-editor\" data-id=\"a88098a\" data-element_type=\"widget\" data-e-type=\"widget\" data-widget_type=\"text-editor.default\">\n\t\t\t\t<div class=\"elementor-widget-container\">\n\t\t\t\t\t\t\t\t\t<ul><li>Video Curso sobre NFT (Non-Fungible Tokens) <strong>100% Gratuito y Online<\/strong><\/li><li>Incluye <strong>ejemplos pr\u00e1cticos y m\u00faltiples tutoriales<\/strong> sobre wallets, funcionamiento de exchanges, creaci\u00f3n de NFTs, compra y venta.<\/li><\/ul>\t\t\t\t\t\t\t\t<\/div>\n\t\t\t\t<\/div>\n\t\t\t\t\t<\/div>\n\t\t<\/div>\n\t\t\t\t\t<\/div>\n\t\t<\/section>\n\t\t\t\t<section class=\"elementor-section elementor-top-section elementor-element elementor-element-d6ecc4d elementor-section-boxed elementor-section-height-default elementor-section-height-default\" data-id=\"d6ecc4d\" data-element_type=\"section\" data-e-type=\"section\">\n\t\t\t\t\t\t<div class=\"elementor-container elementor-column-gap-default\">\n\t\t\t\t\t<div class=\"elementor-column elementor-col-100 elementor-top-column elementor-element elementor-element-7bf72ff\" data-id=\"7bf72ff\" data-element_type=\"column\" data-e-type=\"column\">\n\t\t\t<div class=\"elementor-widget-wrap\">\n\t\t\t\t\t\t\t<\/div>\n\t\t<\/div>\n\t\t\t\t\t<\/div>\n\t\t<\/section>\n\t\t\t\t<\/div>\n\t\t","protected":false},"excerpt":{"rendered":"<p>Subscr\u00edbete al canal de Youtube para ver todos los videos: CLICK AQU\u00cd Curso NFT GRATUITO.100% Online y Basado en Casos Reales + Acceso Gratis a Comunidad NFT https:\/\/www.youtube.com\/watch?v=RtPmk42C8uc A cargo de Albert Mora, ver cvContacto Twitter &#x1f449;&#x1f449;&#x1f449; Casos Reales: Compra \/ Venta de NFTs. Creaci\u00f3n de NFTs. Promoci\u00f3n de NFTs. Cartera de criptomonedas vs NFTs. &#8230; <a title=\"Curso NFT Gratis\" class=\"read-more\" href=\"https:\/\/albertmora.com\/es\/curso-nft-gratis\/\" aria-label=\"Leer m\u00e1s sobre Curso NFT Gratis\">Leer m\u00e1s<\/a><\/p>\n","protected":false},"author":1,"featured_media":0,"parent":0,"menu_order":0,"comment_status":"closed","ping_status":"closed","template":"elementor_canvas","meta":{"footnotes":""},"class_list":["post-8568","page","type-page","status-publish"],"yoast_head":"<!-- This site is optimized with the Yoast SEO plugin v27.5 - https:\/\/yoast.com\/product\/yoast-seo-wordpress\/ -->\n<title>Curso NFT Gratis - Albert Mora. Official Website<\/title>\n<meta name=\"robots\" content=\"index, follow, max-snippet:-1, max-image-preview:large, max-video-preview:-1\" \/>\n<link rel=\"canonical\" href=\"https:\/\/albertmora.com\/es\/curso-nft-gratis\/\" \/>\n<meta property=\"og:locale\" content=\"es_ES\" \/>\n<meta property=\"og:type\" content=\"article\" \/>\n<meta property=\"og:title\" content=\"Curso NFT Gratis - Albert Mora. Official Website\" \/>\n<meta property=\"og:description\" content=\"Subscr\u00edbete al canal de Youtube para ver todos los videos: CLICK AQU\u00cd Curso NFT GRATUITO.100% Online y Basado en Casos Reales + Acceso Gratis a Comunidad NFT https:\/\/www.youtube.com\/watch?v=RtPmk42C8uc A cargo de Albert Mora, ver cvContacto Twitter &#x1f449;&#x1f449;&#x1f449; Casos Reales: Compra \/ Venta de NFTs. Creaci\u00f3n de NFTs. Promoci\u00f3n de NFTs. Cartera de criptomonedas vs NFTs. ... Leer m\u00e1s\" \/>\n<meta property=\"og:url\" content=\"https:\/\/albertmora.com\/es\/curso-nft-gratis\/\" \/>\n<meta property=\"og:site_name\" content=\"Albert Mora. Official Website\" \/>\n<meta property=\"article:modified_time\" content=\"2022-04-19T12:24:03+00:00\" \/>\n<meta name=\"twitter:card\" content=\"summary_large_image\" \/>\n<meta name=\"twitter:label1\" content=\"Tiempo de lectura\" \/>\n\t<meta name=\"twitter:data1\" content=\"1 minuto\" \/>\n<script type=\"application\/ld+json\" class=\"yoast-schema-graph\">{\"@context\":\"https:\\\/\\\/schema.org\",\"@graph\":[{\"@type\":\"WebPage\",\"@id\":\"https:\\\/\\\/albertmora.com\\\/es\\\/curso-nft-gratis\\\/\",\"url\":\"https:\\\/\\\/albertmora.com\\\/es\\\/curso-nft-gratis\\\/\",\"name\":\"Curso NFT Gratis - Albert Mora. Official Website\",\"isPartOf\":{\"@id\":\"https:\\\/\\\/albertmora.com\\\/es\\\/#website\"},\"datePublished\":\"2022-03-19T16:04:02+00:00\",\"dateModified\":\"2022-04-19T12:24:03+00:00\",\"breadcrumb\":{\"@id\":\"https:\\\/\\\/albertmora.com\\\/es\\\/curso-nft-gratis\\\/#breadcrumb\"},\"inLanguage\":\"es\",\"potentialAction\":[{\"@type\":\"ReadAction\",\"target\":[\"https:\\\/\\\/albertmora.com\\\/es\\\/curso-nft-gratis\\\/\"]}]},{\"@type\":\"BreadcrumbList\",\"@id\":\"https:\\\/\\\/albertmora.com\\\/es\\\/curso-nft-gratis\\\/#breadcrumb\",\"itemListElement\":[{\"@type\":\"ListItem\",\"position\":1,\"name\":\"Home\",\"item\":\"https:\\\/\\\/albertmora.com\\\/es\\\/\"},{\"@type\":\"ListItem\",\"position\":2,\"name\":\"Curso NFT Gratis\"}]},{\"@type\":\"WebSite\",\"@id\":\"https:\\\/\\\/albertmora.com\\\/es\\\/#website\",\"url\":\"https:\\\/\\\/albertmora.com\\\/es\\\/\",\"name\":\"Albert Mora. Official Website\",\"description\":\"\",\"potentialAction\":[{\"@type\":\"SearchAction\",\"target\":{\"@type\":\"EntryPoint\",\"urlTemplate\":\"https:\\\/\\\/albertmora.com\\\/es\\\/?s={search_term_string}\"},\"query-input\":{\"@type\":\"PropertyValueSpecification\",\"valueRequired\":true,\"valueName\":\"search_term_string\"}}],\"inLanguage\":\"es\"}]}<\/script>\n<!-- \/ Yoast SEO plugin. -->","yoast_head_json":{"title":"Curso NFT Gratis - Albert Mora. Official Website","robots":{"index":"index","follow":"follow","max-snippet":"max-snippet:-1","max-image-preview":"max-image-preview:large","max-video-preview":"max-video-preview:-1"},"canonical":"https:\/\/albertmora.com\/es\/curso-nft-gratis\/","og_locale":"es_ES","og_type":"article","og_title":"Curso NFT Gratis - Albert Mora. Official Website","og_description":"Subscr\u00edbete al canal de Youtube para ver todos los videos: CLICK AQU\u00cd Curso NFT GRATUITO.100% Online y Basado en Casos Reales + Acceso Gratis a Comunidad NFT https:\/\/www.youtube.com\/watch?v=RtPmk42C8uc A cargo de Albert Mora, ver cvContacto Twitter &#x1f449;&#x1f449;&#x1f449; Casos Reales: Compra \/ Venta de NFTs. Creaci\u00f3n de NFTs. Promoci\u00f3n de NFTs. Cartera de criptomonedas vs NFTs. ... Leer m\u00e1s","og_url":"https:\/\/albertmora.com\/es\/curso-nft-gratis\/","og_site_name":"Albert Mora. Official Website","article_modified_time":"2022-04-19T12:24:03+00:00","twitter_card":"summary_large_image","twitter_misc":{"Tiempo de lectura":"1 minuto"},"schema":{"@context":"https:\/\/schema.org","@graph":[{"@type":"WebPage","@id":"https:\/\/albertmora.com\/es\/curso-nft-gratis\/","url":"https:\/\/albertmora.com\/es\/curso-nft-gratis\/","name":"Curso NFT Gratis - Albert Mora. Official Website","isPartOf":{"@id":"https:\/\/albertmora.com\/es\/#website"},"datePublished":"2022-03-19T16:04:02+00:00","dateModified":"2022-04-19T12:24:03+00:00","breadcrumb":{"@id":"https:\/\/albertmora.com\/es\/curso-nft-gratis\/#breadcrumb"},"inLanguage":"es","potentialAction":[{"@type":"ReadAction","target":["https:\/\/albertmora.com\/es\/curso-nft-gratis\/"]}]},{"@type":"BreadcrumbList","@id":"https:\/\/albertmora.com\/es\/curso-nft-gratis\/#breadcrumb","itemListElement":[{"@type":"ListItem","position":1,"name":"Home","item":"https:\/\/albertmora.com\/es\/"},{"@type":"ListItem","position":2,"name":"Curso NFT Gratis"}]},{"@type":"WebSite","@id":"https:\/\/albertmora.com\/es\/#website","url":"https:\/\/albertmora.com\/es\/","name":"Albert Mora. Official Website","description":"","potentialAction":[{"@type":"SearchAction","target":{"@type":"EntryPoint","urlTemplate":"https:\/\/albertmora.com\/es\/?s={search_term_string}"},"query-input":{"@type":"PropertyValueSpecification","valueRequired":true,"valueName":"search_term_string"}}],"inLanguage":"es"}]}},"_links":{"self":[{"href":"https:\/\/albertmora.com\/es\/wp-json\/wp\/v2\/pages\/8568","targetHints":{"allow":["GET"]}}],"collection":[{"href":"https:\/\/albertmora.com\/es\/wp-json\/wp\/v2\/pages"}],"about":[{"href":"https:\/\/albertmora.com\/es\/wp-json\/wp\/v2\/types\/page"}],"author":[{"embeddable":true,"href":"https:\/\/albertmora.com\/es\/wp-json\/wp\/v2\/users\/1"}],"replies":[{"embeddable":true,"href":"https:\/\/albertmora.com\/es\/wp-json\/wp\/v2\/comments?post=8568"}],"version-history":[{"count":0,"href":"https:\/\/albertmora.com\/es\/wp-json\/wp\/v2\/pages\/8568\/revisions"}],"wp:attachment":[{"href":"https:\/\/albertmora.com\/es\/wp-json\/wp\/v2\/media?parent=8568"}],"curies":[{"name":"wp","href":"https:\/\/api.w.org\/{rel}","templated":true}]}}