{"id":8727,"date":"2022-04-06T12:02:37","date_gmt":"2022-04-06T11:02:37","guid":{"rendered":"https:\/\/albertmora.com\/nft\/"},"modified":"2022-04-06T13:00:24","modified_gmt":"2022-04-06T12:00:24","slug":"nft","status":"publish","type":"page","link":"https:\/\/albertmora.com\/es\/nft\/","title":{"rendered":"NFT"},"content":{"rendered":"\t\t<div data-elementor-type=\"wp-page\" data-elementor-id=\"8727\" class=\"elementor elementor-8727 elementor-8720\" data-elementor-post-type=\"page\">\n\t\t\t\t\t\t<section class=\"elementor-section elementor-top-section elementor-element elementor-element-32d2f6d9 elementor-section-boxed elementor-section-height-default elementor-section-height-default\" data-id=\"32d2f6d9\" data-element_type=\"section\" data-e-type=\"section\">\n\t\t\t\t\t\t<div class=\"elementor-container elementor-column-gap-default\">\n\t\t\t\t\t<div class=\"elementor-column elementor-col-100 elementor-top-column elementor-element elementor-element-6e69ea2b\" data-id=\"6e69ea2b\" data-element_type=\"column\" data-e-type=\"column\">\n\t\t\t<div class=\"elementor-widget-wrap elementor-element-populated\">\n\t\t\t\t\t\t<section class=\"elementor-section elementor-inner-section elementor-element elementor-element-0147eb2 elementor-section-boxed elementor-section-height-default elementor-section-height-default\" data-id=\"0147eb2\" data-element_type=\"section\" data-e-type=\"section\">\n\t\t\t\t\t\t<div class=\"elementor-container elementor-column-gap-default\">\n\t\t\t\t\t<div class=\"elementor-column elementor-col-50 elementor-inner-column elementor-element elementor-element-ec7fb0a\" data-id=\"ec7fb0a\" data-element_type=\"column\" data-e-type=\"column\">\n\t\t\t<div class=\"elementor-widget-wrap elementor-element-populated\">\n\t\t\t\t\t\t<div class=\"elementor-element elementor-element-c3a5f13 elementor-widget elementor-widget-text-editor\" data-id=\"c3a5f13\" data-element_type=\"widget\" data-e-type=\"widget\" data-widget_type=\"text-editor.default\">\n\t\t\t\t<div class=\"elementor-widget-container\">\n\t\t\t\t\t\t\t\t\t<h2>Curso gratuito de NFT <\/h2>\n<p><a href=\"https:\/\/albertmora.com\/es\/curso-nft-gratis\/\" target=\"_blank\" rel=\"noopener\"><strong>Curso gratuito de NFT (versi\u00f3n en espa\u00f1ol)<\/strong><\/a><\/p>\n<h2>Canales NFT de Youtube<strong><br><\/strong><\/h2>\n<p><strong><a href=\"https:\/\/www.youtube.com\/channel\/UCJItuMyUAAXM0HAvFUokFHg\" target=\"_blank\" rel=\"noopener\">Canal NFT en ingl\u00e9s<\/a><\/strong><br><strong><a href=\"https:\/\/www.youtube.com\/channel\/UCPc3m6VJkTgUOcKkcIL3GLw\" target=\"_blank\" rel=\"noopener\">Canal NFT espa\u00f1ol<\/a><\/strong><\/p>\n<h2>Redes sociales NFT<\/h2>\n<p><strong><a href=\"https:\/\/twitter.com\/albertmora\" target=\"_blank\" rel=\"noopener\">Twitter<\/a><\/strong><br><strong><a href=\"https:\/\/www.linkedin.com\/in\/albertmora\/\" target=\"_blank\" rel=\"noopener\">LinkedIn<\/a><\/strong><\/p>\t\t\t\t\t\t\t\t<\/div>\n\t\t\t\t<\/div>\n\t\t\t\t\t<\/div>\n\t\t<\/div>\n\t\t\t\t<div class=\"elementor-column elementor-col-50 elementor-inner-column elementor-element elementor-element-8745d6d\" data-id=\"8745d6d\" data-element_type=\"column\" data-e-type=\"column\">\n\t\t\t<div class=\"elementor-widget-wrap elementor-element-populated\">\n\t\t\t\t\t\t<div class=\"elementor-element elementor-element-cd5c364 elementor-widget elementor-widget-text-editor\" data-id=\"cd5c364\" data-element_type=\"widget\" data-e-type=\"widget\" data-widget_type=\"text-editor.default\">\n\t\t\t\t<div class=\"elementor-widget-container\">\n\t\t\t\t\t\t\t\t\t<h1>Nueva colecci\u00f3n NFT<\/h1>\n<p>Nuestra primera colecci\u00f3n NFT estar\u00e1 disponible este oto\u00f1o (2022). Utilice este formulario si desea acceso preferencial a los NFT y\/o desea obtener m\u00e1s informaci\u00f3n.<\/p>\t\t\t\t\t\t\t\t<\/div>\n\t\t\t\t<\/div>\n\t\t\t\t<div class=\"elementor-element elementor-element-245c2c51 elementor-widget elementor-widget-text-editor\" data-id=\"245c2c51\" data-element_type=\"widget\" data-e-type=\"widget\" data-widget_type=\"text-editor.default\">\n\t\t\t\t<div class=\"elementor-widget-container\">\n\t\t\t\t\t\t\t\t\t\n<p>Utilice este formulario para ponerse en contacto con nosotros:<\/p>\n<p>[wpforms id=\u00bb4059&#8243;]<\/p>\n\t\t\t\t\t\t\t\t<\/div>\n\t\t\t\t<\/div>\n\t\t\t\t\t<\/div>\n\t\t<\/div>\n\t\t\t\t\t<\/div>\n\t\t<\/section>\n\t\t\t\t\t<\/div>\n\t\t<\/div>\n\t\t\t\t\t<\/div>\n\t\t<\/section>\n\t\t\t\t<section class=\"elementor-section elementor-top-section elementor-element elementor-element-34a97e4 elementor-section-boxed elementor-section-height-default elementor-section-height-default\" data-id=\"34a97e4\" data-element_type=\"section\" data-e-type=\"section\">\n\t\t\t\t\t\t<div class=\"elementor-container elementor-column-gap-default\">\n\t\t\t\t\t<div class=\"elementor-column elementor-col-100 elementor-top-column elementor-element elementor-element-70a2366\" data-id=\"70a2366\" data-element_type=\"column\" data-e-type=\"column\">\n\t\t\t<div class=\"elementor-widget-wrap\">\n\t\t\t\t\t\t\t<\/div>\n\t\t<\/div>\n\t\t\t\t\t<\/div>\n\t\t<\/section>\n\t\t\t\t<section class=\"elementor-section elementor-top-section elementor-element elementor-element-4530ee0 elementor-section-boxed elementor-section-height-default elementor-section-height-default\" data-id=\"4530ee0\" data-element_type=\"section\" data-e-type=\"section\">\n\t\t\t\t\t\t<div class=\"elementor-container elementor-column-gap-default\">\n\t\t\t\t\t<div class=\"elementor-column elementor-col-100 elementor-top-column elementor-element elementor-element-2de555d\" data-id=\"2de555d\" data-element_type=\"column\" data-e-type=\"column\">\n\t\t\t<div class=\"elementor-widget-wrap elementor-element-populated\">\n\t\t\t\t\t\t<div class=\"elementor-element elementor-element-e780c15 elementor-widget elementor-widget-heading\" data-id=\"e780c15\" data-element_type=\"widget\" data-e-type=\"widget\" data-widget_type=\"heading.default\">\n\t\t\t\t<div class=\"elementor-widget-container\">\n\t\t\t\t\t<h2 class=\"elementor-heading-title elementor-size-default\">Blog NFT<\/h2>\t\t\t\t<\/div>\n\t\t\t\t<\/div>\n\t\t\t\t\t<\/div>\n\t\t<\/div>\n\t\t\t\t\t<\/div>\n\t\t<\/section>\n\t\t\t\t<\/div>\n\t\t","protected":false},"excerpt":{"rendered":"<p>Curso gratuito de NFT Curso gratuito de NFT (versi\u00f3n en espa\u00f1ol) Canales NFT de Youtube Canal NFT en ingl\u00e9sCanal NFT espa\u00f1ol Redes sociales NFT TwitterLinkedIn Nueva colecci\u00f3n NFT Nuestra primera colecci\u00f3n NFT estar\u00e1 disponible este oto\u00f1o (2022). Utilice este formulario si desea acceso preferencial a los NFT y\/o desea obtener m\u00e1s informaci\u00f3n. Utilice este formulario &#8230; <a title=\"NFT\" class=\"read-more\" href=\"https:\/\/albertmora.com\/es\/nft\/\" aria-label=\"Leer m\u00e1s sobre NFT\">Leer m\u00e1s<\/a><\/p>\n","protected":false},"author":1,"featured_media":0,"parent":0,"menu_order":0,"comment_status":"closed","ping_status":"open","template":"","meta":{"footnotes":""},"class_list":["post-8727","page","type-page","status-publish"],"yoast_head":"<!-- This site is optimized with the Yoast SEO plugin v27.5 - https:\/\/yoast.com\/product\/yoast-seo-wordpress\/ -->\n<title>NFT - Albert Mora. Official Website<\/title>\n<meta name=\"robots\" content=\"index, follow, max-snippet:-1, max-image-preview:large, max-video-preview:-1\" \/>\n<link rel=\"canonical\" href=\"https:\/\/albertmora.com\/es\/nft\/\" \/>\n<meta property=\"og:locale\" content=\"es_ES\" \/>\n<meta property=\"og:type\" content=\"article\" \/>\n<meta property=\"og:title\" content=\"NFT - Albert Mora. Official Website\" \/>\n<meta property=\"og:description\" content=\"Curso gratuito de NFT Curso gratuito de NFT (versi\u00f3n en espa\u00f1ol) Canales NFT de Youtube Canal NFT en ingl\u00e9sCanal NFT espa\u00f1ol Redes sociales NFT TwitterLinkedIn Nueva colecci\u00f3n NFT Nuestra primera colecci\u00f3n NFT estar\u00e1 disponible este oto\u00f1o (2022). Utilice este formulario si desea acceso preferencial a los NFT y\/o desea obtener m\u00e1s informaci\u00f3n. Utilice este formulario ... Leer m\u00e1s\" \/>\n<meta property=\"og:url\" content=\"https:\/\/albertmora.com\/es\/nft\/\" \/>\n<meta property=\"og:site_name\" content=\"Albert Mora. Official Website\" \/>\n<meta property=\"article:modified_time\" content=\"2022-04-06T12:00:24+00:00\" \/>\n<meta name=\"twitter:card\" content=\"summary_large_image\" \/>\n<script type=\"application\/ld+json\" class=\"yoast-schema-graph\">{\"@context\":\"https:\\\/\\\/schema.org\",\"@graph\":[{\"@type\":\"WebPage\",\"@id\":\"https:\\\/\\\/albertmora.com\\\/es\\\/nft\\\/\",\"url\":\"https:\\\/\\\/albertmora.com\\\/es\\\/nft\\\/\",\"name\":\"NFT - Albert Mora. Official Website\",\"isPartOf\":{\"@id\":\"https:\\\/\\\/albertmora.com\\\/es\\\/#website\"},\"datePublished\":\"2022-04-06T11:02:37+00:00\",\"dateModified\":\"2022-04-06T12:00:24+00:00\",\"breadcrumb\":{\"@id\":\"https:\\\/\\\/albertmora.com\\\/es\\\/nft\\\/#breadcrumb\"},\"inLanguage\":\"es\",\"potentialAction\":[{\"@type\":\"ReadAction\",\"target\":[\"https:\\\/\\\/albertmora.com\\\/es\\\/nft\\\/\"]}]},{\"@type\":\"BreadcrumbList\",\"@id\":\"https:\\\/\\\/albertmora.com\\\/es\\\/nft\\\/#breadcrumb\",\"itemListElement\":[{\"@type\":\"ListItem\",\"position\":1,\"name\":\"Home\",\"item\":\"https:\\\/\\\/albertmora.com\\\/es\\\/\"},{\"@type\":\"ListItem\",\"position\":2,\"name\":\"NFT\"}]},{\"@type\":\"WebSite\",\"@id\":\"https:\\\/\\\/albertmora.com\\\/es\\\/#website\",\"url\":\"https:\\\/\\\/albertmora.com\\\/es\\\/\",\"name\":\"Albert Mora. Official Website\",\"description\":\"\",\"potentialAction\":[{\"@type\":\"SearchAction\",\"target\":{\"@type\":\"EntryPoint\",\"urlTemplate\":\"https:\\\/\\\/albertmora.com\\\/es\\\/?s={search_term_string}\"},\"query-input\":{\"@type\":\"PropertyValueSpecification\",\"valueRequired\":true,\"valueName\":\"search_term_string\"}}],\"inLanguage\":\"es\"}]}<\/script>\n<!-- \/ Yoast SEO plugin. -->","yoast_head_json":{"title":"NFT - Albert Mora. Official Website","robots":{"index":"index","follow":"follow","max-snippet":"max-snippet:-1","max-image-preview":"max-image-preview:large","max-video-preview":"max-video-preview:-1"},"canonical":"https:\/\/albertmora.com\/es\/nft\/","og_locale":"es_ES","og_type":"article","og_title":"NFT - Albert Mora. Official Website","og_description":"Curso gratuito de NFT Curso gratuito de NFT (versi\u00f3n en espa\u00f1ol) Canales NFT de Youtube Canal NFT en ingl\u00e9sCanal NFT espa\u00f1ol Redes sociales NFT TwitterLinkedIn Nueva colecci\u00f3n NFT Nuestra primera colecci\u00f3n NFT estar\u00e1 disponible este oto\u00f1o (2022). Utilice este formulario si desea acceso preferencial a los NFT y\/o desea obtener m\u00e1s informaci\u00f3n. Utilice este formulario ... Leer m\u00e1s","og_url":"https:\/\/albertmora.com\/es\/nft\/","og_site_name":"Albert Mora. Official Website","article_modified_time":"2022-04-06T12:00:24+00:00","twitter_card":"summary_large_image","schema":{"@context":"https:\/\/schema.org","@graph":[{"@type":"WebPage","@id":"https:\/\/albertmora.com\/es\/nft\/","url":"https:\/\/albertmora.com\/es\/nft\/","name":"NFT - Albert Mora. Official Website","isPartOf":{"@id":"https:\/\/albertmora.com\/es\/#website"},"datePublished":"2022-04-06T11:02:37+00:00","dateModified":"2022-04-06T12:00:24+00:00","breadcrumb":{"@id":"https:\/\/albertmora.com\/es\/nft\/#breadcrumb"},"inLanguage":"es","potentialAction":[{"@type":"ReadAction","target":["https:\/\/albertmora.com\/es\/nft\/"]}]},{"@type":"BreadcrumbList","@id":"https:\/\/albertmora.com\/es\/nft\/#breadcrumb","itemListElement":[{"@type":"ListItem","position":1,"name":"Home","item":"https:\/\/albertmora.com\/es\/"},{"@type":"ListItem","position":2,"name":"NFT"}]},{"@type":"WebSite","@id":"https:\/\/albertmora.com\/es\/#website","url":"https:\/\/albertmora.com\/es\/","name":"Albert Mora. Official Website","description":"","potentialAction":[{"@type":"SearchAction","target":{"@type":"EntryPoint","urlTemplate":"https:\/\/albertmora.com\/es\/?s={search_term_string}"},"query-input":{"@type":"PropertyValueSpecification","valueRequired":true,"valueName":"search_term_string"}}],"inLanguage":"es"}]}},"_links":{"self":[{"href":"https:\/\/albertmora.com\/es\/wp-json\/wp\/v2\/pages\/8727","targetHints":{"allow":["GET"]}}],"collection":[{"href":"https:\/\/albertmora.com\/es\/wp-json\/wp\/v2\/pages"}],"about":[{"href":"https:\/\/albertmora.com\/es\/wp-json\/wp\/v2\/types\/page"}],"author":[{"embeddable":true,"href":"https:\/\/albertmora.com\/es\/wp-json\/wp\/v2\/users\/1"}],"replies":[{"embeddable":true,"href":"https:\/\/albertmora.com\/es\/wp-json\/wp\/v2\/comments?post=8727"}],"version-history":[{"count":0,"href":"https:\/\/albertmora.com\/es\/wp-json\/wp\/v2\/pages\/8727\/revisions"}],"wp:attachment":[{"href":"https:\/\/albertmora.com\/es\/wp-json\/wp\/v2\/media?parent=8727"}],"curies":[{"name":"wp","href":"https:\/\/api.w.org\/{rel}","templated":true}]}}