{"id":6849,"date":"2022-01-22T17:15:18","date_gmt":"2022-01-22T16:15:18","guid":{"rendered":"https:\/\/albertmora.com\/product\/chaplin-en-california\/"},"modified":"2022-01-22T17:15:18","modified_gmt":"2022-01-22T16:15:18","slug":"chaplinincalifornia-2","status":"publish","type":"product","link":"https:\/\/albertmora.com\/es\/producto\/chaplinincalifornia-2\/","title":{"rendered":"Chaplin en California"},"content":{"rendered":"<h2>Tallas<\/h2>\n<p><strong>Cl\u00e1sico<\/strong><br \/>\n100&#215;60 cm (ancho x alto)<br \/>\n<strong>Grande<\/strong><br \/>\n150&#215;90 cm (ancho x alto)<br \/>\n<strong>Gigante<\/strong><br \/>\n200&#215;120 cm (ancho x alto)<\/p>\n","protected":false},"excerpt":{"rendered":"<p><strong>California, 2005<\/strong><\/p>\n<p>California, un estado del oeste de los EE. UU., se extiende desde la frontera con M\u00e9xico a lo largo del Pac\u00edfico por casi 900 millas. Su terreno incluye playas bordeadas de acantilados, bosques de secuoyas, las monta\u00f1as de Sierra Nevada, tierras de cultivo del Valle Central y el desierto de Mojave.<\/p>\n","protected":false},"featured_media":6455,"template":"","meta":[],"product_brand":[],"product_cat":[327,328],"product_tag":[],"class_list":{"0":"post-6849","1":"product","2":"type-product","3":"status-publish","4":"has-post-thumbnail","6":"product_cat-america-es","7":"product_cat-urbano","9":"first","10":"instock","11":"featured","12":"shipping-taxable","13":"product-type-simple"},"yoast_head":"<!-- This site is optimized with the Yoast SEO plugin v27.4 - https:\/\/yoast.com\/product\/yoast-seo-wordpress\/ -->\n<title>Chaplin en California - Albert Mora. Official Website<\/title>\n<meta name=\"robots\" content=\"index, follow, max-snippet:-1, max-image-preview:large, max-video-preview:-1\" \/>\n<link rel=\"canonical\" href=\"https:\/\/albertmora.com\/es\/producto\/chaplinincalifornia-2\/\" \/>\n<meta property=\"og:locale\" content=\"es_ES\" \/>\n<meta property=\"og:type\" content=\"article\" \/>\n<meta property=\"og:title\" content=\"Chaplin en California - Albert Mora. Official Website\" \/>\n<meta property=\"og:description\" content=\"California, 2005 California, un estado del oeste de los EE. UU., se extiende desde la frontera con M\u00e9xico a lo largo del Pac\u00edfico por casi 900 millas. Su terreno incluye playas bordeadas de acantilados, bosques de secuoyas, las monta\u00f1as de Sierra Nevada, tierras de cultivo del Valle Central y el desierto de Mojave.\" \/>\n<meta property=\"og:url\" content=\"https:\/\/albertmora.com\/es\/producto\/chaplinincalifornia-2\/\" \/>\n<meta property=\"og:site_name\" content=\"Albert Mora. Official Website\" \/>\n<meta property=\"og:image\" content=\"https:\/\/albertmora.com\/wp-content\/california2-100x60-1.jpg\" \/>\n\t<meta property=\"og:image:width\" content=\"1200\" \/>\n\t<meta property=\"og:image:height\" content=\"717\" \/>\n\t<meta property=\"og:image:type\" content=\"image\/jpeg\" \/>\n<meta name=\"twitter:card\" content=\"summary_large_image\" \/>\n<script type=\"application\/ld+json\" class=\"yoast-schema-graph\">{\"@context\":\"https:\\\/\\\/schema.org\",\"@graph\":[{\"@type\":\"WebPage\",\"@id\":\"https:\\\/\\\/albertmora.com\\\/es\\\/producto\\\/chaplinincalifornia-2\\\/\",\"url\":\"https:\\\/\\\/albertmora.com\\\/es\\\/producto\\\/chaplinincalifornia-2\\\/\",\"name\":\"Chaplin en California - Albert Mora. Official Website\",\"isPartOf\":{\"@id\":\"https:\\\/\\\/albertmora.com\\\/es\\\/#website\"},\"primaryImageOfPage\":{\"@id\":\"https:\\\/\\\/albertmora.com\\\/es\\\/producto\\\/chaplinincalifornia-2\\\/#primaryimage\"},\"image\":{\"@id\":\"https:\\\/\\\/albertmora.com\\\/es\\\/producto\\\/chaplinincalifornia-2\\\/#primaryimage\"},\"thumbnailUrl\":\"https:\\\/\\\/albertmora.com\\\/wp-content\\\/uploads\\\/california2-100x60-1.jpg\",\"datePublished\":\"2022-01-22T16:15:18+00:00\",\"breadcrumb\":{\"@id\":\"https:\\\/\\\/albertmora.com\\\/es\\\/producto\\\/chaplinincalifornia-2\\\/#breadcrumb\"},\"inLanguage\":\"es\",\"potentialAction\":[{\"@type\":\"ReadAction\",\"target\":[\"https:\\\/\\\/albertmora.com\\\/es\\\/producto\\\/chaplinincalifornia-2\\\/\"]}]},{\"@type\":\"ImageObject\",\"inLanguage\":\"es\",\"@id\":\"https:\\\/\\\/albertmora.com\\\/es\\\/producto\\\/chaplinincalifornia-2\\\/#primaryimage\",\"url\":\"https:\\\/\\\/albertmora.com\\\/wp-content\\\/uploads\\\/california2-100x60-1.jpg\",\"contentUrl\":\"https:\\\/\\\/albertmora.com\\\/wp-content\\\/uploads\\\/california2-100x60-1.jpg\",\"width\":1200,\"height\":717},{\"@type\":\"BreadcrumbList\",\"@id\":\"https:\\\/\\\/albertmora.com\\\/es\\\/producto\\\/chaplinincalifornia-2\\\/#breadcrumb\",\"itemListElement\":[{\"@type\":\"ListItem\",\"position\":1,\"name\":\"Home\",\"item\":\"https:\\\/\\\/albertmora.com\\\/es\\\/\"},{\"@type\":\"ListItem\",\"position\":2,\"name\":\"Tienda\",\"item\":\"https:\\\/\\\/albertmora.com\\\/es\\\/tienda\\\/\"},{\"@type\":\"ListItem\",\"position\":3,\"name\":\"Chaplin en California\"}]},{\"@type\":\"WebSite\",\"@id\":\"https:\\\/\\\/albertmora.com\\\/es\\\/#website\",\"url\":\"https:\\\/\\\/albertmora.com\\\/es\\\/\",\"name\":\"Albert Mora. Official Website\",\"description\":\"\",\"potentialAction\":[{\"@type\":\"SearchAction\",\"target\":{\"@type\":\"EntryPoint\",\"urlTemplate\":\"https:\\\/\\\/albertmora.com\\\/es\\\/?s={search_term_string}\"},\"query-input\":{\"@type\":\"PropertyValueSpecification\",\"valueRequired\":true,\"valueName\":\"search_term_string\"}}],\"inLanguage\":\"es\"}]}<\/script>\n<!-- \/ Yoast SEO plugin. -->","yoast_head_json":{"title":"Chaplin en California - Albert Mora. Official Website","robots":{"index":"index","follow":"follow","max-snippet":"max-snippet:-1","max-image-preview":"max-image-preview:large","max-video-preview":"max-video-preview:-1"},"canonical":"https:\/\/albertmora.com\/es\/producto\/chaplinincalifornia-2\/","og_locale":"es_ES","og_type":"article","og_title":"Chaplin en California - Albert Mora. Official Website","og_description":"California, 2005 California, un estado del oeste de los EE. UU., se extiende desde la frontera con M\u00e9xico a lo largo del Pac\u00edfico por casi 900 millas. Su terreno incluye playas bordeadas de acantilados, bosques de secuoyas, las monta\u00f1as de Sierra Nevada, tierras de cultivo del Valle Central y el desierto de Mojave.","og_url":"https:\/\/albertmora.com\/es\/producto\/chaplinincalifornia-2\/","og_site_name":"Albert Mora. Official Website","og_image":[{"width":1200,"height":717,"url":"https:\/\/albertmora.com\/wp-content\/california2-100x60-1.jpg","type":"image\/jpeg"}],"twitter_card":"summary_large_image","schema":{"@context":"https:\/\/schema.org","@graph":[{"@type":"WebPage","@id":"https:\/\/albertmora.com\/es\/producto\/chaplinincalifornia-2\/","url":"https:\/\/albertmora.com\/es\/producto\/chaplinincalifornia-2\/","name":"Chaplin en California - Albert Mora. Official Website","isPartOf":{"@id":"https:\/\/albertmora.com\/es\/#website"},"primaryImageOfPage":{"@id":"https:\/\/albertmora.com\/es\/producto\/chaplinincalifornia-2\/#primaryimage"},"image":{"@id":"https:\/\/albertmora.com\/es\/producto\/chaplinincalifornia-2\/#primaryimage"},"thumbnailUrl":"https:\/\/albertmora.com\/wp-content\/uploads\/california2-100x60-1.jpg","datePublished":"2022-01-22T16:15:18+00:00","breadcrumb":{"@id":"https:\/\/albertmora.com\/es\/producto\/chaplinincalifornia-2\/#breadcrumb"},"inLanguage":"es","potentialAction":[{"@type":"ReadAction","target":["https:\/\/albertmora.com\/es\/producto\/chaplinincalifornia-2\/"]}]},{"@type":"ImageObject","inLanguage":"es","@id":"https:\/\/albertmora.com\/es\/producto\/chaplinincalifornia-2\/#primaryimage","url":"https:\/\/albertmora.com\/wp-content\/uploads\/california2-100x60-1.jpg","contentUrl":"https:\/\/albertmora.com\/wp-content\/uploads\/california2-100x60-1.jpg","width":1200,"height":717},{"@type":"BreadcrumbList","@id":"https:\/\/albertmora.com\/es\/producto\/chaplinincalifornia-2\/#breadcrumb","itemListElement":[{"@type":"ListItem","position":1,"name":"Home","item":"https:\/\/albertmora.com\/es\/"},{"@type":"ListItem","position":2,"name":"Tienda","item":"https:\/\/albertmora.com\/es\/tienda\/"},{"@type":"ListItem","position":3,"name":"Chaplin en California"}]},{"@type":"WebSite","@id":"https:\/\/albertmora.com\/es\/#website","url":"https:\/\/albertmora.com\/es\/","name":"Albert Mora. Official Website","description":"","potentialAction":[{"@type":"SearchAction","target":{"@type":"EntryPoint","urlTemplate":"https:\/\/albertmora.com\/es\/?s={search_term_string}"},"query-input":{"@type":"PropertyValueSpecification","valueRequired":true,"valueName":"search_term_string"}}],"inLanguage":"es"}]}},"_links":{"self":[{"href":"https:\/\/albertmora.com\/es\/wp-json\/wp\/v2\/product\/6849","targetHints":{"allow":["GET"]}}],"collection":[{"href":"https:\/\/albertmora.com\/es\/wp-json\/wp\/v2\/product"}],"about":[{"href":"https:\/\/albertmora.com\/es\/wp-json\/wp\/v2\/types\/product"}],"wp:featuredmedia":[{"embeddable":true,"href":"https:\/\/albertmora.com\/es\/wp-json\/wp\/v2\/media\/6455"}],"wp:attachment":[{"href":"https:\/\/albertmora.com\/es\/wp-json\/wp\/v2\/media?parent=6849"}],"wp:term":[{"taxonomy":"product_brand","embeddable":true,"href":"https:\/\/albertmora.com\/es\/wp-json\/wp\/v2\/product_brand?post=6849"},{"taxonomy":"product_cat","embeddable":true,"href":"https:\/\/albertmora.com\/es\/wp-json\/wp\/v2\/product_cat?post=6849"},{"taxonomy":"product_tag","embeddable":true,"href":"https:\/\/albertmora.com\/es\/wp-json\/wp\/v2\/product_tag?post=6849"}],"curies":[{"name":"wp","href":"https:\/\/api.w.org\/{rel}","templated":true}]}}