{"id":7047,"date":"2022-01-23T18:27:14","date_gmt":"2022-01-23T17:27:14","guid":{"rendered":"https:\/\/albertmora.com\/product\/chicas-indias\/"},"modified":"2022-01-23T18:27:14","modified_gmt":"2022-01-23T17:27:14","slug":"chicas-indias","status":"publish","type":"product","link":"https:\/\/albertmora.com\/es\/producto\/chicas-indias\/","title":{"rendered":"Chicas indias"},"content":{"rendered":"<h2>Tallas<\/h2>\n<p><strong>Cl\u00e1sico<\/strong><br \/>\n70&#215;60 cm (ancho x alto)<br \/>\n<strong>Grande<\/strong><br \/>\n105&#215;90 cm (ancho x alto)<br \/>\n<strong>Gigante<\/strong><br \/>\n140&#215;120 cm (ancho x alto)<\/p>\n","protected":false},"excerpt":{"rendered":"<p><strong>India, 2005<\/strong><\/p>\n<p>Seg\u00fan los \u00faltimos datos de la Encuesta Nacional de Salud Familiar (NFHS, por sus siglas en ingl\u00e9s), publicados recientemente por el gobierno indio, ahora hay 1020 mujeres por cada 1000 hombres. El Ministerio de Salud dijo que esta era la primera vez que la poblaci\u00f3n femenina superaba a la masculina en India.<\/p>\n","protected":false},"featured_media":6487,"template":"","meta":[],"product_brand":[],"product_cat":[345,338,449],"product_tag":[],"class_list":{"0":"post-7047","1":"product","2":"type-product","3":"status-publish","4":"has-post-thumbnail","6":"product_cat-asia-es","7":"product_cat-pictofotos-es","8":"product_cat-pictophotos-es","10":"first","11":"instock","12":"shipping-taxable","13":"product-type-simple"},"yoast_head":"<!-- This site is optimized with the Yoast SEO plugin v27.4 - https:\/\/yoast.com\/product\/yoast-seo-wordpress\/ -->\n<title>Chicas indias - Albert Mora. Official Website<\/title>\n<meta name=\"robots\" content=\"index, follow, max-snippet:-1, max-image-preview:large, max-video-preview:-1\" \/>\n<link rel=\"canonical\" href=\"https:\/\/albertmora.com\/es\/producto\/chicas-indias\/\" \/>\n<meta property=\"og:locale\" content=\"es_ES\" \/>\n<meta property=\"og:type\" content=\"article\" \/>\n<meta property=\"og:title\" content=\"Chicas indias - Albert Mora. Official Website\" \/>\n<meta property=\"og:description\" content=\"India, 2005 Seg\u00fan los \u00faltimos datos de la Encuesta Nacional de Salud Familiar (NFHS, por sus siglas en ingl\u00e9s), publicados recientemente por el gobierno indio, ahora hay 1020 mujeres por cada 1000 hombres. El Ministerio de Salud dijo que esta era la primera vez que la poblaci\u00f3n femenina superaba a la masculina en India.\" \/>\n<meta property=\"og:url\" content=\"https:\/\/albertmora.com\/es\/producto\/chicas-indias\/\" \/>\n<meta property=\"og:site_name\" content=\"Albert Mora. Official Website\" \/>\n<meta property=\"og:image\" content=\"https:\/\/albertmora.com\/wp-content\/india2-70x60-1.jpg\" \/>\n\t<meta property=\"og:image:width\" content=\"1200\" \/>\n\t<meta property=\"og:image:height\" content=\"1023\" \/>\n\t<meta property=\"og:image:type\" content=\"image\/jpeg\" \/>\n<meta name=\"twitter:card\" content=\"summary_large_image\" \/>\n<script type=\"application\/ld+json\" class=\"yoast-schema-graph\">{\"@context\":\"https:\\\/\\\/schema.org\",\"@graph\":[{\"@type\":\"WebPage\",\"@id\":\"https:\\\/\\\/albertmora.com\\\/es\\\/producto\\\/chicas-indias\\\/\",\"url\":\"https:\\\/\\\/albertmora.com\\\/es\\\/producto\\\/chicas-indias\\\/\",\"name\":\"Chicas indias - Albert Mora. Official Website\",\"isPartOf\":{\"@id\":\"https:\\\/\\\/albertmora.com\\\/es\\\/#website\"},\"primaryImageOfPage\":{\"@id\":\"https:\\\/\\\/albertmora.com\\\/es\\\/producto\\\/chicas-indias\\\/#primaryimage\"},\"image\":{\"@id\":\"https:\\\/\\\/albertmora.com\\\/es\\\/producto\\\/chicas-indias\\\/#primaryimage\"},\"thumbnailUrl\":\"https:\\\/\\\/albertmora.com\\\/wp-content\\\/uploads\\\/india2-70x60-1.jpg\",\"datePublished\":\"2022-01-23T17:27:14+00:00\",\"breadcrumb\":{\"@id\":\"https:\\\/\\\/albertmora.com\\\/es\\\/producto\\\/chicas-indias\\\/#breadcrumb\"},\"inLanguage\":\"es\",\"potentialAction\":[{\"@type\":\"ReadAction\",\"target\":[\"https:\\\/\\\/albertmora.com\\\/es\\\/producto\\\/chicas-indias\\\/\"]}]},{\"@type\":\"ImageObject\",\"inLanguage\":\"es\",\"@id\":\"https:\\\/\\\/albertmora.com\\\/es\\\/producto\\\/chicas-indias\\\/#primaryimage\",\"url\":\"https:\\\/\\\/albertmora.com\\\/wp-content\\\/uploads\\\/india2-70x60-1.jpg\",\"contentUrl\":\"https:\\\/\\\/albertmora.com\\\/wp-content\\\/uploads\\\/india2-70x60-1.jpg\",\"width\":1200,\"height\":1023},{\"@type\":\"BreadcrumbList\",\"@id\":\"https:\\\/\\\/albertmora.com\\\/es\\\/producto\\\/chicas-indias\\\/#breadcrumb\",\"itemListElement\":[{\"@type\":\"ListItem\",\"position\":1,\"name\":\"Home\",\"item\":\"https:\\\/\\\/albertmora.com\\\/es\\\/\"},{\"@type\":\"ListItem\",\"position\":2,\"name\":\"Tienda\",\"item\":\"https:\\\/\\\/albertmora.com\\\/es\\\/tienda\\\/\"},{\"@type\":\"ListItem\",\"position\":3,\"name\":\"Chicas indias\"}]},{\"@type\":\"WebSite\",\"@id\":\"https:\\\/\\\/albertmora.com\\\/es\\\/#website\",\"url\":\"https:\\\/\\\/albertmora.com\\\/es\\\/\",\"name\":\"Albert Mora. Official Website\",\"description\":\"\",\"potentialAction\":[{\"@type\":\"SearchAction\",\"target\":{\"@type\":\"EntryPoint\",\"urlTemplate\":\"https:\\\/\\\/albertmora.com\\\/es\\\/?s={search_term_string}\"},\"query-input\":{\"@type\":\"PropertyValueSpecification\",\"valueRequired\":true,\"valueName\":\"search_term_string\"}}],\"inLanguage\":\"es\"}]}<\/script>\n<!-- \/ Yoast SEO plugin. -->","yoast_head_json":{"title":"Chicas indias - Albert Mora. Official Website","robots":{"index":"index","follow":"follow","max-snippet":"max-snippet:-1","max-image-preview":"max-image-preview:large","max-video-preview":"max-video-preview:-1"},"canonical":"https:\/\/albertmora.com\/es\/producto\/chicas-indias\/","og_locale":"es_ES","og_type":"article","og_title":"Chicas indias - Albert Mora. Official Website","og_description":"India, 2005 Seg\u00fan los \u00faltimos datos de la Encuesta Nacional de Salud Familiar (NFHS, por sus siglas en ingl\u00e9s), publicados recientemente por el gobierno indio, ahora hay 1020 mujeres por cada 1000 hombres. El Ministerio de Salud dijo que esta era la primera vez que la poblaci\u00f3n femenina superaba a la masculina en India.","og_url":"https:\/\/albertmora.com\/es\/producto\/chicas-indias\/","og_site_name":"Albert Mora. Official Website","og_image":[{"width":1200,"height":1023,"url":"https:\/\/albertmora.com\/wp-content\/india2-70x60-1.jpg","type":"image\/jpeg"}],"twitter_card":"summary_large_image","schema":{"@context":"https:\/\/schema.org","@graph":[{"@type":"WebPage","@id":"https:\/\/albertmora.com\/es\/producto\/chicas-indias\/","url":"https:\/\/albertmora.com\/es\/producto\/chicas-indias\/","name":"Chicas indias - Albert Mora. Official Website","isPartOf":{"@id":"https:\/\/albertmora.com\/es\/#website"},"primaryImageOfPage":{"@id":"https:\/\/albertmora.com\/es\/producto\/chicas-indias\/#primaryimage"},"image":{"@id":"https:\/\/albertmora.com\/es\/producto\/chicas-indias\/#primaryimage"},"thumbnailUrl":"https:\/\/albertmora.com\/wp-content\/uploads\/india2-70x60-1.jpg","datePublished":"2022-01-23T17:27:14+00:00","breadcrumb":{"@id":"https:\/\/albertmora.com\/es\/producto\/chicas-indias\/#breadcrumb"},"inLanguage":"es","potentialAction":[{"@type":"ReadAction","target":["https:\/\/albertmora.com\/es\/producto\/chicas-indias\/"]}]},{"@type":"ImageObject","inLanguage":"es","@id":"https:\/\/albertmora.com\/es\/producto\/chicas-indias\/#primaryimage","url":"https:\/\/albertmora.com\/wp-content\/uploads\/india2-70x60-1.jpg","contentUrl":"https:\/\/albertmora.com\/wp-content\/uploads\/india2-70x60-1.jpg","width":1200,"height":1023},{"@type":"BreadcrumbList","@id":"https:\/\/albertmora.com\/es\/producto\/chicas-indias\/#breadcrumb","itemListElement":[{"@type":"ListItem","position":1,"name":"Home","item":"https:\/\/albertmora.com\/es\/"},{"@type":"ListItem","position":2,"name":"Tienda","item":"https:\/\/albertmora.com\/es\/tienda\/"},{"@type":"ListItem","position":3,"name":"Chicas indias"}]},{"@type":"WebSite","@id":"https:\/\/albertmora.com\/es\/#website","url":"https:\/\/albertmora.com\/es\/","name":"Albert Mora. Official Website","description":"","potentialAction":[{"@type":"SearchAction","target":{"@type":"EntryPoint","urlTemplate":"https:\/\/albertmora.com\/es\/?s={search_term_string}"},"query-input":{"@type":"PropertyValueSpecification","valueRequired":true,"valueName":"search_term_string"}}],"inLanguage":"es"}]}},"_links":{"self":[{"href":"https:\/\/albertmora.com\/es\/wp-json\/wp\/v2\/product\/7047","targetHints":{"allow":["GET"]}}],"collection":[{"href":"https:\/\/albertmora.com\/es\/wp-json\/wp\/v2\/product"}],"about":[{"href":"https:\/\/albertmora.com\/es\/wp-json\/wp\/v2\/types\/product"}],"wp:featuredmedia":[{"embeddable":true,"href":"https:\/\/albertmora.com\/es\/wp-json\/wp\/v2\/media\/6487"}],"wp:attachment":[{"href":"https:\/\/albertmora.com\/es\/wp-json\/wp\/v2\/media?parent=7047"}],"wp:term":[{"taxonomy":"product_brand","embeddable":true,"href":"https:\/\/albertmora.com\/es\/wp-json\/wp\/v2\/product_brand?post=7047"},{"taxonomy":"product_cat","embeddable":true,"href":"https:\/\/albertmora.com\/es\/wp-json\/wp\/v2\/product_cat?post=7047"},{"taxonomy":"product_tag","embeddable":true,"href":"https:\/\/albertmora.com\/es\/wp-json\/wp\/v2\/product_tag?post=7047"}],"curies":[{"name":"wp","href":"https:\/\/api.w.org\/{rel}","templated":true}]}}