{"id":7443,"date":"2022-01-25T20:27:21","date_gmt":"2022-01-25T19:27:21","guid":{"rendered":"https:\/\/albertmora.com\/product\/invierno-en-nueva-york\/"},"modified":"2022-01-25T20:27:21","modified_gmt":"2022-01-25T19:27:21","slug":"inviernoennuevayork","status":"publish","type":"product","link":"https:\/\/albertmora.com\/es\/producto\/inviernoennuevayork\/","title":{"rendered":"Invierno en Nueva York"},"content":{"rendered":"<h2>Tallas<\/h2>\n<p><strong>Cl\u00e1sico<\/strong><br \/>\n80&#215;60 cm (ancho x alto)<br \/>\n<strong>Grande<\/strong><br \/>\n120&#215;90 cm (ancho x alto)<br \/>\n<strong>Gigante<\/strong><br \/>\n160&#215;120 cm (ancho x alto)<\/p>\n","protected":false},"excerpt":{"rendered":"<p><strong>Nueva York, 2010<\/strong><\/p>\n<p><span class=\"ILfuVd NA6bn\"><span class=\"hgKElc\">El Puente de Brooklyn es uno de los principales s\u00edmbolos hist\u00f3ricos de Nueva York. Tambi\u00e9n es parte fundamental de la infraestructura de la ciudad, ya que cruza el East River conectando Manhattan y Brooklyn.<\/span><\/span><\/p>\n","protected":false},"featured_media":6553,"template":"","meta":[],"product_brand":[],"product_cat":[327,338,449,328],"product_tag":[],"class_list":{"0":"post-7443","1":"product","2":"type-product","3":"status-publish","4":"has-post-thumbnail","6":"product_cat-america-es","7":"product_cat-pictofotos-es","8":"product_cat-pictophotos-es","9":"product_cat-urbano","11":"first","12":"instock","13":"shipping-taxable","14":"product-type-simple"},"yoast_head":"<!-- This site is optimized with the Yoast SEO plugin v27.4 - https:\/\/yoast.com\/product\/yoast-seo-wordpress\/ -->\n<title>Invierno en Nueva York - Albert Mora. Official Website<\/title>\n<meta name=\"robots\" content=\"index, follow, max-snippet:-1, max-image-preview:large, max-video-preview:-1\" \/>\n<link rel=\"canonical\" href=\"https:\/\/albertmora.com\/es\/producto\/inviernoennuevayork\/\" \/>\n<meta property=\"og:locale\" content=\"es_ES\" \/>\n<meta property=\"og:type\" content=\"article\" \/>\n<meta property=\"og:title\" content=\"Invierno en Nueva York - Albert Mora. Official Website\" \/>\n<meta property=\"og:description\" content=\"Nueva York, 2010 El Puente de Brooklyn es uno de los principales s\u00edmbolos hist\u00f3ricos de Nueva York. Tambi\u00e9n es parte fundamental de la infraestructura de la ciudad, ya que cruza el East River conectando Manhattan y Brooklyn.\" \/>\n<meta property=\"og:url\" content=\"https:\/\/albertmora.com\/es\/producto\/inviernoennuevayork\/\" \/>\n<meta property=\"og:site_name\" content=\"Albert Mora. Official Website\" \/>\n<meta property=\"og:image\" content=\"https:\/\/albertmora.com\/wp-content\/newyork-80x60-1-scaled.jpg\" \/>\n\t<meta property=\"og:image:width\" content=\"2560\" \/>\n\t<meta property=\"og:image:height\" content=\"1910\" \/>\n\t<meta property=\"og:image:type\" content=\"image\/jpeg\" \/>\n<meta name=\"twitter:card\" content=\"summary_large_image\" \/>\n<script type=\"application\/ld+json\" class=\"yoast-schema-graph\">{\"@context\":\"https:\\\/\\\/schema.org\",\"@graph\":[{\"@type\":\"WebPage\",\"@id\":\"https:\\\/\\\/albertmora.com\\\/es\\\/producto\\\/inviernoennuevayork\\\/\",\"url\":\"https:\\\/\\\/albertmora.com\\\/es\\\/producto\\\/inviernoennuevayork\\\/\",\"name\":\"Invierno en Nueva York - Albert Mora. Official Website\",\"isPartOf\":{\"@id\":\"https:\\\/\\\/albertmora.com\\\/es\\\/#website\"},\"primaryImageOfPage\":{\"@id\":\"https:\\\/\\\/albertmora.com\\\/es\\\/producto\\\/inviernoennuevayork\\\/#primaryimage\"},\"image\":{\"@id\":\"https:\\\/\\\/albertmora.com\\\/es\\\/producto\\\/inviernoennuevayork\\\/#primaryimage\"},\"thumbnailUrl\":\"https:\\\/\\\/albertmora.com\\\/wp-content\\\/uploads\\\/newyork-80x60-1-scaled.jpg\",\"datePublished\":\"2022-01-25T19:27:21+00:00\",\"breadcrumb\":{\"@id\":\"https:\\\/\\\/albertmora.com\\\/es\\\/producto\\\/inviernoennuevayork\\\/#breadcrumb\"},\"inLanguage\":\"es\",\"potentialAction\":[{\"@type\":\"ReadAction\",\"target\":[\"https:\\\/\\\/albertmora.com\\\/es\\\/producto\\\/inviernoennuevayork\\\/\"]}]},{\"@type\":\"ImageObject\",\"inLanguage\":\"es\",\"@id\":\"https:\\\/\\\/albertmora.com\\\/es\\\/producto\\\/inviernoennuevayork\\\/#primaryimage\",\"url\":\"https:\\\/\\\/albertmora.com\\\/wp-content\\\/uploads\\\/newyork-80x60-1-scaled.jpg\",\"contentUrl\":\"https:\\\/\\\/albertmora.com\\\/wp-content\\\/uploads\\\/newyork-80x60-1-scaled.jpg\",\"width\":2560,\"height\":1910},{\"@type\":\"BreadcrumbList\",\"@id\":\"https:\\\/\\\/albertmora.com\\\/es\\\/producto\\\/inviernoennuevayork\\\/#breadcrumb\",\"itemListElement\":[{\"@type\":\"ListItem\",\"position\":1,\"name\":\"Home\",\"item\":\"https:\\\/\\\/albertmora.com\\\/es\\\/\"},{\"@type\":\"ListItem\",\"position\":2,\"name\":\"Tienda\",\"item\":\"https:\\\/\\\/albertmora.com\\\/es\\\/tienda\\\/\"},{\"@type\":\"ListItem\",\"position\":3,\"name\":\"Invierno en Nueva York\"}]},{\"@type\":\"WebSite\",\"@id\":\"https:\\\/\\\/albertmora.com\\\/es\\\/#website\",\"url\":\"https:\\\/\\\/albertmora.com\\\/es\\\/\",\"name\":\"Albert Mora. Official Website\",\"description\":\"\",\"potentialAction\":[{\"@type\":\"SearchAction\",\"target\":{\"@type\":\"EntryPoint\",\"urlTemplate\":\"https:\\\/\\\/albertmora.com\\\/es\\\/?s={search_term_string}\"},\"query-input\":{\"@type\":\"PropertyValueSpecification\",\"valueRequired\":true,\"valueName\":\"search_term_string\"}}],\"inLanguage\":\"es\"}]}<\/script>\n<!-- \/ Yoast SEO plugin. -->","yoast_head_json":{"title":"Invierno en Nueva York - Albert Mora. Official Website","robots":{"index":"index","follow":"follow","max-snippet":"max-snippet:-1","max-image-preview":"max-image-preview:large","max-video-preview":"max-video-preview:-1"},"canonical":"https:\/\/albertmora.com\/es\/producto\/inviernoennuevayork\/","og_locale":"es_ES","og_type":"article","og_title":"Invierno en Nueva York - Albert Mora. Official Website","og_description":"Nueva York, 2010 El Puente de Brooklyn es uno de los principales s\u00edmbolos hist\u00f3ricos de Nueva York. Tambi\u00e9n es parte fundamental de la infraestructura de la ciudad, ya que cruza el East River conectando Manhattan y Brooklyn.","og_url":"https:\/\/albertmora.com\/es\/producto\/inviernoennuevayork\/","og_site_name":"Albert Mora. Official Website","og_image":[{"width":2560,"height":1910,"url":"https:\/\/albertmora.com\/wp-content\/newyork-80x60-1-scaled.jpg","type":"image\/jpeg"}],"twitter_card":"summary_large_image","schema":{"@context":"https:\/\/schema.org","@graph":[{"@type":"WebPage","@id":"https:\/\/albertmora.com\/es\/producto\/inviernoennuevayork\/","url":"https:\/\/albertmora.com\/es\/producto\/inviernoennuevayork\/","name":"Invierno en Nueva York - Albert Mora. Official Website","isPartOf":{"@id":"https:\/\/albertmora.com\/es\/#website"},"primaryImageOfPage":{"@id":"https:\/\/albertmora.com\/es\/producto\/inviernoennuevayork\/#primaryimage"},"image":{"@id":"https:\/\/albertmora.com\/es\/producto\/inviernoennuevayork\/#primaryimage"},"thumbnailUrl":"https:\/\/albertmora.com\/wp-content\/uploads\/newyork-80x60-1-scaled.jpg","datePublished":"2022-01-25T19:27:21+00:00","breadcrumb":{"@id":"https:\/\/albertmora.com\/es\/producto\/inviernoennuevayork\/#breadcrumb"},"inLanguage":"es","potentialAction":[{"@type":"ReadAction","target":["https:\/\/albertmora.com\/es\/producto\/inviernoennuevayork\/"]}]},{"@type":"ImageObject","inLanguage":"es","@id":"https:\/\/albertmora.com\/es\/producto\/inviernoennuevayork\/#primaryimage","url":"https:\/\/albertmora.com\/wp-content\/uploads\/newyork-80x60-1-scaled.jpg","contentUrl":"https:\/\/albertmora.com\/wp-content\/uploads\/newyork-80x60-1-scaled.jpg","width":2560,"height":1910},{"@type":"BreadcrumbList","@id":"https:\/\/albertmora.com\/es\/producto\/inviernoennuevayork\/#breadcrumb","itemListElement":[{"@type":"ListItem","position":1,"name":"Home","item":"https:\/\/albertmora.com\/es\/"},{"@type":"ListItem","position":2,"name":"Tienda","item":"https:\/\/albertmora.com\/es\/tienda\/"},{"@type":"ListItem","position":3,"name":"Invierno en Nueva York"}]},{"@type":"WebSite","@id":"https:\/\/albertmora.com\/es\/#website","url":"https:\/\/albertmora.com\/es\/","name":"Albert Mora. Official Website","description":"","potentialAction":[{"@type":"SearchAction","target":{"@type":"EntryPoint","urlTemplate":"https:\/\/albertmora.com\/es\/?s={search_term_string}"},"query-input":{"@type":"PropertyValueSpecification","valueRequired":true,"valueName":"search_term_string"}}],"inLanguage":"es"}]}},"_links":{"self":[{"href":"https:\/\/albertmora.com\/es\/wp-json\/wp\/v2\/product\/7443","targetHints":{"allow":["GET"]}}],"collection":[{"href":"https:\/\/albertmora.com\/es\/wp-json\/wp\/v2\/product"}],"about":[{"href":"https:\/\/albertmora.com\/es\/wp-json\/wp\/v2\/types\/product"}],"wp:featuredmedia":[{"embeddable":true,"href":"https:\/\/albertmora.com\/es\/wp-json\/wp\/v2\/media\/6553"}],"wp:attachment":[{"href":"https:\/\/albertmora.com\/es\/wp-json\/wp\/v2\/media?parent=7443"}],"wp:term":[{"taxonomy":"product_brand","embeddable":true,"href":"https:\/\/albertmora.com\/es\/wp-json\/wp\/v2\/product_brand?post=7443"},{"taxonomy":"product_cat","embeddable":true,"href":"https:\/\/albertmora.com\/es\/wp-json\/wp\/v2\/product_cat?post=7443"},{"taxonomy":"product_tag","embeddable":true,"href":"https:\/\/albertmora.com\/es\/wp-json\/wp\/v2\/product_tag?post=7443"}],"curies":[{"name":"wp","href":"https:\/\/api.w.org\/{rel}","templated":true}]}}