{"id":7487,"date":"2022-01-26T12:53:32","date_gmt":"2022-01-26T11:53:32","guid":{"rendered":"https:\/\/albertmora.com\/product\/paseando-por-estocolmo\/"},"modified":"2022-01-26T12:53:32","modified_gmt":"2022-01-26T11:53:32","slug":"caminandoestocolmo","status":"publish","type":"product","link":"https:\/\/albertmora.com\/es\/producto\/caminandoestocolmo\/","title":{"rendered":"Paseando por Estocolmo"},"content":{"rendered":"<h2>Tallas<\/h2>\n<p><strong>Cl\u00e1sico<\/strong><br \/>\n80&#215;60 cm (ancho x alto)<br \/>\n<strong>Grande<\/strong><br \/>\n120&#215;90 cm (ancho x alto)<br \/>\n<strong>Gigante<\/strong><br \/>\n160&#215;120 cm (ancho x alto)<\/p>\n","protected":false},"excerpt":{"rendered":"<p><strong>Estocolmo, 2009<\/strong><\/p>\n<p>Estocolmo, la capital de Suecia, abarca 14 islas y m\u00e1s de 50 puentes en un extenso archipi\u00e9lago del Mar B\u00e1ltico. Las calles empedradas y los edificios de color ocre de Gamla Stan (el casco antiguo) albergan la Catedral Storkyrkan del siglo XIII, el Palacio Real Kungliga Slottet y el Museo Nobel.<\/p>\n","protected":false},"featured_media":7577,"template":"","meta":[],"product_brand":[],"product_cat":[341,338,449,328],"product_tag":[],"class_list":{"0":"post-7487","1":"product","2":"type-product","3":"status-publish","4":"has-post-thumbnail","6":"product_cat-europa","7":"product_cat-pictofotos-es","8":"product_cat-pictophotos-es","9":"product_cat-urbano","11":"first","12":"instock","13":"shipping-taxable","14":"product-type-simple"},"yoast_head":"<!-- This site is optimized with the Yoast SEO plugin v27.6 - https:\/\/yoast.com\/product\/yoast-seo-wordpress\/ -->\n<title>Paseando por Estocolmo - Albert Mora. Official Website<\/title>\n<meta name=\"robots\" content=\"index, follow, max-snippet:-1, max-image-preview:large, max-video-preview:-1\" \/>\n<link rel=\"canonical\" href=\"https:\/\/albertmora.com\/es\/producto\/caminandoestocolmo\/\" \/>\n<meta property=\"og:locale\" content=\"es_ES\" \/>\n<meta property=\"og:type\" content=\"article\" \/>\n<meta property=\"og:title\" content=\"Paseando por Estocolmo - Albert Mora. Official Website\" \/>\n<meta property=\"og:description\" content=\"Estocolmo, 2009 Estocolmo, la capital de Suecia, abarca 14 islas y m\u00e1s de 50 puentes en un extenso archipi\u00e9lago del Mar B\u00e1ltico. Las calles empedradas y los edificios de color ocre de Gamla Stan (el casco antiguo) albergan la Catedral Storkyrkan del siglo XIII, el Palacio Real Kungliga Slottet y el Museo Nobel.\" \/>\n<meta property=\"og:url\" content=\"https:\/\/albertmora.com\/es\/producto\/caminandoestocolmo\/\" \/>\n<meta property=\"og:site_name\" content=\"Albert Mora. Official Website\" \/>\n<meta property=\"og:image\" content=\"https:\/\/albertmora.com\/wp-content\/stockholm-2009-80x60-2.jpg\" \/>\n\t<meta property=\"og:image:width\" content=\"1200\" \/>\n\t<meta property=\"og:image:height\" content=\"900\" \/>\n\t<meta property=\"og:image:type\" content=\"image\/jpeg\" \/>\n<meta name=\"twitter:card\" content=\"summary_large_image\" \/>\n<script type=\"application\/ld+json\" class=\"yoast-schema-graph\">{\"@context\":\"https:\\\/\\\/schema.org\",\"@graph\":[{\"@type\":\"WebPage\",\"@id\":\"https:\\\/\\\/albertmora.com\\\/es\\\/producto\\\/caminandoestocolmo\\\/\",\"url\":\"https:\\\/\\\/albertmora.com\\\/es\\\/producto\\\/caminandoestocolmo\\\/\",\"name\":\"Paseando por Estocolmo - Albert Mora. Official Website\",\"isPartOf\":{\"@id\":\"https:\\\/\\\/albertmora.com\\\/es\\\/#website\"},\"primaryImageOfPage\":{\"@id\":\"https:\\\/\\\/albertmora.com\\\/es\\\/producto\\\/caminandoestocolmo\\\/#primaryimage\"},\"image\":{\"@id\":\"https:\\\/\\\/albertmora.com\\\/es\\\/producto\\\/caminandoestocolmo\\\/#primaryimage\"},\"thumbnailUrl\":\"https:\\\/\\\/albertmora.com\\\/wp-content\\\/uploads\\\/stockholm-2009-80x60-2.jpg\",\"datePublished\":\"2022-01-26T11:53:32+00:00\",\"breadcrumb\":{\"@id\":\"https:\\\/\\\/albertmora.com\\\/es\\\/producto\\\/caminandoestocolmo\\\/#breadcrumb\"},\"inLanguage\":\"es\",\"potentialAction\":[{\"@type\":\"ReadAction\",\"target\":[\"https:\\\/\\\/albertmora.com\\\/es\\\/producto\\\/caminandoestocolmo\\\/\"]}]},{\"@type\":\"ImageObject\",\"inLanguage\":\"es\",\"@id\":\"https:\\\/\\\/albertmora.com\\\/es\\\/producto\\\/caminandoestocolmo\\\/#primaryimage\",\"url\":\"https:\\\/\\\/albertmora.com\\\/wp-content\\\/uploads\\\/stockholm-2009-80x60-2.jpg\",\"contentUrl\":\"https:\\\/\\\/albertmora.com\\\/wp-content\\\/uploads\\\/stockholm-2009-80x60-2.jpg\",\"width\":1200,\"height\":900},{\"@type\":\"BreadcrumbList\",\"@id\":\"https:\\\/\\\/albertmora.com\\\/es\\\/producto\\\/caminandoestocolmo\\\/#breadcrumb\",\"itemListElement\":[{\"@type\":\"ListItem\",\"position\":1,\"name\":\"Home\",\"item\":\"https:\\\/\\\/albertmora.com\\\/es\\\/\"},{\"@type\":\"ListItem\",\"position\":2,\"name\":\"Tienda\",\"item\":\"https:\\\/\\\/albertmora.com\\\/es\\\/tienda\\\/\"},{\"@type\":\"ListItem\",\"position\":3,\"name\":\"Paseando por Estocolmo\"}]},{\"@type\":\"WebSite\",\"@id\":\"https:\\\/\\\/albertmora.com\\\/es\\\/#website\",\"url\":\"https:\\\/\\\/albertmora.com\\\/es\\\/\",\"name\":\"Albert Mora. Official Website\",\"description\":\"\",\"potentialAction\":[{\"@type\":\"SearchAction\",\"target\":{\"@type\":\"EntryPoint\",\"urlTemplate\":\"https:\\\/\\\/albertmora.com\\\/es\\\/?s={search_term_string}\"},\"query-input\":{\"@type\":\"PropertyValueSpecification\",\"valueRequired\":true,\"valueName\":\"search_term_string\"}}],\"inLanguage\":\"es\"}]}<\/script>\n<!-- \/ Yoast SEO plugin. -->","yoast_head_json":{"title":"Paseando por Estocolmo - Albert Mora. Official Website","robots":{"index":"index","follow":"follow","max-snippet":"max-snippet:-1","max-image-preview":"max-image-preview:large","max-video-preview":"max-video-preview:-1"},"canonical":"https:\/\/albertmora.com\/es\/producto\/caminandoestocolmo\/","og_locale":"es_ES","og_type":"article","og_title":"Paseando por Estocolmo - Albert Mora. Official Website","og_description":"Estocolmo, 2009 Estocolmo, la capital de Suecia, abarca 14 islas y m\u00e1s de 50 puentes en un extenso archipi\u00e9lago del Mar B\u00e1ltico. Las calles empedradas y los edificios de color ocre de Gamla Stan (el casco antiguo) albergan la Catedral Storkyrkan del siglo XIII, el Palacio Real Kungliga Slottet y el Museo Nobel.","og_url":"https:\/\/albertmora.com\/es\/producto\/caminandoestocolmo\/","og_site_name":"Albert Mora. Official Website","og_image":[{"width":1200,"height":900,"url":"https:\/\/albertmora.com\/wp-content\/stockholm-2009-80x60-2.jpg","type":"image\/jpeg"}],"twitter_card":"summary_large_image","schema":{"@context":"https:\/\/schema.org","@graph":[{"@type":"WebPage","@id":"https:\/\/albertmora.com\/es\/producto\/caminandoestocolmo\/","url":"https:\/\/albertmora.com\/es\/producto\/caminandoestocolmo\/","name":"Paseando por Estocolmo - Albert Mora. Official Website","isPartOf":{"@id":"https:\/\/albertmora.com\/es\/#website"},"primaryImageOfPage":{"@id":"https:\/\/albertmora.com\/es\/producto\/caminandoestocolmo\/#primaryimage"},"image":{"@id":"https:\/\/albertmora.com\/es\/producto\/caminandoestocolmo\/#primaryimage"},"thumbnailUrl":"https:\/\/albertmora.com\/wp-content\/uploads\/stockholm-2009-80x60-2.jpg","datePublished":"2022-01-26T11:53:32+00:00","breadcrumb":{"@id":"https:\/\/albertmora.com\/es\/producto\/caminandoestocolmo\/#breadcrumb"},"inLanguage":"es","potentialAction":[{"@type":"ReadAction","target":["https:\/\/albertmora.com\/es\/producto\/caminandoestocolmo\/"]}]},{"@type":"ImageObject","inLanguage":"es","@id":"https:\/\/albertmora.com\/es\/producto\/caminandoestocolmo\/#primaryimage","url":"https:\/\/albertmora.com\/wp-content\/uploads\/stockholm-2009-80x60-2.jpg","contentUrl":"https:\/\/albertmora.com\/wp-content\/uploads\/stockholm-2009-80x60-2.jpg","width":1200,"height":900},{"@type":"BreadcrumbList","@id":"https:\/\/albertmora.com\/es\/producto\/caminandoestocolmo\/#breadcrumb","itemListElement":[{"@type":"ListItem","position":1,"name":"Home","item":"https:\/\/albertmora.com\/es\/"},{"@type":"ListItem","position":2,"name":"Tienda","item":"https:\/\/albertmora.com\/es\/tienda\/"},{"@type":"ListItem","position":3,"name":"Paseando por Estocolmo"}]},{"@type":"WebSite","@id":"https:\/\/albertmora.com\/es\/#website","url":"https:\/\/albertmora.com\/es\/","name":"Albert Mora. Official Website","description":"","potentialAction":[{"@type":"SearchAction","target":{"@type":"EntryPoint","urlTemplate":"https:\/\/albertmora.com\/es\/?s={search_term_string}"},"query-input":{"@type":"PropertyValueSpecification","valueRequired":true,"valueName":"search_term_string"}}],"inLanguage":"es"}]}},"_links":{"self":[{"href":"https:\/\/albertmora.com\/es\/wp-json\/wp\/v2\/product\/7487","targetHints":{"allow":["GET"]}}],"collection":[{"href":"https:\/\/albertmora.com\/es\/wp-json\/wp\/v2\/product"}],"about":[{"href":"https:\/\/albertmora.com\/es\/wp-json\/wp\/v2\/types\/product"}],"wp:featuredmedia":[{"embeddable":true,"href":"https:\/\/albertmora.com\/es\/wp-json\/wp\/v2\/media\/7577"}],"wp:attachment":[{"href":"https:\/\/albertmora.com\/es\/wp-json\/wp\/v2\/media?parent=7487"}],"wp:term":[{"taxonomy":"product_brand","embeddable":true,"href":"https:\/\/albertmora.com\/es\/wp-json\/wp\/v2\/product_brand?post=7487"},{"taxonomy":"product_cat","embeddable":true,"href":"https:\/\/albertmora.com\/es\/wp-json\/wp\/v2\/product_cat?post=7487"},{"taxonomy":"product_tag","embeddable":true,"href":"https:\/\/albertmora.com\/es\/wp-json\/wp\/v2\/product_tag?post=7487"}],"curies":[{"name":"wp","href":"https:\/\/api.w.org\/{rel}","templated":true}]}}